{"id":83019,"date":"2021-02-21T20:26:39","date_gmt":"2021-02-21T20:26:39","guid":{"rendered":"https:\/\/www.autonvaraosahaku.fi\/?product=kolbenschmidt-40251600-manta"},"modified":"2021-02-21T20:26:43","modified_gmt":"2021-02-21T20:26:43","slug":"kolbenschmidt-40251600-manta","status":"publish","type":"product","link":"https:\/\/www.autonvaraosahaku.fi\/?product=kolbenschmidt-40251600-manta","title":{"rendered":"KOLBENSCHMIDT 40251600 M\u00e4nt\u00e4"},"content":{"rendered":"<p>Ruuvi-\u00d8 [mm]: 21; Pultinpituus [mm]: 53; Komponenttinumero: 63713, 63716, 63719; M\u00e4\u00e4r\u00e4: 3; Tuotantonumero: 082236; Reik\u00e4-\u00d8 [mm]: 82,51; Puristuskorkeus [mm]: 29,8; Pituus (mm): 55,98; M\u00e4nn\u00e4n ylitys [mm]: 5,7; Syvennys 1 [mm]: 4,75; Syvennysl\u00e4pimitta [mm]: 67; Vakiomitta (STD): ; TECDOC-moottorinumero: 23736; VW: PASSAT Variant 3C5,PASSAT 3C2,PASSAT CC 357; AUDI: A4 Avant 8K5, B8,A3 8P1,A3 Sportback 8PA,A4 8K2, B8,A5 8T3,A3 Cabriolet 8P7; SKODA: OCTAVIA Combi 1Z5,OCTAVIA 1Z3,SUPERB 3T4; SEAT: LEON 1P1,ALTEA 5P1,ALTEA XL 5P5, 5P8,TOLEDO III 5P2; 06H107099AE, 06H107065BK, 06H107065F, 06H107065T, 06J107065AG; M\u00e4nn\u00e4t<\/p>\n","protected":false},"excerpt":{"rendered":"<p>KOLBENSCHMIDT M\u00e4nt\u00e4 40251600 M\u00e4nn\u00e4t VW,AUDI,SKODA,PASSAT Variant 3C5,PASSAT 3C2,PASSAT CC 357,A4 Avant 8K5, B8,A3 8P1,A3 Sportback 8PA,A4 8K2, B8<\/p>\n","protected":false},"featured_media":0,"template":"","meta":{"site-sidebar-layout":"default","site-content-layout":"default","ast-global-header-display":"","ast-main-header-display":"","ast-hfb-above-header-display":"","ast-hfb-below-header-display":"","ast-hfb-mobile-header-display":"","site-post-title":"","ast-breadcrumbs-content":"","ast-featured-img":"","footer-sml-layout":"","theme-transparent-header-meta":"","adv-header-id-meta":"","stick-header-meta":"","header-above-stick-meta":"","header-main-stick-meta":"","header-below-stick-meta":""},"pwb-brand":[293],"product_cat":[434],"product_tag":[],"class_list":{"0":"post-83019","1":"product","2":"type-product","3":"status-publish","5":"pwb-brand-kolbenschmidt","6":"product_cat-manta","7":"desktop-align-left","8":"tablet-align-left","9":"mobile-align-left","11":"first","12":"instock","13":"product-type-external"},"brands":[{"id":293,"name":"KOLBENSCHMIDT","slug":"kolbenschmidt"}],"_links":{"self":[{"href":"https:\/\/www.autonvaraosahaku.fi\/index.php?rest_route=\/wp\/v2\/product\/83019","targetHints":{"allow":["GET"]}}],"collection":[{"href":"https:\/\/www.autonvaraosahaku.fi\/index.php?rest_route=\/wp\/v2\/product"}],"about":[{"href":"https:\/\/www.autonvaraosahaku.fi\/index.php?rest_route=\/wp\/v2\/types\/product"}],"wp:attachment":[{"href":"https:\/\/www.autonvaraosahaku.fi\/index.php?rest_route=%2Fwp%2Fv2%2Fmedia&parent=83019"}],"wp:term":[{"taxonomy":"pwb-brand","embeddable":true,"href":"https:\/\/www.autonvaraosahaku.fi\/index.php?rest_route=%2Fwp%2Fv2%2Fpwb-brand&post=83019"},{"taxonomy":"product_cat","embeddable":true,"href":"https:\/\/www.autonvaraosahaku.fi\/index.php?rest_route=%2Fwp%2Fv2%2Fproduct_cat&post=83019"},{"taxonomy":"product_tag","embeddable":true,"href":"https:\/\/www.autonvaraosahaku.fi\/index.php?rest_route=%2Fwp%2Fv2%2Fproduct_tag&post=83019"}],"curies":[{"name":"wp","href":"https:\/\/api.w.org\/{rel}","templated":true}]}}