{"id":83047,"date":"2021-02-21T20:26:47","date_gmt":"2021-02-21T20:26:47","guid":{"rendered":"https:\/\/www.autonvaraosahaku.fi\/?product=ridex-82b0790-jarrulevyt"},"modified":"2021-02-21T20:26:52","modified_gmt":"2021-02-21T20:26:52","slug":"ridex-82b0790-jarrulevyt","status":"publish","type":"product","link":"https:\/\/www.autonvaraosahaku.fi\/?product=ridex-82b0790-jarrulevyt","title":{"rendered":"RIDEX 82B0790 Jarrulevyt"},"content":{"rendered":"<p>L\u00e4pimitta [mm]: 262; Jarrulevyn paksuus (mm): 14; V\u00e4himm\u00e4ispaksuus (mm): 11; Jarrulevytyyppi: Vakiomalli; Py\u00f6r\u00e4nnapa-\u00d8 (mm): 66,1; Korvaava tuote\/korvaava tiedote 2: Ruuveilla; Reik\u00e4ympyr\u00e4-\u00d8 [mm]: 114,3; Korkeus (mm): 51.2; Reik\u00e4kuvio\/-m\u00e4\u00e4r\u00e4: 5\/7; Sis\u00e4l\u00e4pimitta [mm]: 140,8; Reik\u00e4-\u00d8 [mm]: 12,6; Asennuspuoli: Etuakseli; Alustanumeroon: YA 999999; LAND ROVER: FREELANDER LN,FREELANDER Soft Top; SDB100830, ANR4983, SDB100830; Jarrulevy<\/p>\n","protected":false},"excerpt":{"rendered":"<p>RIDEX Jarrulevyt 82B0790 Jarrulevy LAND ROVER,FREELANDER LN,FREELANDER Soft Top<\/p>\n","protected":false},"featured_media":0,"template":"","meta":{"site-sidebar-layout":"default","site-content-layout":"default","ast-global-header-display":"","ast-main-header-display":"","ast-hfb-above-header-display":"","ast-hfb-below-header-display":"","ast-hfb-mobile-header-display":"","site-post-title":"","ast-breadcrumbs-content":"","ast-featured-img":"","footer-sml-layout":"","theme-transparent-header-meta":"","adv-header-id-meta":"","stick-header-meta":"","header-above-stick-meta":"","header-main-stick-meta":"","header-below-stick-meta":""},"pwb-brand":[157],"product_cat":[66],"product_tag":[],"class_list":{"0":"post-83047","1":"product","2":"type-product","3":"status-publish","5":"pwb-brand-ridex","6":"product_cat-jarrulevyt","7":"desktop-align-left","8":"tablet-align-left","9":"mobile-align-left","11":"first","12":"instock","13":"product-type-external"},"brands":[{"id":157,"name":"RIDEX","slug":"ridex"}],"_links":{"self":[{"href":"https:\/\/www.autonvaraosahaku.fi\/index.php?rest_route=\/wp\/v2\/product\/83047","targetHints":{"allow":["GET"]}}],"collection":[{"href":"https:\/\/www.autonvaraosahaku.fi\/index.php?rest_route=\/wp\/v2\/product"}],"about":[{"href":"https:\/\/www.autonvaraosahaku.fi\/index.php?rest_route=\/wp\/v2\/types\/product"}],"wp:attachment":[{"href":"https:\/\/www.autonvaraosahaku.fi\/index.php?rest_route=%2Fwp%2Fv2%2Fmedia&parent=83047"}],"wp:term":[{"taxonomy":"pwb-brand","embeddable":true,"href":"https:\/\/www.autonvaraosahaku.fi\/index.php?rest_route=%2Fwp%2Fv2%2Fpwb-brand&post=83047"},{"taxonomy":"product_cat","embeddable":true,"href":"https:\/\/www.autonvaraosahaku.fi\/index.php?rest_route=%2Fwp%2Fv2%2Fproduct_cat&post=83047"},{"taxonomy":"product_tag","embeddable":true,"href":"https:\/\/www.autonvaraosahaku.fi\/index.php?rest_route=%2Fwp%2Fv2%2Fproduct_tag&post=83047"}],"curies":[{"name":"wp","href":"https:\/\/api.w.org\/{rel}","templated":true}]}}