{"id":83063,"date":"2021-02-21T20:26:54","date_gmt":"2021-02-21T20:26:54","guid":{"rendered":"https:\/\/www.autonvaraosahaku.fi\/?product=frenkit-810011-jarrusatula-korjaussarja"},"modified":"2021-02-21T20:26:58","modified_gmt":"2021-02-21T20:26:58","slug":"frenkit-810011-jarrusatula-korjaussarja","status":"publish","type":"product","link":"https:\/\/www.autonvaraosahaku.fi\/?product=frenkit-810011-jarrusatula-korjaussarja","title":{"rendered":"FRENKIT 810011 Jarrusatula korjaussarja"},"content":{"rendered":"<p>L\u00e4pimitta [mm]: 10; Asennuspuoli: Etuakseli; Jarruj\u00e4rjestelm\u00e4: Aisin\/Akeb\/Sumi\/Toyo; TOYOTA: AVENSIS _T22_,COROLLA Liftback _E11_,COROLLA Compact _E11_,AVENSIS Station Wagon _T22_,RAV 4 I SXA1_,PICNIC _XM10,MR 2 II SW2_,COROLLA Compact _E10_,CARINA E _T19_,CELICA ST20_, AT20_,COROLLA _E11_,CARINA E Stufenheck _T19_,COROLLA Wagon __E11_,CARINA E Sportswagon _T19_,RAV 4 \u00a0 SXA1_,CAMRY _CV2_, _XV2_,COROLLA Liftback _E10_,COROLLA Liftback _E9_,HIACE IV Bus LH1_,COROLLA _E10_,HIACE IV Kasten LXH1_, RZH1_, LH1_,CAMRY _CV1_, _XV1_, _V1_,HIACE III Wagon LH1_, RZH1_,HIACE IV Kasten TRH2_, KDH2_,CAMRY Station Wagon _XV1_, _CV1_, _V10,COROLLA Wagon _E10_,HIACE III Kasten YH7_, LH6_, LH7_, LH5_, YH5_, YH6_,HIACE \/ COMMUTER IV TRH2_, KDH2_,COROLLA LEVIN Coupe AE10_; Ohjainhylsysarja, Jarrusatula<\/p>\n","protected":false},"excerpt":{"rendered":"<p>FRENKIT Ohjaustappi 810011 Ohjainhylsysarja, Jarrusatula TOYOTA,AVENSIS _T22_,COROLLA Liftback _E11_,COROLLA Compact _E11_,AVENSIS Station Wagon _T22_<\/p>\n","protected":false},"featured_media":0,"template":"","meta":{"site-sidebar-layout":"default","site-content-layout":"default","ast-global-header-display":"","ast-main-header-display":"","ast-hfb-above-header-display":"","ast-hfb-below-header-display":"","ast-hfb-mobile-header-display":"","site-post-title":"","ast-breadcrumbs-content":"","ast-featured-img":"","footer-sml-layout":"","theme-transparent-header-meta":"","adv-header-id-meta":"","stick-header-meta":"","header-above-stick-meta":"","header-main-stick-meta":"","header-below-stick-meta":""},"pwb-brand":[474],"product_cat":[57],"product_tag":[],"class_list":{"0":"post-83063","1":"product","2":"type-product","3":"status-publish","5":"pwb-brand-frenkit","6":"product_cat-jarrusatula-korjaussarja","7":"desktop-align-left","8":"tablet-align-left","9":"mobile-align-left","11":"first","12":"instock","13":"product-type-external"},"brands":[{"id":474,"name":"FRENKIT","slug":"frenkit"}],"_links":{"self":[{"href":"https:\/\/www.autonvaraosahaku.fi\/index.php?rest_route=\/wp\/v2\/product\/83063","targetHints":{"allow":["GET"]}}],"collection":[{"href":"https:\/\/www.autonvaraosahaku.fi\/index.php?rest_route=\/wp\/v2\/product"}],"about":[{"href":"https:\/\/www.autonvaraosahaku.fi\/index.php?rest_route=\/wp\/v2\/types\/product"}],"wp:attachment":[{"href":"https:\/\/www.autonvaraosahaku.fi\/index.php?rest_route=%2Fwp%2Fv2%2Fmedia&parent=83063"}],"wp:term":[{"taxonomy":"pwb-brand","embeddable":true,"href":"https:\/\/www.autonvaraosahaku.fi\/index.php?rest_route=%2Fwp%2Fv2%2Fpwb-brand&post=83063"},{"taxonomy":"product_cat","embeddable":true,"href":"https:\/\/www.autonvaraosahaku.fi\/index.php?rest_route=%2Fwp%2Fv2%2Fproduct_cat&post=83063"},{"taxonomy":"product_tag","embeddable":true,"href":"https:\/\/www.autonvaraosahaku.fi\/index.php?rest_route=%2Fwp%2Fv2%2Fproduct_tag&post=83063"}],"curies":[{"name":"wp","href":"https:\/\/api.w.org\/{rel}","templated":true}]}}