{"id":83078,"date":"2021-02-21T20:27:01","date_gmt":"2021-02-21T20:27:01","guid":{"rendered":"https:\/\/www.autonvaraosahaku.fi\/?product=topran-723-536-oljytikku"},"modified":"2021-02-21T20:27:04","modified_gmt":"2021-02-21T20:27:04","slug":"topran-723-536-oljytikku","status":"publish","type":"product","link":"https:\/\/www.autonvaraosahaku.fi\/?product=topran-723-536-oljytikku","title":{"rendered":"TOPRAN 723 536 \u00d6ljytikku"},"content":{"rendered":"<p>V\u00e4ri: Oranssi; Materiaali: Muovi; Runkomateriaali: Ter\u00e4s; Lis\u00e4tarvike\/lis\u00e4tieto: Tiivisteill\u00e4; Moottorinumero: DV6DTED \/ 9H06; OPEL: CROSSLAND X,GRANDLAND X A18; CITRO\u00cbN: BERLINGO MF,BERLINGO B9,C5 III Break TD_,C4 Grand Picasso I UA_,DS3,C3 Picasso,C5 III RD_,C3 II,C4 II B7,BERLINGO Kasten B9,C4 Grand Picasso II,C4 Picasso II,DS4,DS5,C4 AIRCROSS,C-ELYSEE,C4 CACTUS,C3 III SX,C3 AIRCROSS II; PEUGEOT: 207 WA_, WC_,207 CC WD_,207 SW WK_,308 SW,208,206+ T3E,308 4A_, 4C_,5008,508 SW,3008,PARTNER Tepee,2008,508,PARTNER Kasten,308 II,4008,301,308 SW II,3008 SUV,5008 II; DS: DS 3,DS5,DS 4 \/ DS 4 CROSSBACK,DS 3 Cabriolet; VAUXHALL: CROSSLAND X,GRANDLAND X A18; 1174G6, 1174H1, 9677993580, 1174G6, 1174H1, 9677993580, 3641404, 9677993580, 1174G6, 1174H1, 9677993580, 3641404, 9677993580; \u00d6ljyn Mittatikku<\/p>\n","protected":false},"excerpt":{"rendered":"<p>TOPRAN \u00d6ljytikku 723 536 \u00d6ljyn Mittatikku OPEL,CITRO\u00cbN,PEUGEOT,CROSSLAND X,GRANDLAND X A18,BERLINGO MF,BERLINGO B9,C5 III Break TD_<\/p>\n","protected":false},"featured_media":0,"template":"","meta":{"site-sidebar-layout":"default","site-content-layout":"default","ast-global-header-display":"","ast-main-header-display":"","ast-hfb-above-header-display":"","ast-hfb-below-header-display":"","ast-hfb-mobile-header-display":"","site-post-title":"","ast-breadcrumbs-content":"","ast-featured-img":"","footer-sml-layout":"","theme-transparent-header-meta":"","adv-header-id-meta":"","stick-header-meta":"","header-above-stick-meta":"","header-main-stick-meta":"","header-below-stick-meta":""},"pwb-brand":[18],"product_cat":[71],"product_tag":[],"class_list":{"0":"post-83078","1":"product","2":"type-product","3":"status-publish","5":"pwb-brand-topran","6":"product_cat-oljytikku","7":"desktop-align-left","8":"tablet-align-left","9":"mobile-align-left","11":"first","12":"instock","13":"product-type-external"},"brands":[{"id":18,"name":"TOPRAN","slug":"topran"}],"_links":{"self":[{"href":"https:\/\/www.autonvaraosahaku.fi\/index.php?rest_route=\/wp\/v2\/product\/83078","targetHints":{"allow":["GET"]}}],"collection":[{"href":"https:\/\/www.autonvaraosahaku.fi\/index.php?rest_route=\/wp\/v2\/product"}],"about":[{"href":"https:\/\/www.autonvaraosahaku.fi\/index.php?rest_route=\/wp\/v2\/types\/product"}],"wp:attachment":[{"href":"https:\/\/www.autonvaraosahaku.fi\/index.php?rest_route=%2Fwp%2Fv2%2Fmedia&parent=83078"}],"wp:term":[{"taxonomy":"pwb-brand","embeddable":true,"href":"https:\/\/www.autonvaraosahaku.fi\/index.php?rest_route=%2Fwp%2Fv2%2Fpwb-brand&post=83078"},{"taxonomy":"product_cat","embeddable":true,"href":"https:\/\/www.autonvaraosahaku.fi\/index.php?rest_route=%2Fwp%2Fv2%2Fproduct_cat&post=83078"},{"taxonomy":"product_tag","embeddable":true,"href":"https:\/\/www.autonvaraosahaku.fi\/index.php?rest_route=%2Fwp%2Fv2%2Fproduct_tag&post=83078"}],"curies":[{"name":"wp","href":"https:\/\/api.w.org\/{rel}","templated":true}]}}