{"id":83088,"date":"2021-02-21T20:27:01","date_gmt":"2021-02-21T20:27:01","guid":{"rendered":"https:\/\/www.autonvaraosahaku.fi\/?product=hjs-82-13-4305-pakoputken-asennussarja"},"modified":"2021-02-21T20:27:08","modified_gmt":"2021-02-21T20:27:08","slug":"hjs-82-13-4305-pakoputken-asennussarja","status":"publish","type":"product","link":"https:\/\/www.autonvaraosahaku.fi\/?product=hjs-82-13-4305-pakoputken-asennussarja","title":{"rendered":"HJS 82 13 4305 Pakoputken asennussarja"},"content":{"rendered":"<p>Pakoputkisto: takavaimentimelle; L\u00e4pimitta 1 [mm]: 52; Vain jnk. yhteydess\u00e4: OE Schalld\u00e4mpfer; Varusteet: autoille ilman sport-pakettia; TECDOC-moottorinumero: 17329; MERCEDES-BENZ: E-CLASS W211,E-CLASS T-Model S211; 2114902121, 2114902221, 2114902659, 2114902759, 2114902859, 2114902959, 2114905735, 2114905935, A2114902121, A2114902221, A2114902659, A2114902759, A2114902859, A2114902959, A2114905735, A2114905935<\/p>\n","protected":false},"excerpt":{"rendered":"<p>HJS Pidike, Pakoputkisto 82 13 4305  MERCEDES-BENZ,E-CLASS W211,E-CLASS T-Model S211<\/p>\n","protected":false},"featured_media":0,"template":"","meta":{"site-sidebar-layout":"default","site-content-layout":"default","ast-global-header-display":"","ast-main-header-display":"","ast-hfb-above-header-display":"","ast-hfb-below-header-display":"","ast-hfb-mobile-header-display":"","site-post-title":"","ast-breadcrumbs-content":"","ast-featured-img":"","footer-sml-layout":"","theme-transparent-header-meta":"","adv-header-id-meta":"","stick-header-meta":"","header-above-stick-meta":"","header-main-stick-meta":"","header-below-stick-meta":""},"pwb-brand":[344],"product_cat":[101],"product_tag":[],"class_list":{"0":"post-83088","1":"product","2":"type-product","3":"status-publish","5":"pwb-brand-hjs","6":"product_cat-pakoputken-asennussarja","7":"desktop-align-left","8":"tablet-align-left","9":"mobile-align-left","11":"first","12":"instock","13":"product-type-external"},"brands":[{"id":344,"name":"HJS","slug":"hjs"}],"_links":{"self":[{"href":"https:\/\/www.autonvaraosahaku.fi\/index.php?rest_route=\/wp\/v2\/product\/83088","targetHints":{"allow":["GET"]}}],"collection":[{"href":"https:\/\/www.autonvaraosahaku.fi\/index.php?rest_route=\/wp\/v2\/product"}],"about":[{"href":"https:\/\/www.autonvaraosahaku.fi\/index.php?rest_route=\/wp\/v2\/types\/product"}],"wp:attachment":[{"href":"https:\/\/www.autonvaraosahaku.fi\/index.php?rest_route=%2Fwp%2Fv2%2Fmedia&parent=83088"}],"wp:term":[{"taxonomy":"pwb-brand","embeddable":true,"href":"https:\/\/www.autonvaraosahaku.fi\/index.php?rest_route=%2Fwp%2Fv2%2Fpwb-brand&post=83088"},{"taxonomy":"product_cat","embeddable":true,"href":"https:\/\/www.autonvaraosahaku.fi\/index.php?rest_route=%2Fwp%2Fv2%2Fproduct_cat&post=83088"},{"taxonomy":"product_tag","embeddable":true,"href":"https:\/\/www.autonvaraosahaku.fi\/index.php?rest_route=%2Fwp%2Fv2%2Fproduct_tag&post=83088"}],"curies":[{"name":"wp","href":"https:\/\/api.w.org\/{rel}","templated":true}]}}