{"id":83107,"date":"2021-02-21T20:27:09","date_gmt":"2021-02-21T20:27:09","guid":{"rendered":"https:\/\/www.autonvaraosahaku.fi\/?product=ridex-47c0012-painelaakeri"},"modified":"2021-02-21T20:27:15","modified_gmt":"2021-02-21T20:27:15","slug":"ridex-47c0012-painelaakeri","status":"publish","type":"product","link":"https:\/\/www.autonvaraosahaku.fi\/?product=ridex-47c0012-painelaakeri","title":{"rendered":"RIDEX 47C0012 Painelaakeri"},"content":{"rendered":"<p>Kiinnitysreikien lukum\u00e4\u00e4r\u00e4: 3; Kierre 1: Plug-In; Materiaali: Alumiini; K\u00e4ytt\u00f6: Hydraulinen; M\u00e4nn\u00e4n halkaisija mm: 31; Valmistaja rajaus: FTE; Asennuspuoli: Edess\u00e4; VOLVO: V50 MW,V70 III BW,C30,V60,S40 II MS,C70 II Cabriolet,S80 II AS,S60 II; JAGUAR: X-TYPE CF1,X-TYPE Estate; FORD: MONDEO III Kombi BWY,FOCUS II Kombi DA_,MONDEO IV Turnier BA7,FOCUS II DA_,S-MAX WA6,FOCUS III Turnier,FOCUS C-MAX,GALAXY WA6,KUGA I,MONDEO III B5Y,C-MAX DM2,FOCUS III,C-MAX II,MONDEO IV BA7,MONDEO III Stufenheck B4Y,KUGA II DM2,GRAND C-MAX,FOCUS II Stufenheck DA_,FOCUS II Cabriolet,FOCUS III Stufenheck,MONDEO IV Stufenheck BA7,TOURNEO CONNECT \/ GRAND TOURNEO CONNECT Kombi,TRANSIT CONNECT Kasten,GRAND C-MAX Van,C-MAX II Van,TRANSIT CONNECT Kombi,KUGA II Van; 1251311, 1417695, 1476856, 3S717A564BA, 3S717A564BB, 3S717A564BC, C2S43866, C2S43866BA, C2S48968<\/p>\n","protected":false},"excerpt":{"rendered":"<p>RIDEX Irroitusmekanismi Kytkin 47C0012  VOLVO,JAGUAR,FORD,V50 MW,V70 III BW,C30,V60,S40 II MS,C70 II Cabriolet,S80 II AS,S60 II,X-TYPE CF1<\/p>\n","protected":false},"featured_media":0,"template":"","meta":{"site-sidebar-layout":"default","site-content-layout":"default","ast-global-header-display":"","ast-main-header-display":"","ast-hfb-above-header-display":"","ast-hfb-below-header-display":"","ast-hfb-mobile-header-display":"","site-post-title":"","ast-breadcrumbs-content":"","ast-featured-img":"","footer-sml-layout":"","theme-transparent-header-meta":"","adv-header-id-meta":"","stick-header-meta":"","header-above-stick-meta":"","header-main-stick-meta":"","header-below-stick-meta":""},"pwb-brand":[157],"product_cat":[223],"product_tag":[],"class_list":{"0":"post-83107","1":"product","2":"type-product","3":"status-publish","5":"pwb-brand-ridex","6":"product_cat-painelaakeri","7":"desktop-align-left","8":"tablet-align-left","9":"mobile-align-left","11":"first","12":"instock","13":"product-type-external"},"brands":[{"id":157,"name":"RIDEX","slug":"ridex"}],"_links":{"self":[{"href":"https:\/\/www.autonvaraosahaku.fi\/index.php?rest_route=\/wp\/v2\/product\/83107","targetHints":{"allow":["GET"]}}],"collection":[{"href":"https:\/\/www.autonvaraosahaku.fi\/index.php?rest_route=\/wp\/v2\/product"}],"about":[{"href":"https:\/\/www.autonvaraosahaku.fi\/index.php?rest_route=\/wp\/v2\/types\/product"}],"wp:attachment":[{"href":"https:\/\/www.autonvaraosahaku.fi\/index.php?rest_route=%2Fwp%2Fv2%2Fmedia&parent=83107"}],"wp:term":[{"taxonomy":"pwb-brand","embeddable":true,"href":"https:\/\/www.autonvaraosahaku.fi\/index.php?rest_route=%2Fwp%2Fv2%2Fpwb-brand&post=83107"},{"taxonomy":"product_cat","embeddable":true,"href":"https:\/\/www.autonvaraosahaku.fi\/index.php?rest_route=%2Fwp%2Fv2%2Fproduct_cat&post=83107"},{"taxonomy":"product_tag","embeddable":true,"href":"https:\/\/www.autonvaraosahaku.fi\/index.php?rest_route=%2Fwp%2Fv2%2Fproduct_tag&post=83107"}],"curies":[{"name":"wp","href":"https:\/\/api.w.org\/{rel}","templated":true}]}}