{"id":83110,"date":"2021-02-21T20:27:16","date_gmt":"2021-02-21T20:27:16","guid":{"rendered":"https:\/\/www.autonvaraosahaku.fi\/?product=fa1-257-817-011-kierretulppa"},"modified":"2021-02-21T20:27:17","modified_gmt":"2021-02-21T20:27:17","slug":"fa1-257-817-011-kierretulppa","status":"publish","type":"product","link":"https:\/\/www.autonvaraosahaku.fi\/?product=fa1-257-817-011-kierretulppa","title":{"rendered":"FA1 257.817.011 Kierretulppa"},"content":{"rendered":"<p>Kierremitta: M12x1,25; Pituus (mm): 14; \u00d6ljypohjan materiaali: Aluminium; ABARTH: 500 \/ 595 312_; LANCIA: YPSILON 843,DELTA III 844,MUSA 350; ALFA ROMEO: MITO 955; FIAT: GRANDE PUNTO 199,PUNTO 188,PANDA 169,500 312,STILO 192,BRAVO II 198,PUNTO EVO 199,500 C 312,STILO Multi Wagon 192,DOBLO Kasten\/Kombi 263,PUNTO 199,IDEA,500L,DOBLO Gro\u00dfraumlimousine 152, 263,LINEA 323; 55184773; \u00d6ljytulppa,Kierretulppa, \u00d6ljypohja<\/p>\n","protected":false},"excerpt":{"rendered":"<p>FA1 Kierretulppa 257.817.011 \u00d6ljytulppa,Kierretulppa, \u00d6ljypohja ABARTH,LANCIA,ALFA ROMEO,500 \/ 595 312_,YPSILON 843,DELTA III 844,MUSA 350,MITO 955<\/p>\n","protected":false},"featured_media":0,"template":"","meta":{"site-sidebar-layout":"default","site-content-layout":"default","ast-global-header-display":"","ast-main-header-display":"","ast-hfb-above-header-display":"","ast-hfb-below-header-display":"","ast-hfb-mobile-header-display":"","site-post-title":"","ast-breadcrumbs-content":"","ast-featured-img":"","footer-sml-layout":"","theme-transparent-header-meta":"","adv-header-id-meta":"","stick-header-meta":"","header-above-stick-meta":"","header-main-stick-meta":"","header-below-stick-meta":""},"pwb-brand":[39],"product_cat":[40],"product_tag":[],"class_list":{"0":"post-83110","1":"product","2":"type-product","3":"status-publish","5":"pwb-brand-fa1","6":"product_cat-kierretulppa","7":"desktop-align-left","8":"tablet-align-left","9":"mobile-align-left","11":"first","12":"instock","13":"product-type-external"},"brands":[{"id":39,"name":"FA1","slug":"fa1"}],"_links":{"self":[{"href":"https:\/\/www.autonvaraosahaku.fi\/index.php?rest_route=\/wp\/v2\/product\/83110","targetHints":{"allow":["GET"]}}],"collection":[{"href":"https:\/\/www.autonvaraosahaku.fi\/index.php?rest_route=\/wp\/v2\/product"}],"about":[{"href":"https:\/\/www.autonvaraosahaku.fi\/index.php?rest_route=\/wp\/v2\/types\/product"}],"wp:attachment":[{"href":"https:\/\/www.autonvaraosahaku.fi\/index.php?rest_route=%2Fwp%2Fv2%2Fmedia&parent=83110"}],"wp:term":[{"taxonomy":"pwb-brand","embeddable":true,"href":"https:\/\/www.autonvaraosahaku.fi\/index.php?rest_route=%2Fwp%2Fv2%2Fpwb-brand&post=83110"},{"taxonomy":"product_cat","embeddable":true,"href":"https:\/\/www.autonvaraosahaku.fi\/index.php?rest_route=%2Fwp%2Fv2%2Fproduct_cat&post=83110"},{"taxonomy":"product_tag","embeddable":true,"href":"https:\/\/www.autonvaraosahaku.fi\/index.php?rest_route=%2Fwp%2Fv2%2Fproduct_tag&post=83110"}],"curies":[{"name":"wp","href":"https:\/\/api.w.org\/{rel}","templated":true}]}}