{"id":83112,"date":"2021-02-21T20:27:16","date_gmt":"2021-02-21T20:27:16","guid":{"rendered":"https:\/\/www.autonvaraosahaku.fi\/?product=fa1-251-976-pakosarjan-tiivisteet"},"modified":"2021-02-21T20:27:17","modified_gmt":"2021-02-21T20:27:17","slug":"fa1-251-976-pakosarjan-tiivisteet","status":"publish","type":"product","link":"https:\/\/www.autonvaraosahaku.fi\/?product=fa1-251-976-pakosarjan-tiivisteet","title":{"rendered":"FA1 251-976 Pakosarjan tiivisteet"},"content":{"rendered":"<p>Sis\u00e4l\u00e4pimitta [mm]: 76; Ulkol\u00e4pimitta [mm]: 83,5; Korkeus (mm): 6; Pakoputkisto: f\u00fcr Katalysator; JEEP: GRAND CHEROKEE III WH, WK,GRAND CHEROKEE IV WK, WK2,COMMANDER XK; MERCEDES-BENZ: M-CLASS W164,G-CLASS W463,GL-CLASS X164,G-CLASS W461,GL-CLASS X166,G-CLASS Cabrio W463; 05175669AA, 5175669AA, 05175669AA, 5175669AA, 05175669AA, 5175669AA, 0004920881, A0004920881<\/p>\n","protected":false},"excerpt":{"rendered":"<p>FA1 Tiivisterengas, Pakoputki 251-976  JEEP,MERCEDES-BENZ,GRAND CHEROKEE III WH, WK,GRAND CHEROKEE IV WK, WK2,COMMANDER XK,M-CLASS W164,G-CLASS W463<\/p>\n","protected":false},"featured_media":0,"template":"","meta":{"site-sidebar-layout":"default","site-content-layout":"default","ast-global-header-display":"","ast-main-header-display":"","ast-hfb-above-header-display":"","ast-hfb-below-header-display":"","ast-hfb-mobile-header-display":"","site-post-title":"","ast-breadcrumbs-content":"","ast-featured-img":"","footer-sml-layout":"","theme-transparent-header-meta":"","adv-header-id-meta":"","stick-header-meta":"","header-above-stick-meta":"","header-main-stick-meta":"","header-below-stick-meta":""},"pwb-brand":[39],"product_cat":[123],"product_tag":[],"class_list":{"0":"post-83112","1":"product","2":"type-product","3":"status-publish","5":"pwb-brand-fa1","6":"product_cat-pakosarjan-tiivisteet","7":"desktop-align-left","8":"tablet-align-left","9":"mobile-align-left","11":"first","12":"instock","13":"product-type-external"},"brands":[{"id":39,"name":"FA1","slug":"fa1"}],"_links":{"self":[{"href":"https:\/\/www.autonvaraosahaku.fi\/index.php?rest_route=\/wp\/v2\/product\/83112","targetHints":{"allow":["GET"]}}],"collection":[{"href":"https:\/\/www.autonvaraosahaku.fi\/index.php?rest_route=\/wp\/v2\/product"}],"about":[{"href":"https:\/\/www.autonvaraosahaku.fi\/index.php?rest_route=\/wp\/v2\/types\/product"}],"wp:attachment":[{"href":"https:\/\/www.autonvaraosahaku.fi\/index.php?rest_route=%2Fwp%2Fv2%2Fmedia&parent=83112"}],"wp:term":[{"taxonomy":"pwb-brand","embeddable":true,"href":"https:\/\/www.autonvaraosahaku.fi\/index.php?rest_route=%2Fwp%2Fv2%2Fpwb-brand&post=83112"},{"taxonomy":"product_cat","embeddable":true,"href":"https:\/\/www.autonvaraosahaku.fi\/index.php?rest_route=%2Fwp%2Fv2%2Fproduct_cat&post=83112"},{"taxonomy":"product_tag","embeddable":true,"href":"https:\/\/www.autonvaraosahaku.fi\/index.php?rest_route=%2Fwp%2Fv2%2Fproduct_tag&post=83112"}],"curies":[{"name":"wp","href":"https:\/\/api.w.org\/{rel}","templated":true}]}}