{"id":83125,"date":"2021-02-21T20:27:16","date_gmt":"2021-02-21T20:27:16","guid":{"rendered":"https:\/\/www.autonvaraosahaku.fi\/?product=metelli-23-0992c-jarrulevyt"},"modified":"2021-02-21T20:27:21","modified_gmt":"2021-02-21T20:27:21","slug":"metelli-23-0992c-jarrulevyt","status":"publish","type":"product","link":"https:\/\/www.autonvaraosahaku.fi\/?product=metelli-23-0992c-jarrulevyt","title":{"rendered":"METELLI 23-0992C Jarrulevyt"},"content":{"rendered":"<p>T\u00e4ytt\u00e4\u00e4 ECE-normin: Approved; Reikien m\u00e4\u00e4r\u00e4: 5; V\u00e4himm\u00e4ispaksuus (mm): 9,0; Korkeus (mm): 41,0; Reik\u00e4ympyr\u00e4-\u00d8 [mm]: 63,5; Jarrulevyn paksuus (mm): 11,0; Pinta: Lakattu; Ulkol\u00e4pimitta [mm]: 302,0; Jarrulevytyyppi: Vakiomalli; Tarkistuskilpi: ECE R90 APPROVED; Varusteet: f\u00fcr Fahrzeuge mit elektrischer Feststellbremse; VOLVO: V70 III BW,V60,XC70 II,S80 II AS,S60 II; 30769059; Jarrulevy<\/p>\n","protected":false},"excerpt":{"rendered":"<p>METELLI Jarrulevyt 23-0992C Jarrulevy VOLVO,V70 III BW,V60,XC70 II,S80 II AS,S60 II<\/p>\n","protected":false},"featured_media":0,"template":"","meta":{"site-sidebar-layout":"default","site-content-layout":"default","ast-global-header-display":"","ast-main-header-display":"","ast-hfb-above-header-display":"","ast-hfb-below-header-display":"","ast-hfb-mobile-header-display":"","site-post-title":"","ast-breadcrumbs-content":"","ast-featured-img":"","footer-sml-layout":"","theme-transparent-header-meta":"","adv-header-id-meta":"","stick-header-meta":"","header-above-stick-meta":"","header-main-stick-meta":"","header-below-stick-meta":""},"pwb-brand":[251],"product_cat":[66],"product_tag":[],"class_list":{"0":"post-83125","1":"product","2":"type-product","3":"status-publish","5":"pwb-brand-metelli","6":"product_cat-jarrulevyt","7":"desktop-align-left","8":"tablet-align-left","9":"mobile-align-left","11":"first","12":"instock","13":"product-type-external"},"brands":[{"id":251,"name":"METELLI","slug":"metelli"}],"_links":{"self":[{"href":"https:\/\/www.autonvaraosahaku.fi\/index.php?rest_route=\/wp\/v2\/product\/83125","targetHints":{"allow":["GET"]}}],"collection":[{"href":"https:\/\/www.autonvaraosahaku.fi\/index.php?rest_route=\/wp\/v2\/product"}],"about":[{"href":"https:\/\/www.autonvaraosahaku.fi\/index.php?rest_route=\/wp\/v2\/types\/product"}],"wp:attachment":[{"href":"https:\/\/www.autonvaraosahaku.fi\/index.php?rest_route=%2Fwp%2Fv2%2Fmedia&parent=83125"}],"wp:term":[{"taxonomy":"pwb-brand","embeddable":true,"href":"https:\/\/www.autonvaraosahaku.fi\/index.php?rest_route=%2Fwp%2Fv2%2Fpwb-brand&post=83125"},{"taxonomy":"product_cat","embeddable":true,"href":"https:\/\/www.autonvaraosahaku.fi\/index.php?rest_route=%2Fwp%2Fv2%2Fproduct_cat&post=83125"},{"taxonomy":"product_tag","embeddable":true,"href":"https:\/\/www.autonvaraosahaku.fi\/index.php?rest_route=%2Fwp%2Fv2%2Fproduct_tag&post=83125"}],"curies":[{"name":"wp","href":"https:\/\/api.w.org\/{rel}","templated":true}]}}