{"id":83135,"date":"2021-02-21T20:27:24","date_gmt":"2021-02-21T20:27:24","guid":{"rendered":"https:\/\/www.autonvaraosahaku.fi\/?product=hella-1eb-012-034-011-ajovaloumpio"},"modified":"2021-02-21T20:27:26","modified_gmt":"2021-02-21T20:27:26","slug":"hella-1eb-012-034-011-ajovaloumpio","status":"publish","type":"product","link":"https:\/\/www.autonvaraosahaku.fi\/?product=hella-1eb-012-034-011-ajovaloumpio","title":{"rendered":"HELLA 1EB 012 034-011 Ajovaloumpio"},"content":{"rendered":"<p>Asennuspuoli: Vasen; Korvaava tuote\/korvaava tiedote 2: polttimoilla, Valokorkeuss\u00e4\u00e4timen moottorilla; Lyhdyn muoto: FF, Halogeeni; Tarkistuskilpi: E8 6879, ECE; Nimellisj\u00e4nnite (V): 12; Lyhtytoimintojen m\u00e4\u00e4r\u00e4: 4; PR-numerolle: 8IG,2JG,2JH,2JD; Lamppumalli: H7\/H7, W5W, WY21W; Valotoiminto: puolivalolla, vilkkuvalolla, kaukovalolla, pys\u00e4k\u00f6intivalolla; Vasen \/ oikea liikenne: Oikeanpuoleiselle liikenteelle; Ei varustelumuunnoksille: GTI; parilliset tuotenumerot: 1EB 012 034-021; Valmistusvuosi alkaen: 05\/2014; VW: POLO 6R, 6C,POLO Van 6R; 6C1941005, 6C1941005B; Ajovalot,Etuvalot,Ajovalo<\/p>\n","protected":false},"excerpt":{"rendered":"<p>HELLA Ajovaloumpio 1EB 012 034-011 Ajovalot,Etuvalot VW,POLO 6R, 6C,POLO Van 6R<\/p>\n","protected":false},"featured_media":0,"template":"","meta":{"site-sidebar-layout":"default","site-content-layout":"default","ast-global-header-display":"","ast-main-header-display":"","ast-hfb-above-header-display":"","ast-hfb-below-header-display":"","ast-hfb-mobile-header-display":"","site-post-title":"","ast-breadcrumbs-content":"","ast-featured-img":"","footer-sml-layout":"","theme-transparent-header-meta":"","adv-header-id-meta":"","stick-header-meta":"","header-above-stick-meta":"","header-main-stick-meta":"","header-below-stick-meta":""},"pwb-brand":[24],"product_cat":[185],"product_tag":[],"class_list":{"0":"post-83135","1":"product","2":"type-product","3":"status-publish","5":"pwb-brand-hella","6":"product_cat-ajovaloumpio","7":"desktop-align-left","8":"tablet-align-left","9":"mobile-align-left","11":"first","12":"instock","13":"product-type-external"},"brands":[{"id":24,"name":"HELLA","slug":"hella"}],"_links":{"self":[{"href":"https:\/\/www.autonvaraosahaku.fi\/index.php?rest_route=\/wp\/v2\/product\/83135","targetHints":{"allow":["GET"]}}],"collection":[{"href":"https:\/\/www.autonvaraosahaku.fi\/index.php?rest_route=\/wp\/v2\/product"}],"about":[{"href":"https:\/\/www.autonvaraosahaku.fi\/index.php?rest_route=\/wp\/v2\/types\/product"}],"wp:attachment":[{"href":"https:\/\/www.autonvaraosahaku.fi\/index.php?rest_route=%2Fwp%2Fv2%2Fmedia&parent=83135"}],"wp:term":[{"taxonomy":"pwb-brand","embeddable":true,"href":"https:\/\/www.autonvaraosahaku.fi\/index.php?rest_route=%2Fwp%2Fv2%2Fpwb-brand&post=83135"},{"taxonomy":"product_cat","embeddable":true,"href":"https:\/\/www.autonvaraosahaku.fi\/index.php?rest_route=%2Fwp%2Fv2%2Fproduct_cat&post=83135"},{"taxonomy":"product_tag","embeddable":true,"href":"https:\/\/www.autonvaraosahaku.fi\/index.php?rest_route=%2Fwp%2Fv2%2Fproduct_tag&post=83135"}],"curies":[{"name":"wp","href":"https:\/\/api.w.org\/{rel}","templated":true}]}}