{"id":83163,"date":"2021-02-21T20:27:32","date_gmt":"2021-02-21T20:27:32","guid":{"rendered":"https:\/\/www.autonvaraosahaku.fi\/?product=luk-623-3553-09-kytkinpaketti"},"modified":"2021-02-21T20:27:36","modified_gmt":"2021-02-21T20:27:36","slug":"luk-623-3553-09-kytkinpaketti","status":"publish","type":"product","link":"https:\/\/www.autonvaraosahaku.fi\/?product=luk-623-3553-09-kytkinpaketti","title":{"rendered":"LuK 623 3553 09 Kytkinpaketti"},"content":{"rendered":"<p>L\u00e4pimitta [mm]: 230; Lis\u00e4tarvike\/lis\u00e4tieto: Painelevyll\u00e4; Korvaava tuote\/korvaava tiedote 2: Kytkinlevyll\u00e4, ilman irroitinlaakeria, Tarkasta 2-massavauhtipy\u00f6r\u00e4 ja uusi tarvitaessa.; Moottorimalli: Moottoreihin, joissa kaksoismassa vauhtipy\u00f6r\u00e4; Tuotelinja: BR 0222; Vaihteistomalli: Schaltgetriebe 6 Gang; NISSAN: QASHQAI \/ QASHQAI +2 J10, JJ10,NOTE E11,JUKE F15,NV200 EVALIA,TIIDA Schr\u00e4gheck,NV200 Kasten,CUBE Z12,TIIDA Stufenheck SC11X,QASHQAI J11, J11_,PULSAR Schr\u00e4gheck C13; MERCEDES-BENZ: CITAN Kasten 415,CITAN Kombi 415,CITAN Mixto 415; DACIA: DUSTER,LODGY,DOKKER,DOKKER Express,DUSTER Kasten; RENAULT: CLIO III BR0\/1, CR0\/1,SC\u00c9NIC II JM0\/1_,MEGANE III Grandtour KZ0\/1,MODUS \/ GRAND MODUS F\/JP0_,MEGANE II Kombi KM0\/1_,MEGANE II Coup\u00e9-Cabriolet EM0\/1_,SC\u00c9NIC III JZ0\/1_,LAGUNA III Grandtour KT0\/1,CLIO IV,MEGANE III Schr\u00e4gheck BZ0_,MEGANE II BM0\/1_, CM0\/1_,GRAND SC\u00c9NIC III JZ0\/1_,MEGANE III Coupe DZ0\/1_,KANGOO \/ GRAND KANGOO KW0\/1_,CLIO Grandtour KR0\/1_,GRAND SC\u00c9NIC II JM0\/1_,CAPTUR,LAGUNA III BT0\/1,KANGOO Express FW0\/1_,MEGANE II Stufenheck LM0\/1_,CLIO Grandtour IV,KANGOO BE BOP KW0\/1_,MEGANE CC EZ0\/1_,LAGUNA Coupe DT0\/1,FLUENCE L30_,LATITUDE L70_,CLIO III Kasten SB_, SR_,DUSTER,KADJAR,MEGANE IV B9A\/M_,MEGANE IV Grandtour K9A\/M_,TALISMAN Grandtour KP_,TALISMAN,GRAND SC\u00c9NIC IV R9_,SC\u00c9NIC IV J9_,MEGANE II Kasten\/Kombi KM_,MEGANE IV Stufenheck,MEGANE II Hatchback Van KM0\/2_; 4152500400, 4152500401, A4152500400, A4152500401, 2335400QAF, 2335400QAL, 301010007R, 301013644R, 301016948R, 302101572R, 302103451R, 302107571R, C021000QAB, C021000QAE, 301010007R, 301013644R, 301014116R, 301016948R, 302051364R, 302051674R, 302052316R, 302052561R, 302053062R, 302053931R, 302056060R, 302056172R, 302057505R, 302107571R, 7701476804, 7701479062, 8200450217, 8200889320; Kytkinsarja<\/p>\n","protected":false},"excerpt":{"rendered":"<p>LuK Kytkinpaketti 623 3553 09 Kytkinsarja NISSAN,MERCEDES-BENZ,DACIA,QASHQAI \/ QASHQAI +2 J10, JJ10,NOTE E11,JUKE F15,NV200 EVALIA,TIIDA Schr\u00e4gheck<\/p>\n","protected":false},"featured_media":0,"template":"","meta":{"site-sidebar-layout":"default","site-content-layout":"default","ast-global-header-display":"","ast-main-header-display":"","ast-hfb-above-header-display":"","ast-hfb-below-header-display":"","ast-hfb-mobile-header-display":"","site-post-title":"","ast-breadcrumbs-content":"","ast-featured-img":"","footer-sml-layout":"","theme-transparent-header-meta":"","adv-header-id-meta":"","stick-header-meta":"","header-above-stick-meta":"","header-main-stick-meta":"","header-below-stick-meta":""},"pwb-brand":[20],"product_cat":[21],"product_tag":[],"class_list":{"0":"post-83163","1":"product","2":"type-product","3":"status-publish","5":"pwb-brand-luk","6":"product_cat-kytkinpaketti","7":"desktop-align-left","8":"tablet-align-left","9":"mobile-align-left","11":"first","12":"instock","13":"product-type-external"},"brands":[{"id":20,"name":"LuK","slug":"luk"}],"_links":{"self":[{"href":"https:\/\/www.autonvaraosahaku.fi\/index.php?rest_route=\/wp\/v2\/product\/83163","targetHints":{"allow":["GET"]}}],"collection":[{"href":"https:\/\/www.autonvaraosahaku.fi\/index.php?rest_route=\/wp\/v2\/product"}],"about":[{"href":"https:\/\/www.autonvaraosahaku.fi\/index.php?rest_route=\/wp\/v2\/types\/product"}],"wp:attachment":[{"href":"https:\/\/www.autonvaraosahaku.fi\/index.php?rest_route=%2Fwp%2Fv2%2Fmedia&parent=83163"}],"wp:term":[{"taxonomy":"pwb-brand","embeddable":true,"href":"https:\/\/www.autonvaraosahaku.fi\/index.php?rest_route=%2Fwp%2Fv2%2Fpwb-brand&post=83163"},{"taxonomy":"product_cat","embeddable":true,"href":"https:\/\/www.autonvaraosahaku.fi\/index.php?rest_route=%2Fwp%2Fv2%2Fproduct_cat&post=83163"},{"taxonomy":"product_tag","embeddable":true,"href":"https:\/\/www.autonvaraosahaku.fi\/index.php?rest_route=%2Fwp%2Fv2%2Fproduct_tag&post=83163"}],"curies":[{"name":"wp","href":"https:\/\/api.w.org\/{rel}","templated":true}]}}