{"id":83171,"date":"2021-02-21T20:27:39","date_gmt":"2021-02-21T20:27:39","guid":{"rendered":"https:\/\/www.autonvaraosahaku.fi\/?product=valeo-046622-ajovaloumpio"},"modified":"2021-02-21T20:27:40","modified_gmt":"2021-02-21T20:27:40","slug":"valeo-046622-ajovaloumpio","status":"publish","type":"product","link":"https:\/\/www.autonvaraosahaku.fi\/?product=valeo-046622-ajovaloumpio","title":{"rendered":"VALEO 046622 Ajovaloumpio"},"content":{"rendered":"<p>Vasen \/ oikea liikenne: Oikeanpuoleiselle liikenteelle; Asennuspuoli: Vasen; Korvaava tuote\/korvaava tiedote 2: ilman valokorkeuss\u00e4\u00e4timen moottoria; Valotoiminto: puolivalolla, kaukovalolla, p\u00e4\u00e4valonheittimell\u00e4; Lyhdyn muoto: Halogeeni; Lis\u00e4tarvike\/lis\u00e4tieto: Ilman polttimoa; Paino [kg]: 4,63; lis\u00e4tieto: ORIGINAL PART; Oviluku: 4; VW: PASSAT Variant 3G5,PASSAT 3G2,PASSAT ALLTRACK 3G5; 3G1941005, 3G1941005A, 3G1941005B, 3G1941005C, 3G1941029; Ajovalot,Etuvalot,Ajovalo<\/p>\n","protected":false},"excerpt":{"rendered":"<p>VALEO Ajovaloumpio 046622 Ajovalot,Etuvalot VW,PASSAT Variant 3G5,PASSAT 3G2,PASSAT ALLTRACK 3G5<\/p>\n","protected":false},"featured_media":0,"template":"","meta":{"site-sidebar-layout":"default","site-content-layout":"default","ast-global-header-display":"","ast-main-header-display":"","ast-hfb-above-header-display":"","ast-hfb-below-header-display":"","ast-hfb-mobile-header-display":"","site-post-title":"","ast-breadcrumbs-content":"","ast-featured-img":"","footer-sml-layout":"","theme-transparent-header-meta":"","adv-header-id-meta":"","stick-header-meta":"","header-above-stick-meta":"","header-main-stick-meta":"","header-below-stick-meta":""},"pwb-brand":[28],"product_cat":[185],"product_tag":[],"class_list":{"0":"post-83171","1":"product","2":"type-product","3":"status-publish","5":"pwb-brand-valeo","6":"product_cat-ajovaloumpio","7":"desktop-align-left","8":"tablet-align-left","9":"mobile-align-left","11":"first","12":"instock","13":"product-type-external"},"brands":[{"id":28,"name":"VALEO","slug":"valeo"}],"_links":{"self":[{"href":"https:\/\/www.autonvaraosahaku.fi\/index.php?rest_route=\/wp\/v2\/product\/83171","targetHints":{"allow":["GET"]}}],"collection":[{"href":"https:\/\/www.autonvaraosahaku.fi\/index.php?rest_route=\/wp\/v2\/product"}],"about":[{"href":"https:\/\/www.autonvaraosahaku.fi\/index.php?rest_route=\/wp\/v2\/types\/product"}],"wp:attachment":[{"href":"https:\/\/www.autonvaraosahaku.fi\/index.php?rest_route=%2Fwp%2Fv2%2Fmedia&parent=83171"}],"wp:term":[{"taxonomy":"pwb-brand","embeddable":true,"href":"https:\/\/www.autonvaraosahaku.fi\/index.php?rest_route=%2Fwp%2Fv2%2Fpwb-brand&post=83171"},{"taxonomy":"product_cat","embeddable":true,"href":"https:\/\/www.autonvaraosahaku.fi\/index.php?rest_route=%2Fwp%2Fv2%2Fproduct_cat&post=83171"},{"taxonomy":"product_tag","embeddable":true,"href":"https:\/\/www.autonvaraosahaku.fi\/index.php?rest_route=%2Fwp%2Fv2%2Fproduct_tag&post=83171"}],"curies":[{"name":"wp","href":"https:\/\/api.w.org\/{rel}","templated":true}]}}