{"id":83182,"date":"2021-02-21T20:27:39","date_gmt":"2021-02-21T20:27:39","guid":{"rendered":"https:\/\/www.autonvaraosahaku.fi\/?product=autofren-seinsa-d41188c-jarrusatula-korjaussarja"},"modified":"2021-02-21T20:27:43","modified_gmt":"2021-02-21T20:27:43","slug":"autofren-seinsa-d41188c-jarrusatula-korjaussarja","status":"publish","type":"product","link":"https:\/\/www.autonvaraosahaku.fi\/?product=autofren-seinsa-d41188c-jarrusatula-korjaussarja","title":{"rendered":"AUTOFREN SEINSA D41188C Jarrusatula korjaussarja"},"content":{"rendered":"<p>Asennuspuoli: Etuakseli; L\u00e4pimitta [mm]: 57; Jarruj\u00e4rjestelm\u00e4: ATE; T\u00e4yssarja: ; OE-numerolle: 34111151581; BMW: 5 E28,6 E24,7 E23; VOLVO: V70 I LV,850 Kombi LW,XC70 CROSS COUNTRY,C70 I Cabriolet,C70 I Coupe,850 LS,S70 LS; SAAB: 9000 Schr\u00e4gheck,9000; ALFA ROMEO: 166 936; PEUGEOT: 605 6B; 34111151581, 34111151582, 34111151583, 34111151584, 34111154039, 34111154040, 34111154041, 34111154042, 34111154259, 34111154260, 34111154607, 34111154608, 34111154609, 34111154610, 34111154867, 34111154868, 34111156137, 34111156138, 34111157113, 34111157114, 34111157123, 34111157124, 34111157487, 34111157488, 34111157489, 34111157490, 34111160369, 34111160370, 34111160373, 34111160374, 4400A9, 4400C1, 4543765, 4543773, 7895303, 7895311, 8828980, 8828998, 8968927, 8968935, 8968943, 8968950, 3516840, 35168400, 3516841, 35168418, 5003811, 5003812, 8111101, 81111015, 8111102, 81111023, 8602344, 86023447, 8602345, 8602457, 8602458, 8602498, 8602499, 9142039, 9142040, 9157434, 9157435, 9173299, 9173300, 9200131, 9200132, 9485265, 9485266; Korjaussarja, Jarrusatula<\/p>\n","protected":false},"excerpt":{"rendered":"<p>AUTOFREN SEINSA Jarrusatula Korjaussarja D41188C Korjaussarja, Jarrusatula BMW,VOLVO,SAAB,5 E28,6 E24,7 E23,V70 I LV,850 Kombi LW,XC70 CROSS COUNTRY<\/p>\n","protected":false},"featured_media":0,"template":"","meta":{"site-sidebar-layout":"default","site-content-layout":"default","ast-global-header-display":"","ast-main-header-display":"","ast-hfb-above-header-display":"","ast-hfb-below-header-display":"","ast-hfb-mobile-header-display":"","site-post-title":"","ast-breadcrumbs-content":"","ast-featured-img":"","footer-sml-layout":"","theme-transparent-header-meta":"","adv-header-id-meta":"","stick-header-meta":"","header-above-stick-meta":"","header-main-stick-meta":"","header-below-stick-meta":""},"pwb-brand":[243],"product_cat":[57],"product_tag":[],"class_list":{"0":"post-83182","1":"product","2":"type-product","3":"status-publish","5":"pwb-brand-autofren-seinsa","6":"product_cat-jarrusatula-korjaussarja","7":"desktop-align-left","8":"tablet-align-left","9":"mobile-align-left","11":"first","12":"instock","13":"product-type-external"},"brands":[{"id":243,"name":"AUTOFREN SEINSA","slug":"autofren-seinsa"}],"_links":{"self":[{"href":"https:\/\/www.autonvaraosahaku.fi\/index.php?rest_route=\/wp\/v2\/product\/83182","targetHints":{"allow":["GET"]}}],"collection":[{"href":"https:\/\/www.autonvaraosahaku.fi\/index.php?rest_route=\/wp\/v2\/product"}],"about":[{"href":"https:\/\/www.autonvaraosahaku.fi\/index.php?rest_route=\/wp\/v2\/types\/product"}],"wp:attachment":[{"href":"https:\/\/www.autonvaraosahaku.fi\/index.php?rest_route=%2Fwp%2Fv2%2Fmedia&parent=83182"}],"wp:term":[{"taxonomy":"pwb-brand","embeddable":true,"href":"https:\/\/www.autonvaraosahaku.fi\/index.php?rest_route=%2Fwp%2Fv2%2Fpwb-brand&post=83182"},{"taxonomy":"product_cat","embeddable":true,"href":"https:\/\/www.autonvaraosahaku.fi\/index.php?rest_route=%2Fwp%2Fv2%2Fproduct_cat&post=83182"},{"taxonomy":"product_tag","embeddable":true,"href":"https:\/\/www.autonvaraosahaku.fi\/index.php?rest_route=%2Fwp%2Fv2%2Fproduct_tag&post=83182"}],"curies":[{"name":"wp","href":"https:\/\/api.w.org\/{rel}","templated":true}]}}