{"id":83193,"date":"2021-02-21T20:27:46","date_gmt":"2021-02-21T20:27:46","guid":{"rendered":"https:\/\/www.autonvaraosahaku.fi\/?product=sachs-2294-001-750-vauhtipyora"},"modified":"2021-02-21T20:27:48","modified_gmt":"2021-02-21T20:27:48","slug":"sachs-2294-001-750-vauhtipyora","status":"publish","type":"product","link":"https:\/\/www.autonvaraosahaku.fi\/?product=sachs-2294-001-750-vauhtipyora","title":{"rendered":"SACHS 2294 001 750 Vauhtipy\u00f6r\u00e4"},"content":{"rendered":"<p>L\u00e4pimitta [mm]: 240; lis\u00e4tieto: Zwei-Massen-Schwungrad; Vaihteistomalli: Schaltgetriebe 6 Gang; VW: TRANSPORTER V Bus 7HB, 7HJ, 7EB, 7EJ, 7EF,MULTIVAN V 7HM, 7HN, 7HF, 7EF, 7EM, 7EN,TRANSPORTER V Kasten 7HA, 7HH, 7EA, 7EH,TRANSPORTER V Pritsche\/Fahrgestell 7JD, 7JE, 7JL, 7JY, 7JZ,; 070105266G, 070105266H, 070105266P, 070105266Q<\/p>\n","protected":false},"excerpt":{"rendered":"<p>SACHS Vauhtipy\u00f6r\u00e4 2294 001 750  VW,TRANSPORTER V Bus 7HB, 7HJ, 7EB, 7EJ, 7EF,MULTIVAN V 7HM, 7HN, 7HF, 7EF, 7EM, 7EN<\/p>\n","protected":false},"featured_media":0,"template":"","meta":{"site-sidebar-layout":"default","site-content-layout":"default","ast-global-header-display":"","ast-main-header-display":"","ast-hfb-above-header-display":"","ast-hfb-below-header-display":"","ast-hfb-mobile-header-display":"","site-post-title":"","ast-breadcrumbs-content":"","ast-featured-img":"","footer-sml-layout":"","theme-transparent-header-meta":"","adv-header-id-meta":"","stick-header-meta":"","header-above-stick-meta":"","header-main-stick-meta":"","header-below-stick-meta":""},"pwb-brand":[91],"product_cat":[68],"product_tag":[],"class_list":{"0":"post-83193","1":"product","2":"type-product","3":"status-publish","5":"pwb-brand-sachs","6":"product_cat-vauhtipyora","7":"desktop-align-left","8":"tablet-align-left","9":"mobile-align-left","11":"first","12":"instock","13":"product-type-external"},"brands":[{"id":91,"name":"SACHS","slug":"sachs"}],"_links":{"self":[{"href":"https:\/\/www.autonvaraosahaku.fi\/index.php?rest_route=\/wp\/v2\/product\/83193","targetHints":{"allow":["GET"]}}],"collection":[{"href":"https:\/\/www.autonvaraosahaku.fi\/index.php?rest_route=\/wp\/v2\/product"}],"about":[{"href":"https:\/\/www.autonvaraosahaku.fi\/index.php?rest_route=\/wp\/v2\/types\/product"}],"wp:attachment":[{"href":"https:\/\/www.autonvaraosahaku.fi\/index.php?rest_route=%2Fwp%2Fv2%2Fmedia&parent=83193"}],"wp:term":[{"taxonomy":"pwb-brand","embeddable":true,"href":"https:\/\/www.autonvaraosahaku.fi\/index.php?rest_route=%2Fwp%2Fv2%2Fpwb-brand&post=83193"},{"taxonomy":"product_cat","embeddable":true,"href":"https:\/\/www.autonvaraosahaku.fi\/index.php?rest_route=%2Fwp%2Fv2%2Fproduct_cat&post=83193"},{"taxonomy":"product_tag","embeddable":true,"href":"https:\/\/www.autonvaraosahaku.fi\/index.php?rest_route=%2Fwp%2Fv2%2Fproduct_tag&post=83193"}],"curies":[{"name":"wp","href":"https:\/\/api.w.org\/{rel}","templated":true}]}}