{"id":8320,"date":"2021-02-21T14:02:44","date_gmt":"2021-02-21T14:02:44","guid":{"rendered":"https:\/\/www.autonvaraosahaku.fi\/?product=nrf-34056-lammityslaitteen-puhallin"},"modified":"2021-02-21T14:02:44","modified_gmt":"2021-02-21T14:02:44","slug":"nrf-34056-lammityslaitteen-puhallin","status":"publish","type":"product","link":"https:\/\/www.autonvaraosahaku.fi\/?product=nrf-34056-lammityslaitteen-puhallin","title":{"rendered":"NRF 34056 L\u00e4mmityslaitteen puhallin"},"content":{"rendered":"<p>Py\u00f6rimissuunta: Py\u00f6rimissuunta my\u00f6t\u00e4p\u00e4iv\u00e4\u00e4n; J\u00e4nnite (V): 12; Nimellisteho (W): 240; L\u00e4pimitta 1\/l\u00e4pimitta 2 [mm]: 147; Virta (A): 20; Puhallinsiipen lukum\u00e4\u00e4r\u00e4: 47; Lis\u00e4tarvike\/lis\u00e4tieto: ilman integroitua s\u00e4\u00e4dint\u00e4; Muoto: suorakulmainen (rectangular); Valmistusvuosi alkaen: 10\/1999; RENAULT: SC\u00c9NIC I JA0\/1_; 7701048387; Sis\u00e4tilan Puhallin,Sis\u00e4tilapuhallin<\/p>\n","protected":false},"excerpt":{"rendered":"<p>NRF L\u00e4mmityslaitteen Puhallin 34056 Sis\u00e4tilan Puhallin,Sis\u00e4tilapuhallin RENAULT,SC\u00c9NIC I JA0\/1_<\/p>\n","protected":false},"featured_media":0,"template":"","meta":{"site-sidebar-layout":"default","site-content-layout":"default","ast-global-header-display":"","ast-main-header-display":"","ast-hfb-above-header-display":"","ast-hfb-below-header-display":"","ast-hfb-mobile-header-display":"","site-post-title":"","ast-breadcrumbs-content":"","ast-featured-img":"","footer-sml-layout":"","theme-transparent-header-meta":"","adv-header-id-meta":"","stick-header-meta":"","header-above-stick-meta":"","header-main-stick-meta":"","header-below-stick-meta":""},"pwb-brand":[85],"product_cat":[86],"product_tag":[],"class_list":{"0":"post-8320","1":"product","2":"type-product","3":"status-publish","5":"pwb-brand-nrf","6":"product_cat-lammityslaitteen-puhallin","7":"desktop-align-left","8":"tablet-align-left","9":"mobile-align-left","11":"first","12":"instock","13":"product-type-external"},"brands":[{"id":85,"name":"NRF","slug":"nrf"}],"_links":{"self":[{"href":"https:\/\/www.autonvaraosahaku.fi\/index.php?rest_route=\/wp\/v2\/product\/8320","targetHints":{"allow":["GET"]}}],"collection":[{"href":"https:\/\/www.autonvaraosahaku.fi\/index.php?rest_route=\/wp\/v2\/product"}],"about":[{"href":"https:\/\/www.autonvaraosahaku.fi\/index.php?rest_route=\/wp\/v2\/types\/product"}],"wp:attachment":[{"href":"https:\/\/www.autonvaraosahaku.fi\/index.php?rest_route=%2Fwp%2Fv2%2Fmedia&parent=8320"}],"wp:term":[{"taxonomy":"pwb-brand","embeddable":true,"href":"https:\/\/www.autonvaraosahaku.fi\/index.php?rest_route=%2Fwp%2Fv2%2Fpwb-brand&post=8320"},{"taxonomy":"product_cat","embeddable":true,"href":"https:\/\/www.autonvaraosahaku.fi\/index.php?rest_route=%2Fwp%2Fv2%2Fproduct_cat&post=8320"},{"taxonomy":"product_tag","embeddable":true,"href":"https:\/\/www.autonvaraosahaku.fi\/index.php?rest_route=%2Fwp%2Fv2%2Fproduct_tag&post=8320"}],"curies":[{"name":"wp","href":"https:\/\/api.w.org\/{rel}","templated":true}]}}