{"id":83243,"date":"2021-02-21T20:28:01","date_gmt":"2021-02-21T20:28:01","guid":{"rendered":"https:\/\/www.autonvaraosahaku.fi\/?product=meyle-100-501-0029-pyorannapa"},"modified":"2021-02-21T20:28:05","modified_gmt":"2021-02-21T20:28:05","slug":"meyle-100-501-0029-pyorannapa","status":"publish","type":"product","link":"https:\/\/www.autonvaraosahaku.fi\/?product=meyle-100-501-0029-pyorannapa","title":{"rendered":"MEYLE 100 501 0029 Py\u00f6r\u00e4nnapa"},"content":{"rendered":"<p>Asennuspuoli: Taka-akseli; Reikien m\u00e4\u00e4r\u00e4: 4; lis\u00e4tieto: ORIGINAL Quality; VW: GOLF IV 1J1,GOLF IV Variant 1J5,BORA 1J2,NEW BEETLE 9C1, 1C1,BORA Kombi 1J6,NEW BEETLE Cabriolet 1Y7,CADDY II Kasten 9K9A,CADDY II Kombi 9K9B,CADDY II Pick-up 9U7; AUDI: A3 8L1,TT 8N3; SKODA: OCTAVIA Combi 1U5,OCTAVIA 1U2; SEAT: LEON 1M1,TOLEDO II 1M2,INCA 6K9; 1J0501117B, 1J0501117B, 1J0501117B, 1J0501117B; Py\u00f6r\u00e4n Napa<\/p>\n","protected":false},"excerpt":{"rendered":"<p>MEYLE Py\u00f6r\u00e4nnapa 100 501 0029 Py\u00f6r\u00e4n Napa VW,AUDI,SKODA,GOLF IV 1J1,GOLF IV Variant 1J5,BORA 1J2,NEW BEETLE 9C1, 1C1,BORA Kombi 1J6<\/p>\n","protected":false},"featured_media":0,"template":"","meta":{"site-sidebar-layout":"default","site-content-layout":"default","ast-global-header-display":"","ast-main-header-display":"","ast-hfb-above-header-display":"","ast-hfb-below-header-display":"","ast-hfb-mobile-header-display":"","site-post-title":"","ast-breadcrumbs-content":"","ast-featured-img":"","footer-sml-layout":"","theme-transparent-header-meta":"","adv-header-id-meta":"","stick-header-meta":"","header-above-stick-meta":"","header-main-stick-meta":"","header-below-stick-meta":""},"pwb-brand":[84],"product_cat":[257],"product_tag":[],"class_list":{"0":"post-83243","1":"product","2":"type-product","3":"status-publish","5":"pwb-brand-meyle","6":"product_cat-pyorannapa","7":"desktop-align-left","8":"tablet-align-left","9":"mobile-align-left","11":"first","12":"instock","13":"product-type-external"},"brands":[{"id":84,"name":"MEYLE","slug":"meyle"}],"_links":{"self":[{"href":"https:\/\/www.autonvaraosahaku.fi\/index.php?rest_route=\/wp\/v2\/product\/83243","targetHints":{"allow":["GET"]}}],"collection":[{"href":"https:\/\/www.autonvaraosahaku.fi\/index.php?rest_route=\/wp\/v2\/product"}],"about":[{"href":"https:\/\/www.autonvaraosahaku.fi\/index.php?rest_route=\/wp\/v2\/types\/product"}],"wp:attachment":[{"href":"https:\/\/www.autonvaraosahaku.fi\/index.php?rest_route=%2Fwp%2Fv2%2Fmedia&parent=83243"}],"wp:term":[{"taxonomy":"pwb-brand","embeddable":true,"href":"https:\/\/www.autonvaraosahaku.fi\/index.php?rest_route=%2Fwp%2Fv2%2Fpwb-brand&post=83243"},{"taxonomy":"product_cat","embeddable":true,"href":"https:\/\/www.autonvaraosahaku.fi\/index.php?rest_route=%2Fwp%2Fv2%2Fproduct_cat&post=83243"},{"taxonomy":"product_tag","embeddable":true,"href":"https:\/\/www.autonvaraosahaku.fi\/index.php?rest_route=%2Fwp%2Fv2%2Fproduct_tag&post=83243"}],"curies":[{"name":"wp","href":"https:\/\/api.w.org\/{rel}","templated":true}]}}