{"id":83272,"date":"2021-02-21T20:28:16","date_gmt":"2021-02-21T20:28:16","guid":{"rendered":"https:\/\/www.autonvaraosahaku.fi\/?product=mapco-20651-iskunvaimennin"},"modified":"2021-02-21T20:28:17","modified_gmt":"2021-02-21T20:28:17","slug":"mapco-20651-iskunvaimennin","status":"publish","type":"product","link":"https:\/\/www.autonvaraosahaku.fi\/?product=mapco-20651-iskunvaimennin","title":{"rendered":"MAPCO 20651 Iskunvaimennin"},"content":{"rendered":"<p>Iskunvaimennin tyyppi: Kaasupaine; Asennuspuoli: Taka-akseli; Iskunvaimennin malli: Vaimennin ei jousta kantava; Iskunvaimennusj\u00e4rjestelm\u00e4: Kaksiputki; Iskunvaimennin asennustapa: Tappi ylh\u00e4\u00e4ll\u00e4, Silmukka alhaalla; Vaihdettava pareittain: ; Alustarakenne: f\u00fcr Fahrzeuge ohne verst\u00e4rktes Fahrwerk; BMW: 3 E46,3 Coupe E46,3 E36,3 Coupe E36,3 Cabriolet E36,3 Touring E36; 1029309, 1090826, 1090827, 1090830, 1090831, 1091245, 1091246, 1091274, 1091625, 1092309, 1095646, 1095647, 1095913, 1096366, 1137927, 1137928, 1138158, 1138162, 2282099, 33521029309, 33521090826, 33521090827, 33521090830, 33521090831, 33521091095, 33521091245, 33521091246, 33521091274, 33521091625, 33521092309, 33521137927, 33521137928, 33521138158, 33521138162, 33522227488, 6750781, 6750782, 6750783, 6750784, 6757045, 6757365, 6757366, 6759099, 6759100; Iskarit,Iskunvaimennin<\/p>\n","protected":false},"excerpt":{"rendered":"<p>MAPCO Iskunvaimentimet 20651 Iskarit,Iskunvaimennin BMW,3 E46,3 Coupe E46,3 E36,3 Coupe E36,3 Cabriolet E36,3 Touring E36<\/p>\n","protected":false},"featured_media":0,"template":"","meta":{"site-sidebar-layout":"default","site-content-layout":"default","ast-global-header-display":"","ast-main-header-display":"","ast-hfb-above-header-display":"","ast-hfb-below-header-display":"","ast-hfb-mobile-header-display":"","site-post-title":"","ast-breadcrumbs-content":"","ast-featured-img":"","footer-sml-layout":"","theme-transparent-header-meta":"","adv-header-id-meta":"","stick-header-meta":"","header-above-stick-meta":"","header-main-stick-meta":"","header-below-stick-meta":""},"pwb-brand":[36],"product_cat":[80],"product_tag":[],"class_list":{"0":"post-83272","1":"product","2":"type-product","3":"status-publish","5":"pwb-brand-mapco","6":"product_cat-iskunvaimennin","7":"desktop-align-left","8":"tablet-align-left","9":"mobile-align-left","11":"first","12":"instock","13":"product-type-external"},"brands":[{"id":36,"name":"MAPCO","slug":"mapco"}],"_links":{"self":[{"href":"https:\/\/www.autonvaraosahaku.fi\/index.php?rest_route=\/wp\/v2\/product\/83272","targetHints":{"allow":["GET"]}}],"collection":[{"href":"https:\/\/www.autonvaraosahaku.fi\/index.php?rest_route=\/wp\/v2\/product"}],"about":[{"href":"https:\/\/www.autonvaraosahaku.fi\/index.php?rest_route=\/wp\/v2\/types\/product"}],"wp:attachment":[{"href":"https:\/\/www.autonvaraosahaku.fi\/index.php?rest_route=%2Fwp%2Fv2%2Fmedia&parent=83272"}],"wp:term":[{"taxonomy":"pwb-brand","embeddable":true,"href":"https:\/\/www.autonvaraosahaku.fi\/index.php?rest_route=%2Fwp%2Fv2%2Fpwb-brand&post=83272"},{"taxonomy":"product_cat","embeddable":true,"href":"https:\/\/www.autonvaraosahaku.fi\/index.php?rest_route=%2Fwp%2Fv2%2Fproduct_cat&post=83272"},{"taxonomy":"product_tag","embeddable":true,"href":"https:\/\/www.autonvaraosahaku.fi\/index.php?rest_route=%2Fwp%2Fv2%2Fproduct_tag&post=83272"}],"curies":[{"name":"wp","href":"https:\/\/api.w.org\/{rel}","templated":true}]}}