{"id":83296,"date":"2021-02-21T20:28:23","date_gmt":"2021-02-21T20:28:23","guid":{"rendered":"https:\/\/www.autonvaraosahaku.fi\/?product=trw-jte766-raidetangon-paa"},"modified":"2021-02-21T20:28:26","modified_gmt":"2021-02-21T20:28:26","slug":"trw-jte766-raidetangon-paa","status":"publish","type":"product","link":"https:\/\/www.autonvaraosahaku.fi\/?product=trw-jte766-raidetangon-paa","title":{"rendered":"TRW JTE766 Raidetangon p\u00e4\u00e4"},"content":{"rendered":"<p>Pituus (mm): 245,5; Sis\u00e4kierre (mm): M14x1,5; Kierremitta: M12x1,5; Lis\u00e4tarvike\/lis\u00e4tieto: Tarvikkeilla; parilliset tuotenumerot: JTE767; Asennuspuoli: Vorderachse links; BMW: 3 E46,3 Touring E46,3 Compact E46,3 Coupe E46,3 Cabriolet E46,Z4 E85,Z4 Coupe E86; ALPINA: B3 E46,B3 Kombi E46,B3 Cabriolet E46; 1095957, 32106774220, 32211095957, 6774220<\/p>\n","protected":false},"excerpt":{"rendered":"<p>TRW Raidetangon P\u00e4\u00e4 JTE766  BMW,ALPINA,3 E46,3 Touring E46,3 Compact E46,3 Coupe E46,3 Cabriolet E46,Z4 E85,Z4 Coupe E86,B3 E46,B3 Kombi E46<\/p>\n","protected":false},"featured_media":0,"template":"","meta":{"site-sidebar-layout":"default","site-content-layout":"default","ast-global-header-display":"","ast-main-header-display":"","ast-hfb-above-header-display":"","ast-hfb-below-header-display":"","ast-hfb-mobile-header-display":"","site-post-title":"","ast-breadcrumbs-content":"","ast-featured-img":"","footer-sml-layout":"","theme-transparent-header-meta":"","adv-header-id-meta":"","stick-header-meta":"","header-above-stick-meta":"","header-main-stick-meta":"","header-below-stick-meta":""},"pwb-brand":[332],"product_cat":[96],"product_tag":[],"class_list":{"0":"post-83296","1":"product","2":"type-product","3":"status-publish","5":"pwb-brand-trw","6":"product_cat-raidetangon-paa","7":"desktop-align-left","8":"tablet-align-left","9":"mobile-align-left","11":"first","12":"instock","13":"product-type-external"},"brands":[{"id":332,"name":"TRW","slug":"trw"}],"_links":{"self":[{"href":"https:\/\/www.autonvaraosahaku.fi\/index.php?rest_route=\/wp\/v2\/product\/83296","targetHints":{"allow":["GET"]}}],"collection":[{"href":"https:\/\/www.autonvaraosahaku.fi\/index.php?rest_route=\/wp\/v2\/product"}],"about":[{"href":"https:\/\/www.autonvaraosahaku.fi\/index.php?rest_route=\/wp\/v2\/types\/product"}],"wp:attachment":[{"href":"https:\/\/www.autonvaraosahaku.fi\/index.php?rest_route=%2Fwp%2Fv2%2Fmedia&parent=83296"}],"wp:term":[{"taxonomy":"pwb-brand","embeddable":true,"href":"https:\/\/www.autonvaraosahaku.fi\/index.php?rest_route=%2Fwp%2Fv2%2Fpwb-brand&post=83296"},{"taxonomy":"product_cat","embeddable":true,"href":"https:\/\/www.autonvaraosahaku.fi\/index.php?rest_route=%2Fwp%2Fv2%2Fproduct_cat&post=83296"},{"taxonomy":"product_tag","embeddable":true,"href":"https:\/\/www.autonvaraosahaku.fi\/index.php?rest_route=%2Fwp%2Fv2%2Fproduct_tag&post=83296"}],"curies":[{"name":"wp","href":"https:\/\/api.w.org\/{rel}","templated":true}]}}