{"id":83314,"date":"2021-02-21T20:28:31","date_gmt":"2021-02-21T20:28:31","guid":{"rendered":"https:\/\/www.autonvaraosahaku.fi\/?product=meyle-014-035-0017-muut-luokat"},"modified":"2021-02-21T20:28:33","modified_gmt":"2021-02-21T20:28:33","slug":"meyle-014-035-0017-muut-luokat","status":"publish","type":"product","link":"https:\/\/www.autonvaraosahaku.fi\/?product=meyle-014-035-0017-muut-luokat","title":{"rendered":"MEYLE 014 035 0017 Muut luokat"},"content":{"rendered":"<p>Ohjausmalli: Pitkitt\u00e4istukivarrelle; Asennuspuoli: Taka-akseli, oikea, Taka-akseli, vasen; Lis\u00e4tarvike\/lis\u00e4tieto: Tarvikkeilla; M\u00e4\u00e4r\u00e4yksikk\u00f6: Sarja; T\u00e4yssarja: ; lis\u00e4tieto: ORIGINAL Quality; MERCEDES-BENZ: C-CLASS W202,190 W201,SLK R170,E-CLASS W210,Stufenheck W124,CLK C208,SL R129,C-CLASS Kombi S202,KOMBI Kombi S124,E-CLASS W124,CLK Cabriolet A208,COUPE C124,E-CLASS Kombi S124,E-CLASS Cabriolet A124,E-CLASS Coupe C124,CABRIOLET A124; 2103502153, 2103503306, 2103503406, 2103503806; Korjaussarja, Poikittaistukivarsi<\/p>\n","protected":false},"excerpt":{"rendered":"<p>MEYLE Alatukivarren Korjaussarja 014 035 0017 Korjaussarja, Poikittaistukivarsi MERCEDES-BENZ,C-CLASS W202,190 W201,SLK R170,E-CLASS W210<\/p>\n","protected":false},"featured_media":0,"template":"","meta":{"site-sidebar-layout":"default","site-content-layout":"default","ast-global-header-display":"","ast-main-header-display":"","ast-hfb-above-header-display":"","ast-hfb-below-header-display":"","ast-hfb-mobile-header-display":"","site-post-title":"","ast-breadcrumbs-content":"","ast-featured-img":"","footer-sml-layout":"","theme-transparent-header-meta":"","adv-header-id-meta":"","stick-header-meta":"","header-above-stick-meta":"","header-main-stick-meta":"","header-below-stick-meta":""},"pwb-brand":[84],"product_cat":[37],"product_tag":[],"class_list":{"0":"post-83314","1":"product","2":"type-product","3":"status-publish","5":"pwb-brand-meyle","6":"product_cat-muut-luokat","7":"desktop-align-left","8":"tablet-align-left","9":"mobile-align-left","11":"first","12":"instock","13":"product-type-external"},"brands":[{"id":84,"name":"MEYLE","slug":"meyle"}],"_links":{"self":[{"href":"https:\/\/www.autonvaraosahaku.fi\/index.php?rest_route=\/wp\/v2\/product\/83314","targetHints":{"allow":["GET"]}}],"collection":[{"href":"https:\/\/www.autonvaraosahaku.fi\/index.php?rest_route=\/wp\/v2\/product"}],"about":[{"href":"https:\/\/www.autonvaraosahaku.fi\/index.php?rest_route=\/wp\/v2\/types\/product"}],"wp:attachment":[{"href":"https:\/\/www.autonvaraosahaku.fi\/index.php?rest_route=%2Fwp%2Fv2%2Fmedia&parent=83314"}],"wp:term":[{"taxonomy":"pwb-brand","embeddable":true,"href":"https:\/\/www.autonvaraosahaku.fi\/index.php?rest_route=%2Fwp%2Fv2%2Fpwb-brand&post=83314"},{"taxonomy":"product_cat","embeddable":true,"href":"https:\/\/www.autonvaraosahaku.fi\/index.php?rest_route=%2Fwp%2Fv2%2Fproduct_cat&post=83314"},{"taxonomy":"product_tag","embeddable":true,"href":"https:\/\/www.autonvaraosahaku.fi\/index.php?rest_route=%2Fwp%2Fv2%2Fproduct_tag&post=83314"}],"curies":[{"name":"wp","href":"https:\/\/api.w.org\/{rel}","templated":true}]}}