{"id":83326,"date":"2021-02-21T20:28:31","date_gmt":"2021-02-21T20:28:31","guid":{"rendered":"https:\/\/www.autonvaraosahaku.fi\/?product=trw-bhs184-jarrusatula"},"modified":"2021-02-21T20:28:36","modified_gmt":"2021-02-21T20:28:36","slug":"trw-bhs184-jarrusatula","status":"publish","type":"product","link":"https:\/\/www.autonvaraosahaku.fi\/?product=trw-bhs184-jarrusatula","title":{"rendered":"TRW BHS184 Jarrusatula"},"content":{"rendered":"<p>Valmistaja rajaus: TRW; Materiaali: Alumiini; L\u00e4pimitta 1 [mm]: 41; Korvaava tuote\/korvaava tiedote 2: Muunnettu seisontajarruvaijerin liit\u00e4nt\u00e4 jarrusatulassa; Adapterin muoto: Py\u00f6re\u00e4; parilliset tuotenumerot: BHS185; Asennuspuoli: Hinterachse; VW: GOLF IV 1J1,GOLF IV Variant 1J5,BORA 1J2,BORA Kombi 1J6; AUDI: A3 8L1,TT 8N3,TT Roadster 8N9; SKODA: OCTAVIA Combi 1U5,OCTAVIA 1U2; SEAT: LEON 1M1,TOLEDO II 1M2; 1J0615423B, 8N0615423A, 1J0615423B, 8N0615423A, 1J0615423B, 8N0615423A, 1J0615423B, 8N0615423A<\/p>\n","protected":false},"excerpt":{"rendered":"<p>TRW Jarrusatula BHS184  VW,AUDI,SKODA,GOLF IV 1J1,GOLF IV Variant 1J5,BORA 1J2,BORA Kombi 1J6,A3 8L1,TT 8N3,TT Roadster 8N9,OCTAVIA Combi 1U5<\/p>\n","protected":false},"featured_media":0,"template":"","meta":{"site-sidebar-layout":"default","site-content-layout":"default","ast-global-header-display":"","ast-main-header-display":"","ast-hfb-above-header-display":"","ast-hfb-below-header-display":"","ast-hfb-mobile-header-display":"","site-post-title":"","ast-breadcrumbs-content":"","ast-featured-img":"","footer-sml-layout":"","theme-transparent-header-meta":"","adv-header-id-meta":"","stick-header-meta":"","header-above-stick-meta":"","header-main-stick-meta":"","header-below-stick-meta":""},"pwb-brand":[332],"product_cat":[177],"product_tag":[],"class_list":{"0":"post-83326","1":"product","2":"type-product","3":"status-publish","5":"pwb-brand-trw","6":"product_cat-jarrusatula","7":"desktop-align-left","8":"tablet-align-left","9":"mobile-align-left","11":"first","12":"instock","13":"product-type-external"},"brands":[{"id":332,"name":"TRW","slug":"trw"}],"_links":{"self":[{"href":"https:\/\/www.autonvaraosahaku.fi\/index.php?rest_route=\/wp\/v2\/product\/83326","targetHints":{"allow":["GET"]}}],"collection":[{"href":"https:\/\/www.autonvaraosahaku.fi\/index.php?rest_route=\/wp\/v2\/product"}],"about":[{"href":"https:\/\/www.autonvaraosahaku.fi\/index.php?rest_route=\/wp\/v2\/types\/product"}],"wp:attachment":[{"href":"https:\/\/www.autonvaraosahaku.fi\/index.php?rest_route=%2Fwp%2Fv2%2Fmedia&parent=83326"}],"wp:term":[{"taxonomy":"pwb-brand","embeddable":true,"href":"https:\/\/www.autonvaraosahaku.fi\/index.php?rest_route=%2Fwp%2Fv2%2Fpwb-brand&post=83326"},{"taxonomy":"product_cat","embeddable":true,"href":"https:\/\/www.autonvaraosahaku.fi\/index.php?rest_route=%2Fwp%2Fv2%2Fproduct_cat&post=83326"},{"taxonomy":"product_tag","embeddable":true,"href":"https:\/\/www.autonvaraosahaku.fi\/index.php?rest_route=%2Fwp%2Fv2%2Fproduct_tag&post=83326"}],"curies":[{"name":"wp","href":"https:\/\/api.w.org\/{rel}","templated":true}]}}