{"id":83343,"date":"2021-02-21T20:28:38","date_gmt":"2021-02-21T20:28:38","guid":{"rendered":"https:\/\/www.autonvaraosahaku.fi\/?product=aks-dasis-126001n-oljynjaahdytin"},"modified":"2021-02-21T20:28:43","modified_gmt":"2021-02-21T20:28:43","slug":"aks-dasis-126001n-oljynjaahdytin","status":"publish","type":"product","link":"https:\/\/www.autonvaraosahaku.fi\/?product=aks-dasis-126001n-oljynjaahdytin","title":{"rendered":"AKS DASIS 126001N \u00d6ljynj\u00e4\u00e4hdytin"},"content":{"rendered":"<p>Verkon pituus [mm]: 440; Verkon leveys [mm]: 71; Verkon syvyys [mm]: 55; Kennon mitat: 440x71x55; Pakkauspituus [cm]: 55,5; Pakkausleveys [cm]: 15,5; Pakkauskorkeus [mm]: 10,5; Paino [kg]: 1,202; OE-numerolle: 1081800065, 1081800165, 1081800265; MERCEDES-BENZ: S-CLASS W108, W109,S-CLASS W116,COUPE W111,CABRIOLET W111; 1081800065, 1081800165, 1081800265, A1081800065, A1081800165, A1081800265; \u00d6ljynlauhdutin,Moottori\u00f6ljyn J\u00e4\u00e4hdytin<\/p>\n","protected":false},"excerpt":{"rendered":"<p>AKS DASIS \u00d6ljynj\u00e4\u00e4hdytin 126001N \u00d6ljynlauhdutin,Moottori\u00f6ljyn J\u00e4\u00e4hdytin MERCEDES-BENZ,S-CLASS W108, W109,S-CLASS W116,COUPE W111,CABRIOLET W111<\/p>\n","protected":false},"featured_media":0,"template":"","meta":{"site-sidebar-layout":"default","site-content-layout":"default","ast-global-header-display":"","ast-main-header-display":"","ast-hfb-above-header-display":"","ast-hfb-below-header-display":"","ast-hfb-mobile-header-display":"","site-post-title":"","ast-breadcrumbs-content":"","ast-featured-img":"","footer-sml-layout":"","theme-transparent-header-meta":"","adv-header-id-meta":"","stick-header-meta":"","header-above-stick-meta":"","header-main-stick-meta":"","header-below-stick-meta":""},"pwb-brand":[461],"product_cat":[244],"product_tag":[],"class_list":{"0":"post-83343","1":"product","2":"type-product","3":"status-publish","5":"pwb-brand-aks-dasis","6":"product_cat-oljynjaahdytin","7":"desktop-align-left","8":"tablet-align-left","9":"mobile-align-left","11":"first","12":"instock","13":"product-type-external"},"brands":[{"id":461,"name":"AKS DASIS","slug":"aks-dasis"}],"_links":{"self":[{"href":"https:\/\/www.autonvaraosahaku.fi\/index.php?rest_route=\/wp\/v2\/product\/83343","targetHints":{"allow":["GET"]}}],"collection":[{"href":"https:\/\/www.autonvaraosahaku.fi\/index.php?rest_route=\/wp\/v2\/product"}],"about":[{"href":"https:\/\/www.autonvaraosahaku.fi\/index.php?rest_route=\/wp\/v2\/types\/product"}],"wp:attachment":[{"href":"https:\/\/www.autonvaraosahaku.fi\/index.php?rest_route=%2Fwp%2Fv2%2Fmedia&parent=83343"}],"wp:term":[{"taxonomy":"pwb-brand","embeddable":true,"href":"https:\/\/www.autonvaraosahaku.fi\/index.php?rest_route=%2Fwp%2Fv2%2Fpwb-brand&post=83343"},{"taxonomy":"product_cat","embeddable":true,"href":"https:\/\/www.autonvaraosahaku.fi\/index.php?rest_route=%2Fwp%2Fv2%2Fproduct_cat&post=83343"},{"taxonomy":"product_tag","embeddable":true,"href":"https:\/\/www.autonvaraosahaku.fi\/index.php?rest_route=%2Fwp%2Fv2%2Fproduct_tag&post=83343"}],"curies":[{"name":"wp","href":"https:\/\/api.w.org\/{rel}","templated":true}]}}