{"id":83366,"date":"2021-02-21T20:28:46","date_gmt":"2021-02-21T20:28:46","guid":{"rendered":"https:\/\/www.autonvaraosahaku.fi\/?product=corteco-19027867b-tiivisteet"},"modified":"2021-02-21T20:28:51","modified_gmt":"2021-02-21T20:28:51","slug":"corteco-19027867b-tiivisteet","status":"publish","type":"product","link":"https:\/\/www.autonvaraosahaku.fi\/?product=corteco-19027867b-tiivisteet","title":{"rendered":"CORTECO 19027867B Tiivisteet"},"content":{"rendered":"<p>Sis\u00e4l\u00e4pimitta 1 [mm]: 35; Ulkol\u00e4pimitta 1 [mm]: 52; Korkeus 1 (mm): 8; Materiaali: ACM (polyakryyli-kautsu); Suojavaippa: Suojakumilla; Asennuspuoli: Ausgang; VW: TOURAN 1T1, 1T2; SUZUKI: SX4 EY, GY,SWIFT II Schr\u00e4gheck EA, MA,LIANA Schr\u00e4gheck,LIANA ER,WAGON R+ EM,BALENO Kombi EG,BALENO EG,BALENO Schr\u00e4gheck EG,ALTO HA12, HA23,ALTO HA11,SWIFT I AA,SWIFT II Stufenheck AH, AJ; 71742275, 2743173B20<\/p>\n","protected":false},"excerpt":{"rendered":"<p>CORTECO Akselitiiviste, Tasauspy\u00f6r\u00e4st\u00f6 19027867B  VW,SUZUKI,TOURAN 1T1, 1T2,SX4 EY, GY,SWIFT II Schr\u00e4gheck EA, MA,LIANA Schr\u00e4gheck,LIANA ER<\/p>\n","protected":false},"featured_media":0,"template":"","meta":{"site-sidebar-layout":"default","site-content-layout":"default","ast-global-header-display":"","ast-main-header-display":"","ast-hfb-above-header-display":"","ast-hfb-below-header-display":"","ast-hfb-mobile-header-display":"","site-post-title":"","ast-breadcrumbs-content":"","ast-featured-img":"","footer-sml-layout":"","theme-transparent-header-meta":"","adv-header-id-meta":"","stick-header-meta":"","header-above-stick-meta":"","header-main-stick-meta":"","header-below-stick-meta":""},"pwb-brand":[53],"product_cat":[27],"product_tag":[],"class_list":{"0":"post-83366","1":"product","2":"type-product","3":"status-publish","5":"pwb-brand-corteco","6":"product_cat-tiivisteet","7":"desktop-align-left","8":"tablet-align-left","9":"mobile-align-left","11":"first","12":"instock","13":"product-type-external"},"brands":[{"id":53,"name":"CORTECO","slug":"corteco"}],"_links":{"self":[{"href":"https:\/\/www.autonvaraosahaku.fi\/index.php?rest_route=\/wp\/v2\/product\/83366","targetHints":{"allow":["GET"]}}],"collection":[{"href":"https:\/\/www.autonvaraosahaku.fi\/index.php?rest_route=\/wp\/v2\/product"}],"about":[{"href":"https:\/\/www.autonvaraosahaku.fi\/index.php?rest_route=\/wp\/v2\/types\/product"}],"wp:attachment":[{"href":"https:\/\/www.autonvaraosahaku.fi\/index.php?rest_route=%2Fwp%2Fv2%2Fmedia&parent=83366"}],"wp:term":[{"taxonomy":"pwb-brand","embeddable":true,"href":"https:\/\/www.autonvaraosahaku.fi\/index.php?rest_route=%2Fwp%2Fv2%2Fpwb-brand&post=83366"},{"taxonomy":"product_cat","embeddable":true,"href":"https:\/\/www.autonvaraosahaku.fi\/index.php?rest_route=%2Fwp%2Fv2%2Fproduct_cat&post=83366"},{"taxonomy":"product_tag","embeddable":true,"href":"https:\/\/www.autonvaraosahaku.fi\/index.php?rest_route=%2Fwp%2Fv2%2Fproduct_tag&post=83366"}],"curies":[{"name":"wp","href":"https:\/\/api.w.org\/{rel}","templated":true}]}}