{"id":83419,"date":"2021-02-21T20:29:08","date_gmt":"2021-02-21T20:29:08","guid":{"rendered":"https:\/\/www.autonvaraosahaku.fi\/?product=lpr-2555-kytkin-paasylinteri"},"modified":"2021-02-21T20:29:11","modified_gmt":"2021-02-21T20:29:11","slug":"lpr-2555-kytkin-paasylinteri","status":"publish","type":"product","link":"https:\/\/www.autonvaraosahaku.fi\/?product=lpr-2555-kytkin-paasylinteri","title":{"rendered":"LPR 2555 Kytkin p\u00e4\u00e4sylinteri"},"content":{"rendered":"<p>Jarruj\u00e4rjestelm\u00e4: UAC; Kiinnityrreikien et\u00e4isyys [mm]: 70, 70; Materiaali: Alumiini; Reik\u00e4-\u00d8 [mm]: 15,87; Kierremitta: 10 x 1; Valmistusvuoteen: 07\/1992; NISSAN: PATHFINDER R50,PICK UP D21,TERRANO I WD21,PICK UP 720,PATHFINDER; 3061001G00, 3061001G01, 3061001G11, 3061015G11, 3061059G00, 3061059G10, 3061059G11; P\u00e4\u00e4sylinteri, Kytkin<\/p>\n","protected":false},"excerpt":{"rendered":"<p>LPR Kytkin P\u00e4\u00e4sylinteri 2555 P\u00e4\u00e4sylinteri, Kytkin NISSAN,PATHFINDER R50,PICK UP D21,TERRANO I WD21,PICK UP 720,PATHFINDER<\/p>\n","protected":false},"featured_media":0,"template":"","meta":{"site-sidebar-layout":"default","site-content-layout":"default","ast-global-header-display":"","ast-main-header-display":"","ast-hfb-above-header-display":"","ast-hfb-below-header-display":"","ast-hfb-mobile-header-display":"","site-post-title":"","ast-breadcrumbs-content":"","ast-featured-img":"","footer-sml-layout":"","theme-transparent-header-meta":"","adv-header-id-meta":"","stick-header-meta":"","header-above-stick-meta":"","header-main-stick-meta":"","header-below-stick-meta":""},"pwb-brand":[238],"product_cat":[239],"product_tag":[],"class_list":{"0":"post-83419","1":"product","2":"type-product","3":"status-publish","5":"pwb-brand-lpr","6":"product_cat-kytkin-paasylinteri","7":"desktop-align-left","8":"tablet-align-left","9":"mobile-align-left","11":"first","12":"instock","13":"product-type-external"},"brands":[{"id":238,"name":"LPR","slug":"lpr"}],"_links":{"self":[{"href":"https:\/\/www.autonvaraosahaku.fi\/index.php?rest_route=\/wp\/v2\/product\/83419","targetHints":{"allow":["GET"]}}],"collection":[{"href":"https:\/\/www.autonvaraosahaku.fi\/index.php?rest_route=\/wp\/v2\/product"}],"about":[{"href":"https:\/\/www.autonvaraosahaku.fi\/index.php?rest_route=\/wp\/v2\/types\/product"}],"wp:attachment":[{"href":"https:\/\/www.autonvaraosahaku.fi\/index.php?rest_route=%2Fwp%2Fv2%2Fmedia&parent=83419"}],"wp:term":[{"taxonomy":"pwb-brand","embeddable":true,"href":"https:\/\/www.autonvaraosahaku.fi\/index.php?rest_route=%2Fwp%2Fv2%2Fpwb-brand&post=83419"},{"taxonomy":"product_cat","embeddable":true,"href":"https:\/\/www.autonvaraosahaku.fi\/index.php?rest_route=%2Fwp%2Fv2%2Fproduct_cat&post=83419"},{"taxonomy":"product_tag","embeddable":true,"href":"https:\/\/www.autonvaraosahaku.fi\/index.php?rest_route=%2Fwp%2Fv2%2Fproduct_tag&post=83419"}],"curies":[{"name":"wp","href":"https:\/\/api.w.org\/{rel}","templated":true}]}}