{"id":83423,"date":"2021-02-21T20:29:08","date_gmt":"2021-02-21T20:29:08","guid":{"rendered":"https:\/\/www.autonvaraosahaku.fi\/?product=febi-bilstein-32000-kampiakselin-hihnapyora"},"modified":"2021-02-21T20:29:13","modified_gmt":"2021-02-21T20:29:13","slug":"febi-bilstein-32000-kampiakselin-hihnapyora","status":"publish","type":"product","link":"https:\/\/www.autonvaraosahaku.fi\/?product=febi-bilstein-32000-kampiakselin-hihnapyora","title":{"rendered":"FEBI BILSTEIN 32000 Kampiakselin hihnapy\u00f6r\u00e4"},"content":{"rendered":"<p>Leveys (mm): 26,0; Sis\u00e4l\u00e4pimitta [mm]: 30,0; Ulkol\u00e4pimitta [mm]: 153,0; Paino [kg]: 1,47; kiiloja: 5, 5; Tunnusluku: 6PK, 6PK; Moottorinumero: DW10CTED4; FORD USA: EDGE; VOLVO: V50 MW,V70 III BW,C30,S40 II MS,C70 II Cabriolet,S80 II AS; LANCIA: PHEDRA 179; FORD: FOCUS II Kombi DA_,MONDEO IV Turnier BA7,FOCUS II DA_,S-MAX WA6,FOCUS III Turnier,FOCUS C-MAX,GALAXY WA6,KUGA I,C-MAX DM2,FOCUS III,C-MAX II,MONDEO IV BA7,KUGA II DM2,GRAND C-MAX,FOCUS II Stufenheck DA_,FOCUS II Cabriolet,FOCUS III Stufenheck,MONDEO IV Stufenheck BA7,MONDEO V Turnier,S-MAX,MONDEO V Stufenheck,GRAND C-MAX Van,GALAXY,MONDEO V Schr\u00e4gheck,C-MAX II Van,KUGA II Van; FIAT: SCUDO 270_,ULYSSE 179AX,SCUDO Kasten 270_,SCUDO Pritsche\/Fahrgestell 270_; CITRO\u00cbN: C5 III Break TD_,C4 Picasso I UD_,C4 Grand Picasso I UA_,C8 EA_, EB_,C4 I LC_,C5 II Break RE_,C5 III RD_,C4 Coupe LA_,C4 II B7,C5 II RC_,JUMPY,JUMPY Kasten,DS4,DS5,C4 Stufenheck L,JUMPY Pritsche\/Fahrgestell; PEUGEOT: 307 SW 3H,307 CC 3B,407 SW 6E_,307 3A\/C,308 SW,807 E,308 4A_, 4C_,5008,307 Break 3E,508 SW,607 9D, 9U,407 6D_,3008,RCZ,308 CC,508,407 Coupe 6C_,EXPERT Tepee VF3V_,EXPERT Kasten VF3A_, VF3U_, VF3X_,EXPERT Pritsche\/Fahrgestell; DS: DS5; 0515Q8, 0515T6, 0515V9, 515Q8, 515T6, 515V9, 0515Q8, 0515T6, 0515V9, 9643354180, 9658659580, 9681640880, 1231959, 1490842, 1520590, 1683820, 1837783, 3M5Q6B319AA, 7M5Q6B319AB, 7M5Q6Q319AA, 9M5Q6B319AA, 9M5Q6B319AB, 9643354180, 9658659580, 9681640880, 0515Q8, 0515T6, 0515V9, 515Q8, 515T6, 515V9, 9681640880, 30725177, 30725269, 8653666, 8653827; Hihnapy\u00f6r\u00e4, Kampiakseli<\/p>\n","protected":false},"excerpt":{"rendered":"<p>FEBI BILSTEIN Kampiakselin Hihnapy\u00f6r\u00e4 32000 Hihnapy\u00f6r\u00e4, Kampiakseli FORD USA,VOLVO,LANCIA,EDGE,V50 MW,V70 III BW,C30,S40 II MS,C70 II Cabriolet<\/p>\n","protected":false},"featured_media":0,"template":"","meta":{"site-sidebar-layout":"default","site-content-layout":"default","ast-global-header-display":"","ast-main-header-display":"","ast-hfb-above-header-display":"","ast-hfb-below-header-display":"","ast-hfb-mobile-header-display":"","site-post-title":"","ast-breadcrumbs-content":"","ast-featured-img":"","footer-sml-layout":"","theme-transparent-header-meta":"","adv-header-id-meta":"","stick-header-meta":"","header-above-stick-meta":"","header-main-stick-meta":"","header-below-stick-meta":""},"pwb-brand":[50],"product_cat":[219],"product_tag":[],"class_list":{"0":"post-83423","1":"product","2":"type-product","3":"status-publish","5":"pwb-brand-febi-bilstein","6":"product_cat-kampiakselin-hihnapyora","7":"desktop-align-left","8":"tablet-align-left","9":"mobile-align-left","11":"first","12":"instock","13":"product-type-external"},"brands":[{"id":50,"name":"FEBI BILSTEIN","slug":"febi-bilstein"}],"_links":{"self":[{"href":"https:\/\/www.autonvaraosahaku.fi\/index.php?rest_route=\/wp\/v2\/product\/83423","targetHints":{"allow":["GET"]}}],"collection":[{"href":"https:\/\/www.autonvaraosahaku.fi\/index.php?rest_route=\/wp\/v2\/product"}],"about":[{"href":"https:\/\/www.autonvaraosahaku.fi\/index.php?rest_route=\/wp\/v2\/types\/product"}],"wp:attachment":[{"href":"https:\/\/www.autonvaraosahaku.fi\/index.php?rest_route=%2Fwp%2Fv2%2Fmedia&parent=83423"}],"wp:term":[{"taxonomy":"pwb-brand","embeddable":true,"href":"https:\/\/www.autonvaraosahaku.fi\/index.php?rest_route=%2Fwp%2Fv2%2Fpwb-brand&post=83423"},{"taxonomy":"product_cat","embeddable":true,"href":"https:\/\/www.autonvaraosahaku.fi\/index.php?rest_route=%2Fwp%2Fv2%2Fproduct_cat&post=83423"},{"taxonomy":"product_tag","embeddable":true,"href":"https:\/\/www.autonvaraosahaku.fi\/index.php?rest_route=%2Fwp%2Fv2%2Fproduct_tag&post=83423"}],"curies":[{"name":"wp","href":"https:\/\/api.w.org\/{rel}","templated":true}]}}