{"id":83434,"date":"2021-02-21T20:29:15","date_gmt":"2021-02-21T20:29:15","guid":{"rendered":"https:\/\/www.autonvaraosahaku.fi\/?product=febi-bilstein-15622-valokatkaisin"},"modified":"2021-02-21T20:29:17","modified_gmt":"2021-02-21T20:29:17","slug":"febi-bilstein-15622-valokatkaisin","status":"publish","type":"product","link":"https:\/\/www.autonvaraosahaku.fi\/?product=febi-bilstein-15622-valokatkaisin","title":{"rendered":"FEBI BILSTEIN 15622 Valokatkaisin"},"content":{"rendered":"<p>Liittimi\u00e4: 8; V\u00e4ri: Musta; Materiaali: Muovi; Katkaisijavalaistus: Vihre\u00e4; K\u00e4ytt\u00f6tapa: Keinukytkin; Paino [kg]: 0,03, 0,03; Valotoiminto: ohne Tagfahrlicht; VW: GOLF II 19E, 1G1,JETTA II 19E, 1G2, 165,GOLF II Van 19E, 1G1; 191941531A, 191941531H; Ajovalokytkin,Kytkin, Ajovalo<\/p>\n","protected":false},"excerpt":{"rendered":"<p>FEBI BILSTEIN Valokatkaisin febi Plus 15622 Ajovalokytkin,Kytkin, Ajovalo VW,GOLF II 19E, 1G1,JETTA II 19E, 1G2, 165,GOLF II Van 19E, 1G1<\/p>\n","protected":false},"featured_media":0,"template":"","meta":{"site-sidebar-layout":"default","site-content-layout":"default","ast-global-header-display":"","ast-main-header-display":"","ast-hfb-above-header-display":"","ast-hfb-below-header-display":"","ast-hfb-mobile-header-display":"","site-post-title":"","ast-breadcrumbs-content":"","ast-featured-img":"","footer-sml-layout":"","theme-transparent-header-meta":"","adv-header-id-meta":"","stick-header-meta":"","header-above-stick-meta":"","header-main-stick-meta":"","header-below-stick-meta":""},"pwb-brand":[50],"product_cat":[136],"product_tag":[],"class_list":{"0":"post-83434","1":"product","2":"type-product","3":"status-publish","5":"pwb-brand-febi-bilstein","6":"product_cat-valokatkaisin","7":"desktop-align-left","8":"tablet-align-left","9":"mobile-align-left","11":"first","12":"instock","13":"product-type-external"},"brands":[{"id":50,"name":"FEBI BILSTEIN","slug":"febi-bilstein"}],"_links":{"self":[{"href":"https:\/\/www.autonvaraosahaku.fi\/index.php?rest_route=\/wp\/v2\/product\/83434","targetHints":{"allow":["GET"]}}],"collection":[{"href":"https:\/\/www.autonvaraosahaku.fi\/index.php?rest_route=\/wp\/v2\/product"}],"about":[{"href":"https:\/\/www.autonvaraosahaku.fi\/index.php?rest_route=\/wp\/v2\/types\/product"}],"wp:attachment":[{"href":"https:\/\/www.autonvaraosahaku.fi\/index.php?rest_route=%2Fwp%2Fv2%2Fmedia&parent=83434"}],"wp:term":[{"taxonomy":"pwb-brand","embeddable":true,"href":"https:\/\/www.autonvaraosahaku.fi\/index.php?rest_route=%2Fwp%2Fv2%2Fpwb-brand&post=83434"},{"taxonomy":"product_cat","embeddable":true,"href":"https:\/\/www.autonvaraosahaku.fi\/index.php?rest_route=%2Fwp%2Fv2%2Fproduct_cat&post=83434"},{"taxonomy":"product_tag","embeddable":true,"href":"https:\/\/www.autonvaraosahaku.fi\/index.php?rest_route=%2Fwp%2Fv2%2Fproduct_tag&post=83434"}],"curies":[{"name":"wp","href":"https:\/\/api.w.org\/{rel}","templated":true}]}}