{"id":8345,"date":"2021-02-21T14:02:47","date_gmt":"2021-02-21T14:02:47","guid":{"rendered":"https:\/\/www.autonvaraosahaku.fi\/?product=meyle-100-890-0009-jarruvalokytkin"},"modified":"2021-02-21T14:02:48","modified_gmt":"2021-02-21T14:02:48","slug":"meyle-100-890-0009-jarruvalokytkin","status":"publish","type":"product","link":"https:\/\/www.autonvaraosahaku.fi\/?product=meyle-100-890-0009-jarruvalokytkin","title":{"rendered":"MEYLE 100 890 0009 Jarruvalokytkin"},"content":{"rendered":"<p>K\u00e4ytt\u00f6: S\u00e4hk\u00f6-hydraulinen; Yhdistelm\u00e4kytkintoiminto: Sulkija; Kierremitta: M10 x 1; Huomioi ajoneuvovalmistajan vaatimukset: ; Napojen m\u00e4\u00e4r\u00e4: 2; lis\u00e4tieto: ORIGINAL Quality; VW: GOLF I Cabriolet 155,TRANSPORTER III Bus,POLO 86C, 80,KAEFER,POLO Coupe 86C, 80,SCIROCCO 53B,GOLF I 17,KAEFER Cabriolet 15,PASSAT Variant 32B,TRANSPORTER III Kasten,POLO CLASSIC 86C, 80,TRANSPORTER II Bus,TRANSPORTER III Pritsche\/Fahrgestell,PASSAT 32B,POLO 86,SCIROCCO 53,JETTA I 16,DERBY 86C, 80,PASSAT 32,DERBY 86,TRANSPORTER II Kasten,PASSAT Variant 33,SANTANA 32B,TRANSPORTER II Pritsche\/Fahrgestell; AUDI: 100 44, 44Q, C3,80 81, 85, B2,100 Avant 44, 44Q, C3; PORSCHE: 911,914,911 Targa,912,912 Targa; 113945515H, 64461340100, 90161340100, 113945515H; Jarruvalokatkaisin<\/p>\n","protected":false},"excerpt":{"rendered":"<p>MEYLE Jarruvalokytkin 100 890 0009 Jarruvalokatkaisin VW,AUDI,PORSCHE,GOLF I Cabriolet 155,TRANSPORTER III Bus,POLO 86C, 80,KAEFER,POLO Coupe 86C, 80<\/p>\n","protected":false},"featured_media":0,"template":"","meta":{"site-sidebar-layout":"default","site-content-layout":"default","ast-global-header-display":"","ast-main-header-display":"","ast-hfb-above-header-display":"","ast-hfb-below-header-display":"","ast-hfb-mobile-header-display":"","site-post-title":"","ast-breadcrumbs-content":"","ast-featured-img":"","footer-sml-layout":"","theme-transparent-header-meta":"","adv-header-id-meta":"","stick-header-meta":"","header-above-stick-meta":"","header-main-stick-meta":"","header-below-stick-meta":""},"pwb-brand":[84],"product_cat":[117],"product_tag":[],"class_list":{"0":"post-8345","1":"product","2":"type-product","3":"status-publish","5":"pwb-brand-meyle","6":"product_cat-jarruvalokytkin","7":"desktop-align-left","8":"tablet-align-left","9":"mobile-align-left","11":"first","12":"instock","13":"product-type-external"},"brands":[{"id":84,"name":"MEYLE","slug":"meyle"}],"_links":{"self":[{"href":"https:\/\/www.autonvaraosahaku.fi\/index.php?rest_route=\/wp\/v2\/product\/8345","targetHints":{"allow":["GET"]}}],"collection":[{"href":"https:\/\/www.autonvaraosahaku.fi\/index.php?rest_route=\/wp\/v2\/product"}],"about":[{"href":"https:\/\/www.autonvaraosahaku.fi\/index.php?rest_route=\/wp\/v2\/types\/product"}],"wp:attachment":[{"href":"https:\/\/www.autonvaraosahaku.fi\/index.php?rest_route=%2Fwp%2Fv2%2Fmedia&parent=8345"}],"wp:term":[{"taxonomy":"pwb-brand","embeddable":true,"href":"https:\/\/www.autonvaraosahaku.fi\/index.php?rest_route=%2Fwp%2Fv2%2Fpwb-brand&post=8345"},{"taxonomy":"product_cat","embeddable":true,"href":"https:\/\/www.autonvaraosahaku.fi\/index.php?rest_route=%2Fwp%2Fv2%2Fproduct_cat&post=8345"},{"taxonomy":"product_tag","embeddable":true,"href":"https:\/\/www.autonvaraosahaku.fi\/index.php?rest_route=%2Fwp%2Fv2%2Fproduct_tag&post=8345"}],"curies":[{"name":"wp","href":"https:\/\/api.w.org\/{rel}","templated":true}]}}