{"id":83476,"date":"2021-02-21T20:29:31","date_gmt":"2021-02-21T20:29:31","guid":{"rendered":"https:\/\/www.autonvaraosahaku.fi\/?product=swag-62-92-2715-kallistuksenvakaajan-puslat"},"modified":"2021-02-21T20:29:34","modified_gmt":"2021-02-21T20:29:34","slug":"swag-62-92-2715-kallistuksenvakaajan-puslat","status":"publish","type":"product","link":"https:\/\/www.autonvaraosahaku.fi\/?product=swag-62-92-2715-kallistuksenvakaajan-puslat","title":{"rendered":"SWAG 62 92 2715 Kallistuksenvakaajan puslat"},"content":{"rendered":"<p>Sis\u00e4l\u00e4pimitta [mm]: 22,0; Asennuspuoli: etuakseli molemminpuoleinen; Paino [kg]: 0,080, 0,080; Kallistuksenvakaajan l\u00e4pimitta [mm]: 22; CITRO\u00cbN: C4 Picasso I UD_,C4 Grand Picasso I UA_,C4 I LC_,C4 Coupe LA_,C4 II B7,DS4,C4 Stufenheck L,C4 Stufenheck N; PEUGEOT: 307 SW 3H,307 CC 3B,307 3A\/C,308 SW,308 4A_, 4C_,307 Break 3E,308 CC,307 Stufenheck; DS: DS 4 \/ DS 4 CROSSBACK; 509488, 5094E0, 5094E0, 509488, 5094E0; Kallistuksenvakaajan Kumit,Vakaajan Hela<\/p>\n","protected":false},"excerpt":{"rendered":"<p>SWAG Kallistuksenvakaajan Puslat 62 92 2715 Kallistuksenvakaajan Kumit,Vakaajan Hela CITRO\u00cbN,PEUGEOT,DS,C4 Picasso I UD_,C4 Grand Picasso I UA_<\/p>\n","protected":false},"featured_media":0,"template":"","meta":{"site-sidebar-layout":"default","site-content-layout":"default","ast-global-header-display":"","ast-main-header-display":"","ast-hfb-above-header-display":"","ast-hfb-below-header-display":"","ast-hfb-mobile-header-display":"","site-post-title":"","ast-breadcrumbs-content":"","ast-featured-img":"","footer-sml-layout":"","theme-transparent-header-meta":"","adv-header-id-meta":"","stick-header-meta":"","header-above-stick-meta":"","header-main-stick-meta":"","header-below-stick-meta":""},"pwb-brand":[103],"product_cat":[82],"product_tag":[],"class_list":{"0":"post-83476","1":"product","2":"type-product","3":"status-publish","5":"pwb-brand-swag","6":"product_cat-kallistuksenvakaajan-puslat","7":"desktop-align-left","8":"tablet-align-left","9":"mobile-align-left","11":"first","12":"instock","13":"product-type-external"},"brands":[{"id":103,"name":"SWAG","slug":"swag"}],"_links":{"self":[{"href":"https:\/\/www.autonvaraosahaku.fi\/index.php?rest_route=\/wp\/v2\/product\/83476","targetHints":{"allow":["GET"]}}],"collection":[{"href":"https:\/\/www.autonvaraosahaku.fi\/index.php?rest_route=\/wp\/v2\/product"}],"about":[{"href":"https:\/\/www.autonvaraosahaku.fi\/index.php?rest_route=\/wp\/v2\/types\/product"}],"wp:attachment":[{"href":"https:\/\/www.autonvaraosahaku.fi\/index.php?rest_route=%2Fwp%2Fv2%2Fmedia&parent=83476"}],"wp:term":[{"taxonomy":"pwb-brand","embeddable":true,"href":"https:\/\/www.autonvaraosahaku.fi\/index.php?rest_route=%2Fwp%2Fv2%2Fpwb-brand&post=83476"},{"taxonomy":"product_cat","embeddable":true,"href":"https:\/\/www.autonvaraosahaku.fi\/index.php?rest_route=%2Fwp%2Fv2%2Fproduct_cat&post=83476"},{"taxonomy":"product_tag","embeddable":true,"href":"https:\/\/www.autonvaraosahaku.fi\/index.php?rest_route=%2Fwp%2Fv2%2Fproduct_tag&post=83476"}],"curies":[{"name":"wp","href":"https:\/\/api.w.org\/{rel}","templated":true}]}}