{"id":83490,"date":"2021-02-21T20:29:39","date_gmt":"2021-02-21T20:29:39","guid":{"rendered":"https:\/\/www.autonvaraosahaku.fi\/?product=vemo-v20-72-0410-kaasulapan-asentotunnistin"},"modified":"2021-02-21T20:29:39","modified_gmt":"2021-02-21T20:29:39","slug":"vemo-v20-72-0410-kaasulapan-asentotunnistin","status":"publish","type":"product","link":"https:\/\/www.autonvaraosahaku.fi\/?product=vemo-v20-72-0410-kaasulapan-asentotunnistin","title":{"rendered":"VEMO V20-72-0410 Kaasul\u00e4p\u00e4n asentotunnistin"},"content":{"rendered":"<p>Tunnistinmalli: Liukupotentiometri; Liittimi\u00e4: 3; Nimellisj\u00e4nnite (V): 5; Paino [kg]: 0,025; Pakkausleveys [cm]: 4; Pakkauskorkeus [mm]: 6,7; Pakkaussyvyys [cm]: 6,8; Tuotelinja: Q+, original equipment manufacturer quality MADE IN GERMANY; Valmistusvuosi alkaen: 03\/1994; BMW: 5 E39,3 Coupe E46,3 E36,3 Cabriolet E46,3 Coupe E36,Z3 E36,Z4 E85,5 E34,3 Cabriolet E36,5 Touring E34,Z3 Coupe E36,Z4 Coupe E86,Z8 E52; WIESMANN: MF3 Roadster; 13631402143, 13637840383, 1402143, 7840383; Kaasul\u00e4p\u00e4n Anturi,Tunnistin, Kaasul\u00e4pp\u00e4<\/p>\n","protected":false},"excerpt":{"rendered":"<p>VEMO Kaasul\u00e4p\u00e4n Asentotunnistin V20-72-0410 Kaasul\u00e4p\u00e4n Anturi,Tunnistin, Kaasul\u00e4pp\u00e4 BMW,WIESMANN,5 E39,3 Coupe E46,3 E36,3 Cabriolet E46,3 Coupe E36<\/p>\n","protected":false},"featured_media":0,"template":"","meta":{"site-sidebar-layout":"default","site-content-layout":"default","ast-global-header-display":"","ast-main-header-display":"","ast-hfb-above-header-display":"","ast-hfb-below-header-display":"","ast-hfb-mobile-header-display":"","site-post-title":"","ast-breadcrumbs-content":"","ast-featured-img":"","footer-sml-layout":"","theme-transparent-header-meta":"","adv-header-id-meta":"","stick-header-meta":"","header-above-stick-meta":"","header-main-stick-meta":"","header-below-stick-meta":""},"pwb-brand":[168],"product_cat":[465],"product_tag":[],"class_list":{"0":"post-83490","1":"product","2":"type-product","3":"status-publish","5":"pwb-brand-vemo","6":"product_cat-kaasulapan-asentotunnistin","7":"desktop-align-left","8":"tablet-align-left","9":"mobile-align-left","11":"first","12":"instock","13":"product-type-external"},"brands":[{"id":168,"name":"VEMO","slug":"vemo"}],"_links":{"self":[{"href":"https:\/\/www.autonvaraosahaku.fi\/index.php?rest_route=\/wp\/v2\/product\/83490","targetHints":{"allow":["GET"]}}],"collection":[{"href":"https:\/\/www.autonvaraosahaku.fi\/index.php?rest_route=\/wp\/v2\/product"}],"about":[{"href":"https:\/\/www.autonvaraosahaku.fi\/index.php?rest_route=\/wp\/v2\/types\/product"}],"wp:attachment":[{"href":"https:\/\/www.autonvaraosahaku.fi\/index.php?rest_route=%2Fwp%2Fv2%2Fmedia&parent=83490"}],"wp:term":[{"taxonomy":"pwb-brand","embeddable":true,"href":"https:\/\/www.autonvaraosahaku.fi\/index.php?rest_route=%2Fwp%2Fv2%2Fpwb-brand&post=83490"},{"taxonomy":"product_cat","embeddable":true,"href":"https:\/\/www.autonvaraosahaku.fi\/index.php?rest_route=%2Fwp%2Fv2%2Fproduct_cat&post=83490"},{"taxonomy":"product_tag","embeddable":true,"href":"https:\/\/www.autonvaraosahaku.fi\/index.php?rest_route=%2Fwp%2Fv2%2Fproduct_tag&post=83490"}],"curies":[{"name":"wp","href":"https:\/\/api.w.org\/{rel}","templated":true}]}}