{"id":83509,"date":"2021-02-21T20:29:39","date_gmt":"2021-02-21T20:29:39","guid":{"rendered":"https:\/\/www.autonvaraosahaku.fi\/?product=vaico-v42-0003-ilmansuodatin"},"modified":"2021-02-21T20:29:45","modified_gmt":"2021-02-21T20:29:45","slug":"vaico-v42-0003-ilmansuodatin","status":"publish","type":"product","link":"https:\/\/www.autonvaraosahaku.fi\/?product=vaico-v42-0003-ilmansuodatin","title":{"rendered":"VAICO V42-0003 Ilmansuodatin"},"content":{"rendered":"<p>Korkeus (mm): 207,5; Sis\u00e4l\u00e4pimitta [mm]: 91; Ulkol\u00e4pimitta [mm]: 137; Paino [kg]: 0,214; Pakkausleveys [cm]: 20; Pakkauskorkeus [mm]: 14,3; Pakkaussyvyys [cm]: 22,5; lis\u00e4tieto: CST99; NISSAN: MICRA II K11; ROVER: 100 \/ METRO XP; CITRO\u00cbN: SAXO S0, S1,XSARA N1,XSARA Break N2,AX ZA-_,XSARA Kasten,SAXO Hatchback van S3_; PEUGEOT: 106 II 1,106 I 1A, 1C,106 Van 1_; 1444A5, 1444A6, 1444A5, 1444A6, 1444VA<\/p>\n","protected":false},"excerpt":{"rendered":"<p>VAICO Ilmansuodatin V42-0003  NISSAN,ROVER,CITRO\u00cbN,MICRA II K11,100 \/ METRO XP,SAXO S0, S1,XSARA N1,XSARA Break N2,AX ZA-_,XSARA Kasten<\/p>\n","protected":false},"featured_media":0,"template":"","meta":{"site-sidebar-layout":"default","site-content-layout":"default","ast-global-header-display":"","ast-main-header-display":"","ast-hfb-above-header-display":"","ast-hfb-below-header-display":"","ast-hfb-mobile-header-display":"","site-post-title":"","ast-breadcrumbs-content":"","ast-featured-img":"","footer-sml-layout":"","theme-transparent-header-meta":"","adv-header-id-meta":"","stick-header-meta":"","header-above-stick-meta":"","header-main-stick-meta":"","header-below-stick-meta":""},"pwb-brand":[330],"product_cat":[31],"product_tag":[],"class_list":{"0":"post-83509","1":"product","2":"type-product","3":"status-publish","5":"pwb-brand-vaico","6":"product_cat-ilmansuodatin","7":"desktop-align-left","8":"tablet-align-left","9":"mobile-align-left","11":"first","12":"instock","13":"product-type-external"},"brands":[{"id":330,"name":"VAICO","slug":"vaico"}],"_links":{"self":[{"href":"https:\/\/www.autonvaraosahaku.fi\/index.php?rest_route=\/wp\/v2\/product\/83509","targetHints":{"allow":["GET"]}}],"collection":[{"href":"https:\/\/www.autonvaraosahaku.fi\/index.php?rest_route=\/wp\/v2\/product"}],"about":[{"href":"https:\/\/www.autonvaraosahaku.fi\/index.php?rest_route=\/wp\/v2\/types\/product"}],"wp:attachment":[{"href":"https:\/\/www.autonvaraosahaku.fi\/index.php?rest_route=%2Fwp%2Fv2%2Fmedia&parent=83509"}],"wp:term":[{"taxonomy":"pwb-brand","embeddable":true,"href":"https:\/\/www.autonvaraosahaku.fi\/index.php?rest_route=%2Fwp%2Fv2%2Fpwb-brand&post=83509"},{"taxonomy":"product_cat","embeddable":true,"href":"https:\/\/www.autonvaraosahaku.fi\/index.php?rest_route=%2Fwp%2Fv2%2Fproduct_cat&post=83509"},{"taxonomy":"product_tag","embeddable":true,"href":"https:\/\/www.autonvaraosahaku.fi\/index.php?rest_route=%2Fwp%2Fv2%2Fproduct_tag&post=83509"}],"curies":[{"name":"wp","href":"https:\/\/api.w.org\/{rel}","templated":true}]}}