{"id":83518,"date":"2021-02-21T20:29:46","date_gmt":"2021-02-21T20:29:46","guid":{"rendered":"https:\/\/www.autonvaraosahaku.fi\/?product=meyle-614-037-0002-vetonivelen-suojakumi"},"modified":"2021-02-21T20:29:49","modified_gmt":"2021-02-21T20:29:49","slug":"meyle-614-037-0002-vetonivelen-suojakumi","status":"publish","type":"product","link":"https:\/\/www.autonvaraosahaku.fi\/?product=meyle-614-037-0002-vetonivelen-suojakumi","title":{"rendered":"MEYLE 614 037 0002 Vetonivelen suojakumi"},"content":{"rendered":"<p>Asennuspuoli: Vaihteiston puoli, Etuakseli; Sis\u00e4l\u00e4pimitta 1 [mm]: 25; Sis\u00e4l\u00e4pimitta 2 [mm]: 65; Pituus (mm): 100; Materiaali: Kumi; Tarvittava kappalem\u00e4\u00e4r\u00e4: 2; lis\u00e4tieto: ORIGINAL Quality; OPEL: ZAFIRA B A05,ASTRA H Caravan L35,ZAFIRA A F75_,ASTRA G CC F48_, F08_,ASTRA H L48,ASTRA G Caravan F35_,ASTRA H GTC L08,VECTRA B 36_,ASTRA F CC 53_, 54_, 58_, 59_,VECTRA B Caravan 31_,ASTRA H TwinTop L67,ASTRA G Cabriolet F67,ASTRA F Caravan 51_, 52_,ASTRA G Coupe F07_,ASTRA G Stufenheck F69_,CALIBRA A 85_,VECTRA B CC 38_,VECTRA A 86_, 87_,ASTRA F Cabriolet 53_B,ASTRA F 56_, 57_,KADETT E CC 33_, 34_, 43_, 44_,SINTRA,VECTRA A CC 88_, 89_,KADETT E Cabriolet 43B_,ASCONA C 81_, 86_, 87_, 88_,KADETT E 39_, 49_,ASCONA C CC 84_, 89_,ASTRA G Kasten F70,KADETT E Caravan 35_, 36_, 45_, 46_,KADETT E Kasten 37_, 47_,KADETT E Combo 38_, 48_; VAUXHALL: CALIBRA,ZAFIRA Mk II B M75,ASTRA Mk V H CC,ZAFIRA Mk I A F75,ASTRA Mk V H Estate,ASTRA Mk IV G CC,ASTRA Mk III F CC,ASTRA Mk IV G Sedan,ASTRA Mk II CC,VECTRA B CC,CAVALIER Mk III 87,VECTRA B Estate,VECTRA B,ASTRA Mk III F Estate,ASTRA Mk IV G Coupe F67,ASTRAVAN Mk IV G,CAVALIER Mk III CC,ASTRA Mk IV G Convertible,ASTRA Mk IV G Estate,CARLTON Mk III; 0374040, 0374319, 374040, 374319, 90112609, 90446780; Vetoakselin Suojakumi,Paljekumi, Vetoakseli<\/p>\n","protected":false},"excerpt":{"rendered":"<p>MEYLE Vetonivelen Suojakumi 614 037 0002 Vetoakselin Suojakumi,Paljekumi, Vetoakseli OPEL,VAUXHALL,ZAFIRA B A05,ASTRA H Caravan L35,ZAFIRA A F75_<\/p>\n","protected":false},"featured_media":0,"template":"","meta":{"site-sidebar-layout":"default","site-content-layout":"default","ast-global-header-display":"","ast-main-header-display":"","ast-hfb-above-header-display":"","ast-hfb-below-header-display":"","ast-hfb-mobile-header-display":"","site-post-title":"","ast-breadcrumbs-content":"","ast-featured-img":"","footer-sml-layout":"","theme-transparent-header-meta":"","adv-header-id-meta":"","stick-header-meta":"","header-above-stick-meta":"","header-main-stick-meta":"","header-below-stick-meta":""},"pwb-brand":[84],"product_cat":[42],"product_tag":[],"class_list":{"0":"post-83518","1":"product","2":"type-product","3":"status-publish","5":"pwb-brand-meyle","6":"product_cat-vetonivelen-suojakumi","7":"desktop-align-left","8":"tablet-align-left","9":"mobile-align-left","11":"first","12":"instock","13":"product-type-external"},"brands":[{"id":84,"name":"MEYLE","slug":"meyle"}],"_links":{"self":[{"href":"https:\/\/www.autonvaraosahaku.fi\/index.php?rest_route=\/wp\/v2\/product\/83518","targetHints":{"allow":["GET"]}}],"collection":[{"href":"https:\/\/www.autonvaraosahaku.fi\/index.php?rest_route=\/wp\/v2\/product"}],"about":[{"href":"https:\/\/www.autonvaraosahaku.fi\/index.php?rest_route=\/wp\/v2\/types\/product"}],"wp:attachment":[{"href":"https:\/\/www.autonvaraosahaku.fi\/index.php?rest_route=%2Fwp%2Fv2%2Fmedia&parent=83518"}],"wp:term":[{"taxonomy":"pwb-brand","embeddable":true,"href":"https:\/\/www.autonvaraosahaku.fi\/index.php?rest_route=%2Fwp%2Fv2%2Fpwb-brand&post=83518"},{"taxonomy":"product_cat","embeddable":true,"href":"https:\/\/www.autonvaraosahaku.fi\/index.php?rest_route=%2Fwp%2Fv2%2Fproduct_cat&post=83518"},{"taxonomy":"product_tag","embeddable":true,"href":"https:\/\/www.autonvaraosahaku.fi\/index.php?rest_route=%2Fwp%2Fv2%2Fproduct_tag&post=83518"}],"curies":[{"name":"wp","href":"https:\/\/api.w.org\/{rel}","templated":true}]}}