{"id":83531,"date":"2021-02-21T20:29:54","date_gmt":"2021-02-21T20:29:54","guid":{"rendered":"https:\/\/www.autonvaraosahaku.fi\/?product=vaico-v40-0086-oljynsuodatin"},"modified":"2021-02-21T20:29:54","modified_gmt":"2021-02-21T20:29:54","slug":"vaico-v40-0086-oljynsuodatin","status":"publish","type":"product","link":"https:\/\/www.autonvaraosahaku.fi\/?product=vaico-v40-0086-oljynsuodatin","title":{"rendered":"VAICO V40-0086 \u00d6ljynsuodatin"},"content":{"rendered":"<p>Ulkol\u00e4pimitta 1 [mm]: 59; Sis\u00e4l\u00e4pimitta 1 [mm]: 30; Suodatintyyppi: Suodatinpanos; Korkeus (mm): 77,5; Sis\u00e4l\u00e4pimitta [mm]: 24,6; Ulkol\u00e4pimitta [mm]: 59; Paino [kg]: 0,1705; Pakkausleveys [cm]: 8,2; Pakkauskorkeus [mm]: 9,4; Pakkaussyvyys [cm]: 8,2; lis\u00e4tieto: CST99; Valmistusvuosi alkaen: 09\/1999; OPEL: CORSA C F08, F68,ZAFIRA A F75_,ASTRA G CC F48_, F08_,ASTRA G Caravan F35_,VECTRA C Caravan,SIGNUM,VECTRA C,VECTRA B 36_,OMEGA B Caravan 21_, 22_, 23_,OMEGA B 25_, 26_, 27_,VECTRA C GTS,VECTRA B Caravan 31_,ASTRA G Cabriolet F67,ASTRA G Coupe F07_,ASTRA G Stufenheck F69_,VECTRA B CC 38_,SINTRA; VAUXHALL: VECTRA Mk II C CC,ZAFIRA Mk I A F75,CORSA Mk II C W5L, F08,VECTRA Mk II C Estate,ASTRA Mk IV G CC,VECTRA Mk II C,SIGNUM,ASTRA Mk IV G Sedan,OMEGA B,VECTRA B CC,VECTRA B Estate,VECTRA B,ASTRA Mk IV G Coupe F67,OMEGA B Estate,ASTRA Mk IV G Convertible,ASTRA Mk IV G Estate; 00650308, 05650316, 0650308, 21018826, 5650316, 650308, 90536362, 905363662, 9083363, 9192426, 09192426<\/p>\n","protected":false},"excerpt":{"rendered":"<p>VAICO \u00d6ljynsuodatin V40-0086  OPEL,VAUXHALL,CORSA C F08, F68,ZAFIRA A F75_,ASTRA G CC F48_, F08_,ASTRA G Caravan F35_,VECTRA C Caravan,SIGNUM,VECTRA C<\/p>\n","protected":false},"featured_media":0,"template":"","meta":{"site-sidebar-layout":"default","site-content-layout":"default","ast-global-header-display":"","ast-main-header-display":"","ast-hfb-above-header-display":"","ast-hfb-below-header-display":"","ast-hfb-mobile-header-display":"","site-post-title":"","ast-breadcrumbs-content":"","ast-featured-img":"","footer-sml-layout":"","theme-transparent-header-meta":"","adv-header-id-meta":"","stick-header-meta":"","header-above-stick-meta":"","header-main-stick-meta":"","header-below-stick-meta":""},"pwb-brand":[330],"product_cat":[30],"product_tag":[],"class_list":{"0":"post-83531","1":"product","2":"type-product","3":"status-publish","5":"pwb-brand-vaico","6":"product_cat-oljynsuodatin","7":"desktop-align-left","8":"tablet-align-left","9":"mobile-align-left","11":"first","12":"instock","13":"product-type-external"},"brands":[{"id":330,"name":"VAICO","slug":"vaico"}],"_links":{"self":[{"href":"https:\/\/www.autonvaraosahaku.fi\/index.php?rest_route=\/wp\/v2\/product\/83531","targetHints":{"allow":["GET"]}}],"collection":[{"href":"https:\/\/www.autonvaraosahaku.fi\/index.php?rest_route=\/wp\/v2\/product"}],"about":[{"href":"https:\/\/www.autonvaraosahaku.fi\/index.php?rest_route=\/wp\/v2\/types\/product"}],"wp:attachment":[{"href":"https:\/\/www.autonvaraosahaku.fi\/index.php?rest_route=%2Fwp%2Fv2%2Fmedia&parent=83531"}],"wp:term":[{"taxonomy":"pwb-brand","embeddable":true,"href":"https:\/\/www.autonvaraosahaku.fi\/index.php?rest_route=%2Fwp%2Fv2%2Fpwb-brand&post=83531"},{"taxonomy":"product_cat","embeddable":true,"href":"https:\/\/www.autonvaraosahaku.fi\/index.php?rest_route=%2Fwp%2Fv2%2Fproduct_cat&post=83531"},{"taxonomy":"product_tag","embeddable":true,"href":"https:\/\/www.autonvaraosahaku.fi\/index.php?rest_route=%2Fwp%2Fv2%2Fproduct_tag&post=83531"}],"curies":[{"name":"wp","href":"https:\/\/api.w.org\/{rel}","templated":true}]}}