{"id":83533,"date":"2021-02-21T20:29:54","date_gmt":"2021-02-21T20:29:54","guid":{"rendered":"https:\/\/www.autonvaraosahaku.fi\/?product=febi-bilstein-21999-alapallonivel"},"modified":"2021-02-21T20:29:55","modified_gmt":"2021-02-21T20:29:55","slug":"febi-bilstein-21999-alapallonivel","status":"publish","type":"product","link":"https:\/\/www.autonvaraosahaku.fi\/?product=febi-bilstein-21999-alapallonivel","title":{"rendered":"FEBI BILSTEIN 21999 Alapallonivel"},"content":{"rendered":"<p>Ulkokierre [mm]: M16 x 1,5; Kartiomitta (mm): 24; Ohjausmalli: Poikittaistukivarsi; Asennuspuoli: etuakseli molemminpuoleinen, Alla; Paino [kg]: 0,595; lis\u00e4tieto: febi Plus; Alustarakenne: f\u00fcr Fahrzeuge ohne erh\u00f6hte Achslast; FORD: TRANSIT MK-7 Kasten,TRANSIT MK-7 Bus,TRANSIT Kasten FA_ _,TRANSIT CONNECT P65_, P70_, P80_,TRANSIT Bus FD_ _, FB_ _, FS_ _, FZ_ _, FC_ _,TOURNEO CONNECT,TRANSIT MK-7 Pritsche\/Fahrgestell,TRANSIT Pritsche\/Fahrgestell FM_ _, FN_ _,TRANSIT TOURNEO FB; 1417352, 1451914, 1743281, 1763713, 1763713SK, 1817752, 1817752SK, 4041454, 4120734, 4173761, 4381927, 4386870, 4616978, 4630551, KT2T143468AA, KTBK213K209AASK, KTBK213K209ABSK, KTYC153468AC, KTYC153468AD, KTYC153468AE, KTYC153468AF, YC1A3395BA, YC1A3395CA; Pallonivel<\/p>\n","protected":false},"excerpt":{"rendered":"<p>FEBI BILSTEIN Alapallonivel 21999 Pallonivel FORD,TRANSIT MK-7 Kasten,TRANSIT MK-7 Bus,TRANSIT Kasten FA_ _,TRANSIT CONNECT P65_, P70_, P80_<\/p>\n","protected":false},"featured_media":0,"template":"","meta":{"site-sidebar-layout":"default","site-content-layout":"default","ast-global-header-display":"","ast-main-header-display":"","ast-hfb-above-header-display":"","ast-hfb-below-header-display":"","ast-hfb-mobile-header-display":"","site-post-title":"","ast-breadcrumbs-content":"","ast-featured-img":"","footer-sml-layout":"","theme-transparent-header-meta":"","adv-header-id-meta":"","stick-header-meta":"","header-above-stick-meta":"","header-main-stick-meta":"","header-below-stick-meta":""},"pwb-brand":[50],"product_cat":[93],"product_tag":[],"class_list":{"0":"post-83533","1":"product","2":"type-product","3":"status-publish","5":"pwb-brand-febi-bilstein","6":"product_cat-alapallonivel","7":"desktop-align-left","8":"tablet-align-left","9":"mobile-align-left","11":"first","12":"instock","13":"product-type-external"},"brands":[{"id":50,"name":"FEBI BILSTEIN","slug":"febi-bilstein"}],"_links":{"self":[{"href":"https:\/\/www.autonvaraosahaku.fi\/index.php?rest_route=\/wp\/v2\/product\/83533","targetHints":{"allow":["GET"]}}],"collection":[{"href":"https:\/\/www.autonvaraosahaku.fi\/index.php?rest_route=\/wp\/v2\/product"}],"about":[{"href":"https:\/\/www.autonvaraosahaku.fi\/index.php?rest_route=\/wp\/v2\/types\/product"}],"wp:attachment":[{"href":"https:\/\/www.autonvaraosahaku.fi\/index.php?rest_route=%2Fwp%2Fv2%2Fmedia&parent=83533"}],"wp:term":[{"taxonomy":"pwb-brand","embeddable":true,"href":"https:\/\/www.autonvaraosahaku.fi\/index.php?rest_route=%2Fwp%2Fv2%2Fpwb-brand&post=83533"},{"taxonomy":"product_cat","embeddable":true,"href":"https:\/\/www.autonvaraosahaku.fi\/index.php?rest_route=%2Fwp%2Fv2%2Fproduct_cat&post=83533"},{"taxonomy":"product_tag","embeddable":true,"href":"https:\/\/www.autonvaraosahaku.fi\/index.php?rest_route=%2Fwp%2Fv2%2Fproduct_tag&post=83533"}],"curies":[{"name":"wp","href":"https:\/\/api.w.org\/{rel}","templated":true}]}}