{"id":83545,"date":"2021-02-21T20:29:54","date_gmt":"2021-02-21T20:29:54","guid":{"rendered":"https:\/\/www.autonvaraosahaku.fi\/?product=meyle-314-137-0003-s-automaattivaihteiston-suodatin"},"modified":"2021-02-21T20:29:59","modified_gmt":"2021-02-21T20:29:59","slug":"meyle-314-137-0003-s-automaattivaihteiston-suodatin","status":"publish","type":"product","link":"https:\/\/www.autonvaraosahaku.fi\/?product=meyle-314-137-0003-s-automaattivaihteiston-suodatin","title":{"rendered":"MEYLE 314 137 0003\/S Automaattivaihteiston suodatin"},"content":{"rendered":"<p>Vaihteistomalli: Automaattivaihteisto, 5-vaiht., Getriebeautomatik 4 Gang; Lis\u00e4tarvike\/lis\u00e4tieto: Tiivisteill\u00e4; Valmistaja rajaus: GM; M\u00e4\u00e4r\u00e4yksikk\u00f6: Sarja; Vaihteistomalli: 5L40E; Korvaava tuote\/korvaava tiedote 2: Kiinnitysmateriaalilla; Kiinnitysreikien lukum\u00e4\u00e4r\u00e4: 20; lis\u00e4tieto: ORIGINAL Quality; BMW: 3 E46,5 E39,3 Touring E46,X3 E83,5 Touring E39,3 Compact E46,3 Coupe E46; 24111423605, 24117507643, 24117510010, 24117533657, 24117557071; Hydrauliikkasuodatinsarja, Automaattivaihteisto<\/p>\n","protected":false},"excerpt":{"rendered":"<p>MEYLE Automaattivaihteiston Suodatin 314 137 0003\/S Hydrauliikkasuodatinsarja, Automaattivaihteisto BMW,3 E46,5 E39,3 Touring E46,X3 E83,5 Touring E39<\/p>\n","protected":false},"featured_media":0,"template":"","meta":{"site-sidebar-layout":"default","site-content-layout":"default","ast-global-header-display":"","ast-main-header-display":"","ast-hfb-above-header-display":"","ast-hfb-below-header-display":"","ast-hfb-mobile-header-display":"","site-post-title":"","ast-breadcrumbs-content":"","ast-featured-img":"","footer-sml-layout":"","theme-transparent-header-meta":"","adv-header-id-meta":"","stick-header-meta":"","header-above-stick-meta":"","header-main-stick-meta":"","header-below-stick-meta":""},"pwb-brand":[84],"product_cat":[141],"product_tag":[],"class_list":{"0":"post-83545","1":"product","2":"type-product","3":"status-publish","5":"pwb-brand-meyle","6":"product_cat-automaattivaihteiston-suodatin","7":"desktop-align-left","8":"tablet-align-left","9":"mobile-align-left","11":"first","12":"instock","13":"product-type-external"},"brands":[{"id":84,"name":"MEYLE","slug":"meyle"}],"_links":{"self":[{"href":"https:\/\/www.autonvaraosahaku.fi\/index.php?rest_route=\/wp\/v2\/product\/83545","targetHints":{"allow":["GET"]}}],"collection":[{"href":"https:\/\/www.autonvaraosahaku.fi\/index.php?rest_route=\/wp\/v2\/product"}],"about":[{"href":"https:\/\/www.autonvaraosahaku.fi\/index.php?rest_route=\/wp\/v2\/types\/product"}],"wp:attachment":[{"href":"https:\/\/www.autonvaraosahaku.fi\/index.php?rest_route=%2Fwp%2Fv2%2Fmedia&parent=83545"}],"wp:term":[{"taxonomy":"pwb-brand","embeddable":true,"href":"https:\/\/www.autonvaraosahaku.fi\/index.php?rest_route=%2Fwp%2Fv2%2Fpwb-brand&post=83545"},{"taxonomy":"product_cat","embeddable":true,"href":"https:\/\/www.autonvaraosahaku.fi\/index.php?rest_route=%2Fwp%2Fv2%2Fproduct_cat&post=83545"},{"taxonomy":"product_tag","embeddable":true,"href":"https:\/\/www.autonvaraosahaku.fi\/index.php?rest_route=%2Fwp%2Fv2%2Fproduct_tag&post=83545"}],"curies":[{"name":"wp","href":"https:\/\/api.w.org\/{rel}","templated":true}]}}