{"id":83590,"date":"2021-02-21T20:30:16","date_gmt":"2021-02-21T20:30:16","guid":{"rendered":"https:\/\/www.autonvaraosahaku.fi\/?product=vegaz-mid-104-pakosarjan-tiivisteet"},"modified":"2021-02-21T20:30:17","modified_gmt":"2021-02-21T20:30:17","slug":"vegaz-mid-104-pakosarjan-tiivisteet","status":"publish","type":"product","link":"https:\/\/www.autonvaraosahaku.fi\/?product=vegaz-mid-104-pakosarjan-tiivisteet","title":{"rendered":"VEGAZ MID-104 Pakosarjan tiivisteet"},"content":{"rendered":"<p>Paino [kg]: 0,01; Reik\u00e4lukum\u00e4\u00e4r\u00e4 2: 3; L\u00e4pimitta 1 [mm]: 52; L\u00e4pimitta 2 [mm]: 12; Valmistusvuosi alkaen: 10\/1991; HYUNDAI: GALLOPER II JK-01,LANTRA I J-1; VOLVO: V40 Kombi VW,S40 I VS; ROVER: 800 XS; MITSUBISHI: SPACE STAR DG_A,CARISMA DA_,COLT V CJ_, CP_,PAJERO PININ H6_W, H7_W,CARISMA Stufenheck DA_,PAJERO II V3_W, V2_W, V4_W,COLT IV CA_A,PAJERO I L04_G, L14_G,LANCER V Station Wagon CB_W, CD_W,GALANT IV Stufenheck E3_A,PAJERO I Canvas Top L04_G,PAJERO II Canvas Top V2_W, V4_W; 30872476, MB313111, MB680012, 2876628000, 2876628010, MB313111, MB680012, MB313111, MB680012, MB687012, MR224266, XB687012, 30872476, MB680012; Tiiviste, Pakoputki<\/p>\n","protected":false},"excerpt":{"rendered":"<p>VEGAZ Pakoputken Tiiviste MID-104 Tiiviste, Pakoputki HYUNDAI,VOLVO,ROVER,GALLOPER II JK-01,LANTRA I J-1,V40 Kombi VW,S40 I VS,800 XS,SPACE STAR DG_A<\/p>\n","protected":false},"featured_media":0,"template":"","meta":{"site-sidebar-layout":"default","site-content-layout":"default","ast-global-header-display":"","ast-main-header-display":"","ast-hfb-above-header-display":"","ast-hfb-below-header-display":"","ast-hfb-mobile-header-display":"","site-post-title":"","ast-breadcrumbs-content":"","ast-featured-img":"","footer-sml-layout":"","theme-transparent-header-meta":"","adv-header-id-meta":"","stick-header-meta":"","header-above-stick-meta":"","header-main-stick-meta":"","header-below-stick-meta":""},"pwb-brand":[306],"product_cat":[123],"product_tag":[],"class_list":{"0":"post-83590","1":"product","2":"type-product","3":"status-publish","5":"pwb-brand-vegaz","6":"product_cat-pakosarjan-tiivisteet","7":"desktop-align-left","8":"tablet-align-left","9":"mobile-align-left","11":"first","12":"instock","13":"product-type-external"},"brands":[{"id":306,"name":"VEGAZ","slug":"vegaz"}],"_links":{"self":[{"href":"https:\/\/www.autonvaraosahaku.fi\/index.php?rest_route=\/wp\/v2\/product\/83590","targetHints":{"allow":["GET"]}}],"collection":[{"href":"https:\/\/www.autonvaraosahaku.fi\/index.php?rest_route=\/wp\/v2\/product"}],"about":[{"href":"https:\/\/www.autonvaraosahaku.fi\/index.php?rest_route=\/wp\/v2\/types\/product"}],"wp:attachment":[{"href":"https:\/\/www.autonvaraosahaku.fi\/index.php?rest_route=%2Fwp%2Fv2%2Fmedia&parent=83590"}],"wp:term":[{"taxonomy":"pwb-brand","embeddable":true,"href":"https:\/\/www.autonvaraosahaku.fi\/index.php?rest_route=%2Fwp%2Fv2%2Fpwb-brand&post=83590"},{"taxonomy":"product_cat","embeddable":true,"href":"https:\/\/www.autonvaraosahaku.fi\/index.php?rest_route=%2Fwp%2Fv2%2Fproduct_cat&post=83590"},{"taxonomy":"product_tag","embeddable":true,"href":"https:\/\/www.autonvaraosahaku.fi\/index.php?rest_route=%2Fwp%2Fv2%2Fproduct_tag&post=83590"}],"curies":[{"name":"wp","href":"https:\/\/api.w.org\/{rel}","templated":true}]}}