{"id":83613,"date":"2021-02-21T20:30:24","date_gmt":"2021-02-21T20:30:24","guid":{"rendered":"https:\/\/www.autonvaraosahaku.fi\/?product=ajusa-14025200-oljypohjan-tiiviste"},"modified":"2021-02-21T20:30:26","modified_gmt":"2021-02-21T20:30:26","slug":"ajusa-14025200-oljypohjan-tiiviste","status":"publish","type":"product","link":"https:\/\/www.autonvaraosahaku.fi\/?product=ajusa-14025200-oljypohjan-tiiviste","title":{"rendered":"AJUSA 14025200 \u00d6ljypohjan tiiviste"},"content":{"rendered":"<p>Paksuus [mm]: 1,5; Leveys (mm): 219; Pituus (mm): 297; Materiaali: Paperi; OE-numerolle: 7910016614; TECDOC-moottorinumero: 3007; RENAULT: 14 121_; PEUGEOT: 205 II 20A\/C,205 I Cabriolet 741B, 20D,205 I 741A\/C,104,104 Coupe,205 Kasten; CITRO\u00cbN: BX XB-_,BX Break XB-_,C15 VD-_,VISA Cabriolet,C15 Kombi; TALBOT: SAMBA Cabriolet 51E,SAMBA 51A; 030446, 030417, 030446, 7910016614; Tiiviste, \u00d6ljypohja<\/p>\n","protected":false},"excerpt":{"rendered":"<p>AJUSA \u00d6ljypohjan Tiiviste 14025200 Tiiviste, \u00d6ljypohja RENAULT,PEUGEOT,CITRO\u00cbN,14 121_,205 II 20A\/C,205 I Cabriolet 741B, 20D,205 I 741A\/C,104<\/p>\n","protected":false},"featured_media":0,"template":"","meta":{"site-sidebar-layout":"default","site-content-layout":"default","ast-global-header-display":"","ast-main-header-display":"","ast-hfb-above-header-display":"","ast-hfb-below-header-display":"","ast-hfb-mobile-header-display":"","site-post-title":"","ast-breadcrumbs-content":"","ast-featured-img":"","footer-sml-layout":"","theme-transparent-header-meta":"","adv-header-id-meta":"","stick-header-meta":"","header-above-stick-meta":"","header-main-stick-meta":"","header-below-stick-meta":""},"pwb-brand":[211],"product_cat":[180],"product_tag":[],"class_list":{"0":"post-83613","1":"product","2":"type-product","3":"status-publish","5":"pwb-brand-ajusa","6":"product_cat-oljypohjan-tiiviste","7":"desktop-align-left","8":"tablet-align-left","9":"mobile-align-left","11":"first","12":"instock","13":"product-type-external"},"brands":[{"id":211,"name":"AJUSA","slug":"ajusa"}],"_links":{"self":[{"href":"https:\/\/www.autonvaraosahaku.fi\/index.php?rest_route=\/wp\/v2\/product\/83613","targetHints":{"allow":["GET"]}}],"collection":[{"href":"https:\/\/www.autonvaraosahaku.fi\/index.php?rest_route=\/wp\/v2\/product"}],"about":[{"href":"https:\/\/www.autonvaraosahaku.fi\/index.php?rest_route=\/wp\/v2\/types\/product"}],"wp:attachment":[{"href":"https:\/\/www.autonvaraosahaku.fi\/index.php?rest_route=%2Fwp%2Fv2%2Fmedia&parent=83613"}],"wp:term":[{"taxonomy":"pwb-brand","embeddable":true,"href":"https:\/\/www.autonvaraosahaku.fi\/index.php?rest_route=%2Fwp%2Fv2%2Fpwb-brand&post=83613"},{"taxonomy":"product_cat","embeddable":true,"href":"https:\/\/www.autonvaraosahaku.fi\/index.php?rest_route=%2Fwp%2Fv2%2Fproduct_cat&post=83613"},{"taxonomy":"product_tag","embeddable":true,"href":"https:\/\/www.autonvaraosahaku.fi\/index.php?rest_route=%2Fwp%2Fv2%2Fproduct_tag&post=83613"}],"curies":[{"name":"wp","href":"https:\/\/api.w.org\/{rel}","templated":true}]}}