{"id":83651,"date":"2021-02-21T20:30:40","date_gmt":"2021-02-21T20:30:40","guid":{"rendered":"https:\/\/www.autonvaraosahaku.fi\/?product=hjs-91-11-1418-keskimmainen-aanenvaimennin"},"modified":"2021-02-21T20:30:40","modified_gmt":"2021-02-21T20:30:40","slug":"hjs-91-11-1418-keskimmainen-aanenvaimennin","status":"publish","type":"product","link":"https:\/\/www.autonvaraosahaku.fi\/?product=hjs-91-11-1418-keskimmainen-aanenvaimennin","title":{"rendered":"HJS 91 11 1418 Keskimm\u00e4inen \u00e4\u00e4nenvaimennin"},"content":{"rendered":"<p>Pituus (mm): 250; Pakoputkisto: takavaimentimelle; Asennuspuoli: Takana; Valmistusvuosi alkaen: 12\/1962; VW: KAEFER,KAEFER Cabriolet 15,KARMANN GHIA Coupe 14, 34,KARMANN GHIA Cabriolet 14, 34; 113251163C<\/p>\n","protected":false},"excerpt":{"rendered":"<p>HJS Pakoputki 91 11 1418  VW,KAEFER,KAEFER Cabriolet 15,KARMANN GHIA Coupe 14, 34,KARMANN GHIA Cabriolet 14, 34<\/p>\n","protected":false},"featured_media":0,"template":"","meta":{"site-sidebar-layout":"default","site-content-layout":"default","ast-global-header-display":"","ast-main-header-display":"","ast-hfb-above-header-display":"","ast-hfb-below-header-display":"","ast-hfb-mobile-header-display":"","site-post-title":"","ast-breadcrumbs-content":"","ast-featured-img":"","footer-sml-layout":"","theme-transparent-header-meta":"","adv-header-id-meta":"","stick-header-meta":"","header-above-stick-meta":"","header-main-stick-meta":"","header-below-stick-meta":""},"pwb-brand":[344],"product_cat":[212],"product_tag":[],"class_list":{"0":"post-83651","1":"product","2":"type-product","3":"status-publish","5":"pwb-brand-hjs","6":"product_cat-keskimmainen-aanenvaimennin","7":"desktop-align-left","8":"tablet-align-left","9":"mobile-align-left","11":"first","12":"instock","13":"product-type-external"},"brands":[{"id":344,"name":"HJS","slug":"hjs"}],"_links":{"self":[{"href":"https:\/\/www.autonvaraosahaku.fi\/index.php?rest_route=\/wp\/v2\/product\/83651","targetHints":{"allow":["GET"]}}],"collection":[{"href":"https:\/\/www.autonvaraosahaku.fi\/index.php?rest_route=\/wp\/v2\/product"}],"about":[{"href":"https:\/\/www.autonvaraosahaku.fi\/index.php?rest_route=\/wp\/v2\/types\/product"}],"wp:attachment":[{"href":"https:\/\/www.autonvaraosahaku.fi\/index.php?rest_route=%2Fwp%2Fv2%2Fmedia&parent=83651"}],"wp:term":[{"taxonomy":"pwb-brand","embeddable":true,"href":"https:\/\/www.autonvaraosahaku.fi\/index.php?rest_route=%2Fwp%2Fv2%2Fpwb-brand&post=83651"},{"taxonomy":"product_cat","embeddable":true,"href":"https:\/\/www.autonvaraosahaku.fi\/index.php?rest_route=%2Fwp%2Fv2%2Fproduct_cat&post=83651"},{"taxonomy":"product_tag","embeddable":true,"href":"https:\/\/www.autonvaraosahaku.fi\/index.php?rest_route=%2Fwp%2Fv2%2Fproduct_tag&post=83651"}],"curies":[{"name":"wp","href":"https:\/\/api.w.org\/{rel}","templated":true}]}}