{"id":83693,"date":"2021-02-21T20:30:54","date_gmt":"2021-02-21T20:30:54","guid":{"rendered":"https:\/\/www.autonvaraosahaku.fi\/?product=japanparts-pp-w05af-jarrupalat"},"modified":"2021-02-21T20:30:56","modified_gmt":"2021-02-21T20:30:56","slug":"japanparts-pp-w05af-jarrupalat","status":"publish","type":"product","link":"https:\/\/www.autonvaraosahaku.fi\/?product=japanparts-pp-w05af-jarrupalat","title":{"rendered":"JAPANPARTS PP-W05AF Jarrupalat"},"content":{"rendered":"<p>Asennuspuoli: Taka-akseli; Jarrutyyppi: Levyjarru; Pituus (mm): 117; Korkeus (mm): 43; Paksuus [mm]: 16; WVA-numero: 25096; Tarkistuskilpi: ECE R90 APPROVED; M\u00e4\u00e4r\u00e4yksikk\u00f6: Akselisarja; Jarrulevyl\u00e4pimitalle [mm]: 268; OPEL: ZAFIRA B A05,ASTRA J Sports Tourer,ASTRA J,ZAFIRA TOURER C P12,MOKKA,ASTRA GTC J,ASTRA J Stufenheck,CASCADA W13; CHEVROLET: ORLANDO J309,CRUZE J300,CRUZE Station Wagon J308,AVEO Schr\u00e4gheck T300,CRUZE Schr\u00e4gheck J305,TRAX,VOLT; VAUXHALL: ZAFIRA Mk III P12; 13300867, 13300868, 133192294, 13319293, 13319294, 13404405, 13411380, 13411383, 13417473, 13473428, 95516192, 58101C8A50, 00542040, 01605180, 01605296, 0542040, 13300867, 13319293, 13319294, 13404405, 13411380, 13411383, 13417473, 13473427, 13473428, 13473429, 1605140, 1605168, 1605170, 1605176, 1605180, 1605262, 1605294, 1605295, 1605296, 542039, 542040, 95516192, 95530021, 95530022, 13319293, 13319294, 13404405, 13411380, 13411383, 13417473, 13473427, 13473429; Jarrupalasarja,Jarrupala, Levyjarru<\/p>\n","protected":false},"excerpt":{"rendered":"<p>JAPANPARTS Jarrupalat PP-W05AF Jarrupalasarja,Jarrupala, Levyjarru OPEL,CHEVROLET,VAUXHALL,ZAFIRA B A05,ASTRA J Sports Tourer,ASTRA J<\/p>\n","protected":false},"featured_media":0,"template":"","meta":{"site-sidebar-layout":"default","site-content-layout":"default","ast-global-header-display":"","ast-main-header-display":"","ast-hfb-above-header-display":"","ast-hfb-below-header-display":"","ast-hfb-mobile-header-display":"","site-post-title":"","ast-breadcrumbs-content":"","ast-featured-img":"","footer-sml-layout":"","theme-transparent-header-meta":"","adv-header-id-meta":"","stick-header-meta":"","header-above-stick-meta":"","header-main-stick-meta":"","header-below-stick-meta":""},"pwb-brand":[334],"product_cat":[100],"product_tag":[],"class_list":{"0":"post-83693","1":"product","2":"type-product","3":"status-publish","5":"pwb-brand-japanparts","6":"product_cat-jarrupalat","7":"desktop-align-left","8":"tablet-align-left","9":"mobile-align-left","11":"first","12":"instock","13":"product-type-external"},"brands":[{"id":334,"name":"JAPANPARTS","slug":"japanparts"}],"_links":{"self":[{"href":"https:\/\/www.autonvaraosahaku.fi\/index.php?rest_route=\/wp\/v2\/product\/83693","targetHints":{"allow":["GET"]}}],"collection":[{"href":"https:\/\/www.autonvaraosahaku.fi\/index.php?rest_route=\/wp\/v2\/product"}],"about":[{"href":"https:\/\/www.autonvaraosahaku.fi\/index.php?rest_route=\/wp\/v2\/types\/product"}],"wp:attachment":[{"href":"https:\/\/www.autonvaraosahaku.fi\/index.php?rest_route=%2Fwp%2Fv2%2Fmedia&parent=83693"}],"wp:term":[{"taxonomy":"pwb-brand","embeddable":true,"href":"https:\/\/www.autonvaraosahaku.fi\/index.php?rest_route=%2Fwp%2Fv2%2Fpwb-brand&post=83693"},{"taxonomy":"product_cat","embeddable":true,"href":"https:\/\/www.autonvaraosahaku.fi\/index.php?rest_route=%2Fwp%2Fv2%2Fproduct_cat&post=83693"},{"taxonomy":"product_tag","embeddable":true,"href":"https:\/\/www.autonvaraosahaku.fi\/index.php?rest_route=%2Fwp%2Fv2%2Fproduct_tag&post=83693"}],"curies":[{"name":"wp","href":"https:\/\/api.w.org\/{rel}","templated":true}]}}