{"id":83694,"date":"2021-02-21T20:30:54","date_gmt":"2021-02-21T20:30:54","guid":{"rendered":"https:\/\/www.autonvaraosahaku.fi\/?product=ulo-4072-05-takavalot"},"modified":"2021-02-21T20:30:56","modified_gmt":"2021-02-21T20:30:56","slug":"ulo-4072-05-takavalot","status":"publish","type":"product","link":"https:\/\/www.autonvaraosahaku.fi\/?product=ulo-4072-05-takavalot","title":{"rendered":"ULO 4072-05 Takavalot"},"content":{"rendered":"<p>Vuosimallista: 1983, 1983; Uusittuun malliin (facelift): ; Varusteet: Ajoneuvoille keskusliittimell\u00e4; Asennuspuoli: Oikea; Vasen \/ oikea liikenne: Ohjaus vasemmalla; Lamppumalli: H1, R10W; Lyhdyn muoto: Hehkulankatekniikka; Valotoiminto: vilkkuvalolla, Sumutakavalolla, peruutusvalolla, heijastimella; Lasin v\u00e4ri, vilkkulyhty: Keltainen; Vilkun v\u00e4ri: Keltainen; Kotelomalli: Kopalla; Kiinnitysmalli: Jalkakiinnitys; Asennusmalli: Poltti\/ruuvi; Lis\u00e4tarvike\/lis\u00e4tieto: Lampun kannalla, Ilman polttimoa; Korvaava tuote\/korvaava tiedote 2: Kiinnityskehyksill\u00e4; Rekister\u00f6ity tyyppi: E-hyv\u00e4ksytty; Laatu: OEM, ORIGINAL; Paino [kg]: 0,987; VW: TRANSPORTER IV Bus 70XB, 70XC, 7DB, 7DW,TRANSPORTER IV Kasten 70XA,TRANSPORTER IV Pritsche\/Fahrgestell 70XD,LT 28-35 I Kasten 281-363,LT 28-35 I Bus 281-363,LT 28-35 I Pritsche\/Fahrgestell 281-363,LT 40-55 I Pritsche\/Fahrgestell 293-909,LT 40-55 I Kasten 291-512; 283945096C, 283945232F; Takavalo<\/p>\n","protected":false},"excerpt":{"rendered":"<p>ULO Takavalot 4072-05 Takavalo VW,TRANSPORTER IV Bus 70XB, 70XC, 7DB, 7DW,TRANSPORTER IV Kasten 70XA,TRANSPORTER IV Pritsche\/Fahrgestell 70XD<\/p>\n","protected":false},"featured_media":0,"template":"","meta":{"site-sidebar-layout":"default","site-content-layout":"default","ast-global-header-display":"","ast-main-header-display":"","ast-hfb-above-header-display":"","ast-hfb-below-header-display":"","ast-hfb-mobile-header-display":"","site-post-title":"","ast-breadcrumbs-content":"","ast-featured-img":"","footer-sml-layout":"","theme-transparent-header-meta":"","adv-header-id-meta":"","stick-header-meta":"","header-above-stick-meta":"","header-main-stick-meta":"","header-below-stick-meta":""},"pwb-brand":[316],"product_cat":[159],"product_tag":[],"class_list":{"0":"post-83694","1":"product","2":"type-product","3":"status-publish","5":"pwb-brand-ulo","6":"product_cat-takavalot","7":"desktop-align-left","8":"tablet-align-left","9":"mobile-align-left","11":"first","12":"instock","13":"product-type-external"},"brands":[{"id":316,"name":"ULO","slug":"ulo"}],"_links":{"self":[{"href":"https:\/\/www.autonvaraosahaku.fi\/index.php?rest_route=\/wp\/v2\/product\/83694","targetHints":{"allow":["GET"]}}],"collection":[{"href":"https:\/\/www.autonvaraosahaku.fi\/index.php?rest_route=\/wp\/v2\/product"}],"about":[{"href":"https:\/\/www.autonvaraosahaku.fi\/index.php?rest_route=\/wp\/v2\/types\/product"}],"wp:attachment":[{"href":"https:\/\/www.autonvaraosahaku.fi\/index.php?rest_route=%2Fwp%2Fv2%2Fmedia&parent=83694"}],"wp:term":[{"taxonomy":"pwb-brand","embeddable":true,"href":"https:\/\/www.autonvaraosahaku.fi\/index.php?rest_route=%2Fwp%2Fv2%2Fpwb-brand&post=83694"},{"taxonomy":"product_cat","embeddable":true,"href":"https:\/\/www.autonvaraosahaku.fi\/index.php?rest_route=%2Fwp%2Fv2%2Fproduct_cat&post=83694"},{"taxonomy":"product_tag","embeddable":true,"href":"https:\/\/www.autonvaraosahaku.fi\/index.php?rest_route=%2Fwp%2Fv2%2Fproduct_tag&post=83694"}],"curies":[{"name":"wp","href":"https:\/\/api.w.org\/{rel}","templated":true}]}}