{"id":83697,"date":"2021-02-21T20:30:54","date_gmt":"2021-02-21T20:30:54","guid":{"rendered":"https:\/\/www.autonvaraosahaku.fi\/?product=japanparts-pa-432af-jarrupalat"},"modified":"2021-02-21T20:30:57","modified_gmt":"2021-02-21T20:30:57","slug":"japanparts-pa-432af-jarrupalat","status":"publish","type":"product","link":"https:\/\/www.autonvaraosahaku.fi\/?product=japanparts-pa-432af-jarrupalat","title":{"rendered":"JAPANPARTS PA-432AF Jarrupalat"},"content":{"rendered":"<p>Asennuspuoli: Etuakseli; Jarrutyyppi: Levyjarru; Pituus (mm): 149; Korkeus (mm): 58; Paksuus [mm]: 16,9; WVA-numero: 21651; Tarkistuskilpi: ECE R90 APPROVED; M\u00e4\u00e4r\u00e4yksikk\u00f6: Akselisarja; vannekoolle [tuumaa]: 15; HONDA: CIVIC VI Fastback MA, MB,CIVIC VI Aerodeck MB, MC,CR-V I RD,HR-V GH,PRELUDE V BB,ACCORD VI Coupe CG,ACCORD V CE, CF,PRELUDE IV BB,SHUTTLE RA,PRELUDE III BA,ACCORD V Aerodeck CE,ACCORD V CC, CD,LEGEND III KA9,ACCORD V Coupe CD,LEGEND IV KB_,LEGEND II Coupe KA8,ACCORD IV Aerodeck CB,NSX Coupe NA,LEGEND II KA7,INTEGRA DC5,NSX Cabriolet NA; ROVER: 600 RH; ACURA: NSX; 45022SL0G00, 45022SL0G01, 45022SLRG02, 06450S0KJ10, 06450S0KJ11, 06450S2HE50, 06450S2HJ00, 06450S7S000, 06450S84E51, 06450S84G00, 06450S87A00, 06450SOKJ11, 45022A47010, 45022S10A00, 45022S10A02, 45022S10A03, 45022S10E50, 45022S10G00, 45022S10G01, 45022S10G02, 45022S1AE20, 45022S1AE70, 45022S1AE71, 45022S30409, 45022S30A00, 45022S30A01, 45022S30A02, 45022S30E50, 45022S47000, 45022S47010, 45022S47020, 45022S47408, 45022S70000, 45022S70010, 45022S70020, 45022S87A00, 45022S87A01, 45022SL0000, 45022SL0010, 45022SL0020, 45022SL0040, 45022SL0E50, 45022SL0E60, 45022SL0E61, 45022SL0G00, 45022SL0G01, 45022SL0G02, 45022SL0J00, 45022SL0J01, 45022SL0J02, 45022SL0N10, 45022SLOG00, 45022SLRG01, 45022SLRG02, 45022SM5505, 45022SM5515, 45022SM5525, 45022SM5A00, 45022SN7E50, 45022SN7G50, 45022SP0000, 45022SP0010, 45022SP0408, 45022SP0506, 45022SP0516, 45022SP0526, 45022SP0A00, 45022SP0E00, 45022SS0305, 45022SS0408, 45022SS0409, 45022SS0A00, 45022SS0A01, 45022SS0A02, 45022SS0G00, 45022SS0G01, 45022SS0G0&#8230;; Jarrupalasarja,Jarrupala, Levyjarru<\/p>\n","protected":false},"excerpt":{"rendered":"<p>JAPANPARTS Jarrupalat PA-432AF Jarrupalasarja,Jarrupala, Levyjarru HONDA,ROVER,ACURA,CIVIC VI Fastback MA, MB,CIVIC VI Aerodeck MB, MC,CR-V I RD<\/p>\n","protected":false},"featured_media":0,"template":"","meta":{"site-sidebar-layout":"default","site-content-layout":"default","ast-global-header-display":"","ast-main-header-display":"","ast-hfb-above-header-display":"","ast-hfb-below-header-display":"","ast-hfb-mobile-header-display":"","site-post-title":"","ast-breadcrumbs-content":"","ast-featured-img":"","footer-sml-layout":"","theme-transparent-header-meta":"","adv-header-id-meta":"","stick-header-meta":"","header-above-stick-meta":"","header-main-stick-meta":"","header-below-stick-meta":""},"pwb-brand":[334],"product_cat":[100],"product_tag":[],"class_list":{"0":"post-83697","1":"product","2":"type-product","3":"status-publish","5":"pwb-brand-japanparts","6":"product_cat-jarrupalat","7":"desktop-align-left","8":"tablet-align-left","9":"mobile-align-left","11":"first","12":"instock","13":"product-type-external"},"brands":[{"id":334,"name":"JAPANPARTS","slug":"japanparts"}],"_links":{"self":[{"href":"https:\/\/www.autonvaraosahaku.fi\/index.php?rest_route=\/wp\/v2\/product\/83697","targetHints":{"allow":["GET"]}}],"collection":[{"href":"https:\/\/www.autonvaraosahaku.fi\/index.php?rest_route=\/wp\/v2\/product"}],"about":[{"href":"https:\/\/www.autonvaraosahaku.fi\/index.php?rest_route=\/wp\/v2\/types\/product"}],"wp:attachment":[{"href":"https:\/\/www.autonvaraosahaku.fi\/index.php?rest_route=%2Fwp%2Fv2%2Fmedia&parent=83697"}],"wp:term":[{"taxonomy":"pwb-brand","embeddable":true,"href":"https:\/\/www.autonvaraosahaku.fi\/index.php?rest_route=%2Fwp%2Fv2%2Fpwb-brand&post=83697"},{"taxonomy":"product_cat","embeddable":true,"href":"https:\/\/www.autonvaraosahaku.fi\/index.php?rest_route=%2Fwp%2Fv2%2Fproduct_cat&post=83697"},{"taxonomy":"product_tag","embeddable":true,"href":"https:\/\/www.autonvaraosahaku.fi\/index.php?rest_route=%2Fwp%2Fv2%2Fproduct_tag&post=83697"}],"curies":[{"name":"wp","href":"https:\/\/api.w.org\/{rel}","templated":true}]}}