{"id":83702,"date":"2021-02-21T20:30:54","date_gmt":"2021-02-21T20:30:54","guid":{"rendered":"https:\/\/www.autonvaraosahaku.fi\/?product=japanparts-kk-28000-pyoranlaakerit"},"modified":"2021-02-21T20:30:58","modified_gmt":"2021-02-21T20:30:58","slug":"japanparts-kk-28000-pyoranlaakerit","status":"publish","type":"product","link":"https:\/\/www.autonvaraosahaku.fi\/?product=japanparts-kk-28000-pyoranlaakerit","title":{"rendered":"JAPANPARTS KK-28000 Py\u00f6r\u00e4nlaakerit"},"content":{"rendered":"<p>Sis\u00e4l\u00e4pimitta [mm]: 35; Ulkol\u00e4pimitta [mm]: 72; Korkeus (mm): 22; Sis\u00e4l\u00e4pimitta 1 [mm]: 34,6; Ulkol\u00e4pimitta 1 [mm]: 48; Korkeus 1 (mm): 20; Asennuspuoli: Hinterachse; SUZUKI: JIMNY FJ,SAMURAI SJ,SJ 413,LJ 80,SJ 410 Cabrio,SJ 410,SUPER CARRY Bus ED; 0928348007, 0928445001, 4348573000, 4348573000000, 4358873000, 4358873000000; Py\u00f6r\u00e4nlaakerisarja<\/p>\n","protected":false},"excerpt":{"rendered":"<p>JAPANPARTS Py\u00f6r\u00e4nlaakerit KK-28000 Py\u00f6r\u00e4nlaakerisarja SUZUKI,JIMNY FJ,SAMURAI SJ,SJ 413,LJ 80,SJ 410 Cabrio,SJ 410,SUPER CARRY Bus ED<\/p>\n","protected":false},"featured_media":0,"template":"","meta":{"site-sidebar-layout":"default","site-content-layout":"default","ast-global-header-display":"","ast-main-header-display":"","ast-hfb-above-header-display":"","ast-hfb-below-header-display":"","ast-hfb-mobile-header-display":"","site-post-title":"","ast-breadcrumbs-content":"","ast-featured-img":"","footer-sml-layout":"","theme-transparent-header-meta":"","adv-header-id-meta":"","stick-header-meta":"","header-above-stick-meta":"","header-main-stick-meta":"","header-below-stick-meta":""},"pwb-brand":[334],"product_cat":[83],"product_tag":[],"class_list":{"0":"post-83702","1":"product","2":"type-product","3":"status-publish","5":"pwb-brand-japanparts","6":"product_cat-pyoranlaakerit","7":"desktop-align-left","8":"tablet-align-left","9":"mobile-align-left","11":"first","12":"instock","13":"product-type-external"},"brands":[{"id":334,"name":"JAPANPARTS","slug":"japanparts"}],"_links":{"self":[{"href":"https:\/\/www.autonvaraosahaku.fi\/index.php?rest_route=\/wp\/v2\/product\/83702","targetHints":{"allow":["GET"]}}],"collection":[{"href":"https:\/\/www.autonvaraosahaku.fi\/index.php?rest_route=\/wp\/v2\/product"}],"about":[{"href":"https:\/\/www.autonvaraosahaku.fi\/index.php?rest_route=\/wp\/v2\/types\/product"}],"wp:attachment":[{"href":"https:\/\/www.autonvaraosahaku.fi\/index.php?rest_route=%2Fwp%2Fv2%2Fmedia&parent=83702"}],"wp:term":[{"taxonomy":"pwb-brand","embeddable":true,"href":"https:\/\/www.autonvaraosahaku.fi\/index.php?rest_route=%2Fwp%2Fv2%2Fpwb-brand&post=83702"},{"taxonomy":"product_cat","embeddable":true,"href":"https:\/\/www.autonvaraosahaku.fi\/index.php?rest_route=%2Fwp%2Fv2%2Fproduct_cat&post=83702"},{"taxonomy":"product_tag","embeddable":true,"href":"https:\/\/www.autonvaraosahaku.fi\/index.php?rest_route=%2Fwp%2Fv2%2Fproduct_tag&post=83702"}],"curies":[{"name":"wp","href":"https:\/\/api.w.org\/{rel}","templated":true}]}}