{"id":83710,"date":"2021-02-21T20:31:02","date_gmt":"2021-02-21T20:31:02","guid":{"rendered":"https:\/\/www.autonvaraosahaku.fi\/?product=hengst-filter-h90w25-oljynsuodatin"},"modified":"2021-02-21T20:31:02","modified_gmt":"2021-02-21T20:31:02","slug":"hengst-filter-h90w25-oljynsuodatin","status":"publish","type":"product","link":"https:\/\/www.autonvaraosahaku.fi\/?product=hengst-filter-h90w25-oljynsuodatin","title":{"rendered":"HENGST FILTER H90W25 \u00d6ljynsuodatin"},"content":{"rendered":"<p>Suodatintyyppi: Ruuvattava suodatin; Ulkol\u00e4pimitta [mm]: 81,0; Tiivisteen l\u00e4pimitta [mm]: 63,0; Liitinkierre: M20x1,5; Korkeus (mm): 100,0; Varusteet: f\u00fcr Fahrzeuge mit Automatikgetriebe; HONDA: LEGEND IV KB_,PILOT YF3 YF4,ACCORD IX Stufenheck,CROSSTOUR; SUBARU: OUTBACK BM, BR; OPEL: KADETT E CC 33_, 34_, 43_, 44_,KADETT E 39_, 49_,KADETT E Caravan 35_, 36_, 45_, 46_; ROVER: 600 RH,400 RT,CABRIOLET XW,400 Hatchback RT,200 Hatchback XW,200 Coupe XW,400 Tourer XW,400 XW; ACURA: MDX YD2; VAUXHALL: ASTRAVAN Mk III F; ISUZU: GEMINI JT,GEMINI Stufenheck; 15400PLMA01, 1560187305000, 1560187310LOC, 3252676, 3255958, 3256521, 5003455, 5003456, 5004388, 5005079, 5005080, 5016963, 5016964, 5018026, 5020028, 5022798, 04154PR3E00, 15200PH1004, 15220PH1014, 15400611003, 15400679003, 15400679004, 15400679013, 15400679023, 15400MJ0003, 15400P0H004, 15400P0H305, 15400PC6003, 15400PH004, 15400PH1003, 15400PH1004, 15400PH1014, 15400PH1F01, 15400PH1F02, 15400PH1F03, 15400PH9004, 15400PK1003, 15400PLC003, 15400PLMA02, 15400PR3003, 15400PR3004, 15400PR3014, 2630035A00, 8941357411, 8941494180, 8942019420, 89425111011, 8944304110, 8944567410, 8944567411, 8944597000, 94412815, AM0114300, B6Y014302, F80223802, N23123802, RF2A14302A, RF7914302, MM409365, 649006, 649008, 649011, 94412815, LRF000020, LRF100120, 308872100, 1651083000, 1651083001<\/p>\n","protected":false},"excerpt":{"rendered":"<p>HENGST FILTER \u00d6ljynsuodatin H90W25  HONDA,SUBARU,OPEL,LEGEND IV KB_,PILOT YF3 YF4,ACCORD IX Stufenheck,CROSSTOUR,OUTBACK BM, BR<\/p>\n","protected":false},"featured_media":0,"template":"","meta":{"site-sidebar-layout":"default","site-content-layout":"default","ast-global-header-display":"","ast-main-header-display":"","ast-hfb-above-header-display":"","ast-hfb-below-header-display":"","ast-hfb-mobile-header-display":"","site-post-title":"","ast-breadcrumbs-content":"","ast-featured-img":"","footer-sml-layout":"","theme-transparent-header-meta":"","adv-header-id-meta":"","stick-header-meta":"","header-above-stick-meta":"","header-main-stick-meta":"","header-below-stick-meta":""},"pwb-brand":[336],"product_cat":[30],"product_tag":[],"class_list":{"0":"post-83710","1":"product","2":"type-product","3":"status-publish","5":"pwb-brand-hengst-filter","6":"product_cat-oljynsuodatin","7":"desktop-align-left","8":"tablet-align-left","9":"mobile-align-left","11":"first","12":"instock","13":"product-type-external"},"brands":[{"id":336,"name":"HENGST FILTER","slug":"hengst-filter"}],"_links":{"self":[{"href":"https:\/\/www.autonvaraosahaku.fi\/index.php?rest_route=\/wp\/v2\/product\/83710","targetHints":{"allow":["GET"]}}],"collection":[{"href":"https:\/\/www.autonvaraosahaku.fi\/index.php?rest_route=\/wp\/v2\/product"}],"about":[{"href":"https:\/\/www.autonvaraosahaku.fi\/index.php?rest_route=\/wp\/v2\/types\/product"}],"wp:attachment":[{"href":"https:\/\/www.autonvaraosahaku.fi\/index.php?rest_route=%2Fwp%2Fv2%2Fmedia&parent=83710"}],"wp:term":[{"taxonomy":"pwb-brand","embeddable":true,"href":"https:\/\/www.autonvaraosahaku.fi\/index.php?rest_route=%2Fwp%2Fv2%2Fpwb-brand&post=83710"},{"taxonomy":"product_cat","embeddable":true,"href":"https:\/\/www.autonvaraosahaku.fi\/index.php?rest_route=%2Fwp%2Fv2%2Fproduct_cat&post=83710"},{"taxonomy":"product_tag","embeddable":true,"href":"https:\/\/www.autonvaraosahaku.fi\/index.php?rest_route=%2Fwp%2Fv2%2Fproduct_tag&post=83710"}],"curies":[{"name":"wp","href":"https:\/\/api.w.org\/{rel}","templated":true}]}}