{"id":83713,"date":"2021-02-21T20:31:02","date_gmt":"2021-02-21T20:31:02","guid":{"rendered":"https:\/\/www.autonvaraosahaku.fi\/?product=hengst-filter-h17w29-oljynsuodatin"},"modified":"2021-02-21T20:31:03","modified_gmt":"2021-02-21T20:31:03","slug":"hengst-filter-h17w29-oljynsuodatin","status":"publish","type":"product","link":"https:\/\/www.autonvaraosahaku.fi\/?product=hengst-filter-h17w29-oljynsuodatin","title":{"rendered":"HENGST FILTER H17W29 \u00d6ljynsuodatin"},"content":{"rendered":"<p>Suodatintyyppi: Ruuvattava suodatin; Ulkol\u00e4pimitta [mm]: 93,0; Tiivisteen l\u00e4pimitta [mm]: 72,5; Liitinkierre: M22x1,5; Korkeus (mm): 132,5; IVECO: DAILY IV Kasten\/Kombi,DAILY IV Pritsche\/Fahrgestell,DAILY V Kasten\/Kombi,DAILY V Pritsche\/Fahrgestell,MASSIF Station Wagon,DAILY IV Kipper,DAILY V Kipper,MASSIF Single Cab,MASSIF Pick-up,DAILY VI Kasten\/Kombi,DAILY VI Pritsche\/Fahrgestell,DAILY VI Bus,DAILY TOURYS Bus,DAILY CITYS; FIAT: DUCATO Kasten 250,DUCATO Pritsche\/Fahrgestell 250,DUCATO Bus 250; CITRO\u00cbN: JUMPER Kasten,JUMPER Bus,JUMPER Pritsche\/Fahrgestell; PEUGEOT: BOXER Kasten,BOXER Bus,BOXER Pritsche\/Fahrgestell; MITSUBISHI: Canter (FB7, FB8, FE7, FE8) 7.Generation; TEMSA: PRESTIJ; OTOKAR: CENTRO; MULTICAR: Fumo; IRISBUS: DAILY TOURYS; 1109AG, 1109AT, 1109Z8, 1602627580, 1606267580, 08094864, 71749828, 8094864, 02995655, 2995655, 500038753, 500041187, MK666096, MK667378, 1109AF, 1109AT, 1109Z7, 1602627580, 1606267580, 7424990728, 7424990729<\/p>\n","protected":false},"excerpt":{"rendered":"<p>HENGST FILTER \u00d6ljynsuodatin H17W29  IVECO,FIAT,CITRO\u00cbN,DAILY IV Kasten\/Kombi,DAILY IV Pritsche\/Fahrgestell,DAILY V Kasten\/Kombi<\/p>\n","protected":false},"featured_media":0,"template":"","meta":{"site-sidebar-layout":"default","site-content-layout":"default","ast-global-header-display":"","ast-main-header-display":"","ast-hfb-above-header-display":"","ast-hfb-below-header-display":"","ast-hfb-mobile-header-display":"","site-post-title":"","ast-breadcrumbs-content":"","ast-featured-img":"","footer-sml-layout":"","theme-transparent-header-meta":"","adv-header-id-meta":"","stick-header-meta":"","header-above-stick-meta":"","header-main-stick-meta":"","header-below-stick-meta":""},"pwb-brand":[336],"product_cat":[30],"product_tag":[],"class_list":{"0":"post-83713","1":"product","2":"type-product","3":"status-publish","5":"pwb-brand-hengst-filter","6":"product_cat-oljynsuodatin","7":"desktop-align-left","8":"tablet-align-left","9":"mobile-align-left","11":"first","12":"instock","13":"product-type-external"},"brands":[{"id":336,"name":"HENGST FILTER","slug":"hengst-filter"}],"_links":{"self":[{"href":"https:\/\/www.autonvaraosahaku.fi\/index.php?rest_route=\/wp\/v2\/product\/83713","targetHints":{"allow":["GET"]}}],"collection":[{"href":"https:\/\/www.autonvaraosahaku.fi\/index.php?rest_route=\/wp\/v2\/product"}],"about":[{"href":"https:\/\/www.autonvaraosahaku.fi\/index.php?rest_route=\/wp\/v2\/types\/product"}],"wp:attachment":[{"href":"https:\/\/www.autonvaraosahaku.fi\/index.php?rest_route=%2Fwp%2Fv2%2Fmedia&parent=83713"}],"wp:term":[{"taxonomy":"pwb-brand","embeddable":true,"href":"https:\/\/www.autonvaraosahaku.fi\/index.php?rest_route=%2Fwp%2Fv2%2Fpwb-brand&post=83713"},{"taxonomy":"product_cat","embeddable":true,"href":"https:\/\/www.autonvaraosahaku.fi\/index.php?rest_route=%2Fwp%2Fv2%2Fproduct_cat&post=83713"},{"taxonomy":"product_tag","embeddable":true,"href":"https:\/\/www.autonvaraosahaku.fi\/index.php?rest_route=%2Fwp%2Fv2%2Fproduct_tag&post=83713"}],"curies":[{"name":"wp","href":"https:\/\/api.w.org\/{rel}","templated":true}]}}