{"id":83719,"date":"2021-02-21T20:31:02","date_gmt":"2021-02-21T20:31:02","guid":{"rendered":"https:\/\/www.autonvaraosahaku.fi\/?product=hengst-filter-h10w01-oljynsuodatin"},"modified":"2021-02-21T20:31:05","modified_gmt":"2021-02-21T20:31:05","slug":"hengst-filter-h10w01-oljynsuodatin","status":"publish","type":"product","link":"https:\/\/www.autonvaraosahaku.fi\/?product=hengst-filter-h10w01-oljynsuodatin","title":{"rendered":"HENGST FILTER H10W01 \u00d6ljynsuodatin"},"content":{"rendered":"<p>Suodatintyyppi: Ruuvattava suodatin; Ulkol\u00e4pimitta [mm]: 93,0; Tiivisteen l\u00e4pimitta [mm]: 72,0; Kierremitta: 3\/4-16 UNF; Korkeus (mm): 96,0; Valmistusvuoteen: 06\/1984; SEAT: 127 127A,RONDA 022A; OPEL: COMMODORE A,COMMODORE A Coupe; SAAB: 96,95 Station Wagon; FORD: ESCORT VII GAL, AAL, ABL,SIERRA GBG, GB4,TRANSIT  MK-5 Bus E_ _,ESCORT VI GAL,SCORPIO II GFR, GGR,SIERRA Schr\u00e4gheck GBC, GBG,TRANSIT Kasten T_ _,TRANSIT MK-5 Pritsche\/Fahrgestell E_ _,TRANSIT Bus V_ _,SCORPIO I GAE, GGE,TRANSIT Bus T_ _,TRANSIT Bus MK-4 E_ _,CAPRI III GECP,SIERRA Schr\u00e4gheck GBC,TRANSIT MK-5 Kasten E_ _,ESCORT II ATH,TRANSIT MK-4 Pritsche\/Fahrgestell E_ _,SCORPIO II Kombi GNR, GGR,SCORPIO I Stufenheck GGE,TRANSIT Kasten V_ _,TRANSIT Pritsche\/Fahrgestell V_ _,TRANSIT Kasten 81E,ESCORT V GAL,TRANSIT MK-4 Kasten E_ _,SIERRA Kombi BNG,GRANADA GU,TRANSIT Bus 72E, 73E,TRANSIT Pritsche\/Fahrgestell T_ _,CAPRI II GECP,SCORPIO I Kombi GGE,TRANSIT TOURNEO E_,TRANSIT Kasten 72E, 71E,SIERRA Kombi BNC,GRANADA Kombi GNU,TAUNUS 17M Turnier P3,TAUNUS 12M P4,GRANADA GGTL, GGFL,GRANADA Coupe GGCL,TRANSIT &#8217;55- Bus,TRANSIT Pritsche\/Fahrgestell 74E,TAUNUS 12M,TRANSIT &#8217;55- Kasten,TAUNUS 17M Turnier 21,TAUNUS 20M,TAUNUS 20M XL 52F,TAUNUS 17M Turnier 35F,GRANADA Kombi ,5000-Serie,6000-Serie; RENAULT: 25 B29_,MASTER I Kasten T__,TRAFIC Kasten T1, T3, T4,18 134_,18 Variable 135_,FUEGO 136_,MASTER I Bus T__,20 127_,MASTER I Pritsche\/Fahrgestell P__; MG: MGB Cabriolet,MGB GT,MGR V8; PEUGEOT: 505 551A,504 Coupe,604 561A_; ALPINE: A310; MORGAN: PLUS FOUR; LOTUS: ESPRIT S4 082,ECLAT,EXCEL,ESPRIT S2,ELITE; 00605070800000, 116120603000, 116440603000, 60507080, 2650396, 5041315, 5057957, 5221272, 5221313, 6160448, 75061409, 75061411, 75221405, X3549957, MLS000144A, 4126435, 4158728, 4160703, 4199523, 4286050, 4286051, 4286052, 4316238, 4323062, 4335580, 4335880, 4343591, 4343597, 4363485, 60507080, 7300943, 82342881, 82360558, 0HM6716BA, 11405640, 11425472, 11436936, 11464497, 11464498, 11525472, 11525802, 1473773, 1482151, 1498018, 1508831, 1515160, 1555451, 1556297, 1564767, 1565486, 1641158, 5001248, 5002230, 5003559, 5003560, 5003561, 5003932, 5008677, 5016957, 5018355, 692M6714AA, 74HM6714CB, A740X6714FA, A770X6714MA, A770X6714RA, A770X6714UA, 13240080, 88511161, 88513106, 04371582, 04434794, 82342881, 110929, 110931, 110945, 110946, 110955, 110978, 1109A0, 7700640165, 7701020783, 7701348110, 7701542286, 7701020783, 7701348110, 800334, 834940, 8349409, 880334, 7910246815, 2101101200520, 2101101200520A<\/p>\n","protected":false},"excerpt":{"rendered":"<p>HENGST FILTER \u00d6ljynsuodatin H10W01  SEAT,OPEL,SAAB,127 127A,RONDA 022A,COMMODORE A,COMMODORE A Coupe,96,95 Station Wagon,ESCORT VII GAL, AAL, ABL<\/p>\n","protected":false},"featured_media":0,"template":"","meta":{"site-sidebar-layout":"default","site-content-layout":"default","ast-global-header-display":"","ast-main-header-display":"","ast-hfb-above-header-display":"","ast-hfb-below-header-display":"","ast-hfb-mobile-header-display":"","site-post-title":"","ast-breadcrumbs-content":"","ast-featured-img":"","footer-sml-layout":"","theme-transparent-header-meta":"","adv-header-id-meta":"","stick-header-meta":"","header-above-stick-meta":"","header-main-stick-meta":"","header-below-stick-meta":""},"pwb-brand":[336],"product_cat":[30],"product_tag":[],"class_list":{"0":"post-83719","1":"product","2":"type-product","3":"status-publish","5":"pwb-brand-hengst-filter","6":"product_cat-oljynsuodatin","7":"desktop-align-left","8":"tablet-align-left","9":"mobile-align-left","11":"first","12":"instock","13":"product-type-external"},"brands":[{"id":336,"name":"HENGST FILTER","slug":"hengst-filter"}],"_links":{"self":[{"href":"https:\/\/www.autonvaraosahaku.fi\/index.php?rest_route=\/wp\/v2\/product\/83719","targetHints":{"allow":["GET"]}}],"collection":[{"href":"https:\/\/www.autonvaraosahaku.fi\/index.php?rest_route=\/wp\/v2\/product"}],"about":[{"href":"https:\/\/www.autonvaraosahaku.fi\/index.php?rest_route=\/wp\/v2\/types\/product"}],"wp:attachment":[{"href":"https:\/\/www.autonvaraosahaku.fi\/index.php?rest_route=%2Fwp%2Fv2%2Fmedia&parent=83719"}],"wp:term":[{"taxonomy":"pwb-brand","embeddable":true,"href":"https:\/\/www.autonvaraosahaku.fi\/index.php?rest_route=%2Fwp%2Fv2%2Fpwb-brand&post=83719"},{"taxonomy":"product_cat","embeddable":true,"href":"https:\/\/www.autonvaraosahaku.fi\/index.php?rest_route=%2Fwp%2Fv2%2Fproduct_cat&post=83719"},{"taxonomy":"product_tag","embeddable":true,"href":"https:\/\/www.autonvaraosahaku.fi\/index.php?rest_route=%2Fwp%2Fv2%2Fproduct_tag&post=83719"}],"curies":[{"name":"wp","href":"https:\/\/api.w.org\/{rel}","templated":true}]}}