{"id":83722,"date":"2021-02-21T20:31:02","date_gmt":"2021-02-21T20:31:02","guid":{"rendered":"https:\/\/www.autonvaraosahaku.fi\/?product=febi-bilstein-07843-tukivarren-hela"},"modified":"2021-02-21T20:31:06","modified_gmt":"2021-02-21T20:31:06","slug":"febi-bilstein-07843-tukivarren-hela","status":"publish","type":"product","link":"https:\/\/www.autonvaraosahaku.fi\/?product=febi-bilstein-07843-tukivarren-hela","title":{"rendered":"FEBI BILSTEIN 07843 Tukivarren hela"},"content":{"rendered":"<p>Paksuus [mm]: 51,0; Sis\u00e4l\u00e4pimitta [mm]: 10,0; Ulkol\u00e4pimitta [mm]: 37,0, 32,0; Asennuspuoli: Etuakseli, ala, Sisempi; Paino [kg]: 0,073, 0,073; Moottorinumero: TKA; FORD: ESCORT IV Cabriolet ALF,SIERRA GBG, GB4,SIERRA Schr\u00e4gheck GBC, GBG,FIESTA I GFBT,ESCORT IV GAF, AWF, ABFT,FIESTA II FBD,SIERRA Schr\u00e4gheck GBC,ESCORT III GAA,SIERRA Kombi BNG,SIERRA Kombi BNC,ORION II AFF,ESCORT IV Kombi AWF, AVF,ESCORT &#8217;86 Express AVF,FIESTA Kasten WFVT,ESCORT III Kombi AWA,ESCORT &#8217;81 Express AVA; 1619120, 6042740, 6090611, 81AB3063BB<\/p>\n","protected":false},"excerpt":{"rendered":"<p>FEBI BILSTEIN Tukivarren Hela 07843  FORD,ESCORT IV Cabriolet ALF,SIERRA GBG, GB4,SIERRA Schr\u00e4gheck GBC, GBG,FIESTA I GFBT,ESCORT IV GAF, AWF, ABFT<\/p>\n","protected":false},"featured_media":0,"template":"","meta":{"site-sidebar-layout":"default","site-content-layout":"default","ast-global-header-display":"","ast-main-header-display":"","ast-hfb-above-header-display":"","ast-hfb-below-header-display":"","ast-hfb-mobile-header-display":"","site-post-title":"","ast-breadcrumbs-content":"","ast-featured-img":"","footer-sml-layout":"","theme-transparent-header-meta":"","adv-header-id-meta":"","stick-header-meta":"","header-above-stick-meta":"","header-main-stick-meta":"","header-below-stick-meta":""},"pwb-brand":[50],"product_cat":[115],"product_tag":[],"class_list":{"0":"post-83722","1":"product","2":"type-product","3":"status-publish","5":"pwb-brand-febi-bilstein","6":"product_cat-tukivarren-hela","7":"desktop-align-left","8":"tablet-align-left","9":"mobile-align-left","11":"first","12":"instock","13":"product-type-external"},"brands":[{"id":50,"name":"FEBI BILSTEIN","slug":"febi-bilstein"}],"_links":{"self":[{"href":"https:\/\/www.autonvaraosahaku.fi\/index.php?rest_route=\/wp\/v2\/product\/83722","targetHints":{"allow":["GET"]}}],"collection":[{"href":"https:\/\/www.autonvaraosahaku.fi\/index.php?rest_route=\/wp\/v2\/product"}],"about":[{"href":"https:\/\/www.autonvaraosahaku.fi\/index.php?rest_route=\/wp\/v2\/types\/product"}],"wp:attachment":[{"href":"https:\/\/www.autonvaraosahaku.fi\/index.php?rest_route=%2Fwp%2Fv2%2Fmedia&parent=83722"}],"wp:term":[{"taxonomy":"pwb-brand","embeddable":true,"href":"https:\/\/www.autonvaraosahaku.fi\/index.php?rest_route=%2Fwp%2Fv2%2Fpwb-brand&post=83722"},{"taxonomy":"product_cat","embeddable":true,"href":"https:\/\/www.autonvaraosahaku.fi\/index.php?rest_route=%2Fwp%2Fv2%2Fproduct_cat&post=83722"},{"taxonomy":"product_tag","embeddable":true,"href":"https:\/\/www.autonvaraosahaku.fi\/index.php?rest_route=%2Fwp%2Fv2%2Fproduct_tag&post=83722"}],"curies":[{"name":"wp","href":"https:\/\/api.w.org\/{rel}","templated":true}]}}