{"id":83732,"date":"2021-02-21T20:31:09","date_gmt":"2021-02-21T20:31:09","guid":{"rendered":"https:\/\/www.autonvaraosahaku.fi\/?product=japanparts-faa-ns7-raitisilmasuodatin"},"modified":"2021-02-21T20:31:10","modified_gmt":"2021-02-21T20:31:10","slug":"japanparts-faa-ns7-raitisilmasuodatin","status":"publish","type":"product","link":"https:\/\/www.autonvaraosahaku.fi\/?product=japanparts-faa-ns7-raitisilmasuodatin","title":{"rendered":"JAPANPARTS FAA-NS7 Raitisilmasuodatin"},"content":{"rendered":"<p>Pituus (mm): 268,5; Leveys (mm): 106; Korkeus (mm): 24; Korkeus 1 (mm): 12; Tarvittava kappalem\u00e4\u00e4r\u00e4: 2; NISSAN: PATROL GR II Wagon Y61; 999M1VP003, 2727476B25, 272747J125, 272747J160, 272751L025, 272751W725, 272752W625, 2727531U01, 2727531U25, 999M1VP003, B727C79925, B727C89925; Sis\u00e4ilmansuodatin,Suodatin, Sis\u00e4ilma<\/p>\n","protected":false},"excerpt":{"rendered":"<p>JAPANPARTS Raitisilmasuodatin FAA-NS7 Sis\u00e4ilmansuodatin,Suodatin, Sis\u00e4ilma NISSAN,PATROL GR II Wagon Y61<\/p>\n","protected":false},"featured_media":0,"template":"","meta":{"site-sidebar-layout":"default","site-content-layout":"default","ast-global-header-display":"","ast-main-header-display":"","ast-hfb-above-header-display":"","ast-hfb-below-header-display":"","ast-hfb-mobile-header-display":"","site-post-title":"","ast-breadcrumbs-content":"","ast-featured-img":"","footer-sml-layout":"","theme-transparent-header-meta":"","adv-header-id-meta":"","stick-header-meta":"","header-above-stick-meta":"","header-main-stick-meta":"","header-below-stick-meta":""},"pwb-brand":[334],"product_cat":[19],"product_tag":[],"class_list":{"0":"post-83732","1":"product","2":"type-product","3":"status-publish","5":"pwb-brand-japanparts","6":"product_cat-raitisilmasuodatin","7":"desktop-align-left","8":"tablet-align-left","9":"mobile-align-left","11":"first","12":"instock","13":"product-type-external"},"brands":[{"id":334,"name":"JAPANPARTS","slug":"japanparts"}],"_links":{"self":[{"href":"https:\/\/www.autonvaraosahaku.fi\/index.php?rest_route=\/wp\/v2\/product\/83732","targetHints":{"allow":["GET"]}}],"collection":[{"href":"https:\/\/www.autonvaraosahaku.fi\/index.php?rest_route=\/wp\/v2\/product"}],"about":[{"href":"https:\/\/www.autonvaraosahaku.fi\/index.php?rest_route=\/wp\/v2\/types\/product"}],"wp:attachment":[{"href":"https:\/\/www.autonvaraosahaku.fi\/index.php?rest_route=%2Fwp%2Fv2%2Fmedia&parent=83732"}],"wp:term":[{"taxonomy":"pwb-brand","embeddable":true,"href":"https:\/\/www.autonvaraosahaku.fi\/index.php?rest_route=%2Fwp%2Fv2%2Fpwb-brand&post=83732"},{"taxonomy":"product_cat","embeddable":true,"href":"https:\/\/www.autonvaraosahaku.fi\/index.php?rest_route=%2Fwp%2Fv2%2Fproduct_cat&post=83732"},{"taxonomy":"product_tag","embeddable":true,"href":"https:\/\/www.autonvaraosahaku.fi\/index.php?rest_route=%2Fwp%2Fv2%2Fproduct_tag&post=83732"}],"curies":[{"name":"wp","href":"https:\/\/api.w.org\/{rel}","templated":true}]}}