{"id":83743,"date":"2021-02-21T20:31:09","date_gmt":"2021-02-21T20:31:09","guid":{"rendered":"https:\/\/www.autonvaraosahaku.fi\/?product=febi-bilstein-05201-raidetangon-paa"},"modified":"2021-02-21T20:31:14","modified_gmt":"2021-02-21T20:31:14","slug":"febi-bilstein-05201-raidetangon-paa","status":"publish","type":"product","link":"https:\/\/www.autonvaraosahaku.fi\/?product=febi-bilstein-05201-raidetangon-paa","title":{"rendered":"FEBI BILSTEIN 05201 Raidetangon p\u00e4\u00e4"},"content":{"rendered":"<p>Parilliset tuotenumerot: 05200; Sis\u00e4kierre (mm): M16 x 2; Kierremalli: Oikealla kierteell\u00e4; Asennuspuoli: Etuakseli, vasen; Paino [kg]: 0,420, 0,420; Alustanumeroon: 22029908; SAAB: 9-3 YS3D,9-3 Cabriolet YS3D,900 II Cabriolet,900 II,900 II Coupe; OPEL: ASTRA G Caravan F35_,ASTRA F CC 53_, 54_, 58_, 59_,ASTRA F Caravan 51_, 52_,ASTRA G Stufenheck F69_,CALIBRA A 85_,VECTRA A 86_, 87_,ASTRA F Cabriolet 53_B,ASTRA F 56_, 57_,VECTRA A CC 88_, 89_,ASTRA F CLASSIC CC,ASTRA F CLASSIC Stufenheck,ASTRA F CLASSIC Caravan,ASTRA F Van 55_; VAUXHALL: CALIBRA,ASTRA Mk III F CC,CAVALIER Mk III 87,ASTRA Mk III F Estate,CAVALIER Mk III CC,ASTRAVAN Mk III F; 00324053, 00324055, 0324053, 0324055, 324053, 324055, 4242749, 090304621, 090350447, 090369704, 90304621, 90350447, 90369704<\/p>\n","protected":false},"excerpt":{"rendered":"<p>FEBI BILSTEIN Raidetangon P\u00e4\u00e4 05201  SAAB,OPEL,VAUXHALL,9-3 YS3D,9-3 Cabriolet YS3D,900 II Cabriolet,900 II,900 II Coupe,ASTRA G Caravan F35_<\/p>\n","protected":false},"featured_media":0,"template":"","meta":{"site-sidebar-layout":"default","site-content-layout":"default","ast-global-header-display":"","ast-main-header-display":"","ast-hfb-above-header-display":"","ast-hfb-below-header-display":"","ast-hfb-mobile-header-display":"","site-post-title":"","ast-breadcrumbs-content":"","ast-featured-img":"","footer-sml-layout":"","theme-transparent-header-meta":"","adv-header-id-meta":"","stick-header-meta":"","header-above-stick-meta":"","header-main-stick-meta":"","header-below-stick-meta":""},"pwb-brand":[50],"product_cat":[96],"product_tag":[],"class_list":{"0":"post-83743","1":"product","2":"type-product","3":"status-publish","5":"pwb-brand-febi-bilstein","6":"product_cat-raidetangon-paa","7":"desktop-align-left","8":"tablet-align-left","9":"mobile-align-left","11":"first","12":"instock","13":"product-type-external"},"brands":[{"id":50,"name":"FEBI BILSTEIN","slug":"febi-bilstein"}],"_links":{"self":[{"href":"https:\/\/www.autonvaraosahaku.fi\/index.php?rest_route=\/wp\/v2\/product\/83743","targetHints":{"allow":["GET"]}}],"collection":[{"href":"https:\/\/www.autonvaraosahaku.fi\/index.php?rest_route=\/wp\/v2\/product"}],"about":[{"href":"https:\/\/www.autonvaraosahaku.fi\/index.php?rest_route=\/wp\/v2\/types\/product"}],"wp:attachment":[{"href":"https:\/\/www.autonvaraosahaku.fi\/index.php?rest_route=%2Fwp%2Fv2%2Fmedia&parent=83743"}],"wp:term":[{"taxonomy":"pwb-brand","embeddable":true,"href":"https:\/\/www.autonvaraosahaku.fi\/index.php?rest_route=%2Fwp%2Fv2%2Fpwb-brand&post=83743"},{"taxonomy":"product_cat","embeddable":true,"href":"https:\/\/www.autonvaraosahaku.fi\/index.php?rest_route=%2Fwp%2Fv2%2Fproduct_cat&post=83743"},{"taxonomy":"product_tag","embeddable":true,"href":"https:\/\/www.autonvaraosahaku.fi\/index.php?rest_route=%2Fwp%2Fv2%2Fproduct_tag&post=83743"}],"curies":[{"name":"wp","href":"https:\/\/api.w.org\/{rel}","templated":true}]}}