{"id":8380,"date":"2021-02-21T14:02:54","date_gmt":"2021-02-21T14:02:54","guid":{"rendered":"https:\/\/www.autonvaraosahaku.fi\/?product=meyle-025-242-8316-w-jarrupalat"},"modified":"2021-02-21T14:02:54","modified_gmt":"2021-02-21T14:02:54","slug":"meyle-025-242-8316-w-jarrupalat","status":"publish","type":"product","link":"https:\/\/www.autonvaraosahaku.fi\/?product=meyle-025-242-8316-w-jarrupalat","title":{"rendered":"MEYLE 025 242 8316\/W Jarrupalat"},"content":{"rendered":"<p>Asennuspuoli: Etuakseli; Leveys (mm): 125,6; Korkeus (mm): 51,7; Paksuus [mm]: 16,5; Kulumisvaroittimia [pro Achse]: 2; Kulumisenilmaisimen liitos: akustisella kulumavaroittimella; Jarruj\u00e4rjestelm\u00e4: TRW; Korvaava tuote\/korvaava tiedote 2: Huudonvaimennuspellill\u00e4; M\u00e4\u00e4r\u00e4yksikk\u00f6: Akselisarja; lis\u00e4tieto: ORIGINAL Quality; Valmistusvuoteen: 03\/2012; MAZDA: 2 DE; DAIHATSU: SIRION M3_,MATERIA M4_; SUZUKI: SWIFT IV FZ, NZ,SWIFT V AZ,BALENO FW, EW; SUBARU: JUSTY IV; FORD: FIESTA VI,FIESTA Stufenheck JA8 JR8,FIESTA VI Van; 04465B1120, 04465B1120000, 04465B1190, 04465B1190000, 04465B1191, 04465B1320, 04465B1320000, 1550219, 1676630, 1719275, 1749322, 1788734, 1848518, 1855307, 8V512K021AA, 8V512K021AB, 8V512K021BA, 8V512K021BB, 8V512K021CA, ME8V5J2K021AA, ME8V5J2K021AB, DFY13328Z, DFY13328ZA, DFY13328ZA9C, 04465B1320, 5581052R50, 5581068L00, 5581068L50, 5581068R10, 5581071L00, 5581071L51, 55810M69P50; Jarrupalasarja,Jarrupala, Levyjarru<\/p>\n","protected":false},"excerpt":{"rendered":"<p>MEYLE Jarrupalat 025 242 8316\/W Jarrupalasarja,Jarrupala, Levyjarru MAZDA,DAIHATSU,SUZUKI,2 DE,SIRION M3_,MATERIA M4_,SWIFT IV FZ, NZ,SWIFT V AZ<\/p>\n","protected":false},"featured_media":0,"template":"","meta":{"site-sidebar-layout":"default","site-content-layout":"default","ast-global-header-display":"","ast-main-header-display":"","ast-hfb-above-header-display":"","ast-hfb-below-header-display":"","ast-hfb-mobile-header-display":"","site-post-title":"","ast-breadcrumbs-content":"","ast-featured-img":"","footer-sml-layout":"","theme-transparent-header-meta":"","adv-header-id-meta":"","stick-header-meta":"","header-above-stick-meta":"","header-main-stick-meta":"","header-below-stick-meta":""},"pwb-brand":[84],"product_cat":[100],"product_tag":[],"class_list":{"0":"post-8380","1":"product","2":"type-product","3":"status-publish","5":"pwb-brand-meyle","6":"product_cat-jarrupalat","7":"desktop-align-left","8":"tablet-align-left","9":"mobile-align-left","11":"first","12":"instock","13":"product-type-external"},"brands":[{"id":84,"name":"MEYLE","slug":"meyle"}],"_links":{"self":[{"href":"https:\/\/www.autonvaraosahaku.fi\/index.php?rest_route=\/wp\/v2\/product\/8380","targetHints":{"allow":["GET"]}}],"collection":[{"href":"https:\/\/www.autonvaraosahaku.fi\/index.php?rest_route=\/wp\/v2\/product"}],"about":[{"href":"https:\/\/www.autonvaraosahaku.fi\/index.php?rest_route=\/wp\/v2\/types\/product"}],"wp:attachment":[{"href":"https:\/\/www.autonvaraosahaku.fi\/index.php?rest_route=%2Fwp%2Fv2%2Fmedia&parent=8380"}],"wp:term":[{"taxonomy":"pwb-brand","embeddable":true,"href":"https:\/\/www.autonvaraosahaku.fi\/index.php?rest_route=%2Fwp%2Fv2%2Fpwb-brand&post=8380"},{"taxonomy":"product_cat","embeddable":true,"href":"https:\/\/www.autonvaraosahaku.fi\/index.php?rest_route=%2Fwp%2Fv2%2Fproduct_cat&post=8380"},{"taxonomy":"product_tag","embeddable":true,"href":"https:\/\/www.autonvaraosahaku.fi\/index.php?rest_route=%2Fwp%2Fv2%2Fproduct_tag&post=8380"}],"curies":[{"name":"wp","href":"https:\/\/api.w.org\/{rel}","templated":true}]}}