{"id":83806,"date":"2021-02-21T20:31:32","date_gmt":"2021-02-21T20:31:32","guid":{"rendered":"https:\/\/www.autonvaraosahaku.fi\/?product=autofren-seinsa-d025128-jarrusatula-korjaussarja"},"modified":"2021-02-21T20:31:38","modified_gmt":"2021-02-21T20:31:38","slug":"autofren-seinsa-d025128-jarrusatula-korjaussarja","status":"publish","type":"product","link":"https:\/\/www.autonvaraosahaku.fi\/?product=autofren-seinsa-d025128-jarrusatula-korjaussarja","title":{"rendered":"AUTOFREN SEINSA D025128 Jarrusatula korjaussarja"},"content":{"rendered":"<p>L\u00e4pimitta [mm]: 43; Korkeus (mm): 48; Materiaali: Ter\u00e4s; Jarruj\u00e4rjestelm\u00e4: AKEBONO; Asennuspuoli: Hinterachse; FORD: MAVERICK UDS, UNS; TOYOTA: LAND CRUISER KDJ12_, GRJ12_,LAND CRUISER 90 _J9_,LAND CRUISER 80 _J8_,LAND CRUISER 150 KDJ15_, GRJ15_; NISSAN: PATROL GR II Wagon Y61,100 NX B13,TERRANO I WD21,SUNNY II Coupe B12,SUNNY III N14,PULSAR V Schr\u00e4gheck N14,SUNNY III Liftback N14,SUNNY II Hatchback N13,SUNNY II N13,SUNNY Kasten Y10,SUNNY II Traveller B12,CHERRY III N12,SENTRA B15,PATHFINDER; MAZDA: B-SERIE UN,XEDOS 9 TA,B-SERIE UF; MITSUBISHI: GALANT VI EA_,PAJERO IV V8_W, V9_W,L 200 K7_T, K6_T,PAJERO II V3_W, V2_W, V4_W,PAJERO SPORT K90,PAJERO CLASSIC V2_W,L 400 \/ SPACE GEAR Bus PD_W, PC_W, PA_V, PB_V,SPACE WAGON N3_W, N4_W,GALANT V Stufenheck E5_A, E7_A, E8_A,GALANT V E5_A, E7_A, E8_A,PAJERO II Canvas Top V2_W, V4_W,L 400 Kasten PD_W, PC_W, PB_V, PA_W, PA_V; SUZUKI: SWIFT II Schr\u00e4gheck EA, MA,VITARA ET, TA,VITARA Cabrio ET, TA,X-90 EL,SWIFT I AA,SWIFT Cabriolet SF413; SUBARU: FORESTER SF,IMPREZA Stufenheck GD,IMPREZA Station Wagon GG,LEGACY III Station Wagon BE, BH,IMPREZA Stufenheck GC,LEGACY II Station Wagon BD, BG,OUTBACK BE, BH,JUSTY I KAD,LEGACY III BE, BH,LEGACY I Station Wagon BC, BJF,LEGACY II BD, BG,IMPREZA Coupe GFC,LEGACY I BC,LEGACY OUTBACK BG; 4412632G00; M\u00e4nt\u00e4, Jarrusatula<\/p>\n","protected":false},"excerpt":{"rendered":"<p>AUTOFREN SEINSA Jarrusatulan M\u00e4nt\u00e4 D025128 M\u00e4nt\u00e4, Jarrusatula FORD,TOYOTA,NISSAN,MAVERICK UDS, UNS,LAND CRUISER KDJ12_, GRJ12_,LAND CRUISER 90 _J9_<\/p>\n","protected":false},"featured_media":0,"template":"","meta":{"site-sidebar-layout":"default","site-content-layout":"default","ast-global-header-display":"","ast-main-header-display":"","ast-hfb-above-header-display":"","ast-hfb-below-header-display":"","ast-hfb-mobile-header-display":"","site-post-title":"","ast-breadcrumbs-content":"","ast-featured-img":"","footer-sml-layout":"","theme-transparent-header-meta":"","adv-header-id-meta":"","stick-header-meta":"","header-above-stick-meta":"","header-main-stick-meta":"","header-below-stick-meta":""},"pwb-brand":[243],"product_cat":[57],"product_tag":[],"class_list":{"0":"post-83806","1":"product","2":"type-product","3":"status-publish","5":"pwb-brand-autofren-seinsa","6":"product_cat-jarrusatula-korjaussarja","7":"desktop-align-left","8":"tablet-align-left","9":"mobile-align-left","11":"first","12":"instock","13":"product-type-external"},"brands":[{"id":243,"name":"AUTOFREN SEINSA","slug":"autofren-seinsa"}],"_links":{"self":[{"href":"https:\/\/www.autonvaraosahaku.fi\/index.php?rest_route=\/wp\/v2\/product\/83806","targetHints":{"allow":["GET"]}}],"collection":[{"href":"https:\/\/www.autonvaraosahaku.fi\/index.php?rest_route=\/wp\/v2\/product"}],"about":[{"href":"https:\/\/www.autonvaraosahaku.fi\/index.php?rest_route=\/wp\/v2\/types\/product"}],"wp:attachment":[{"href":"https:\/\/www.autonvaraosahaku.fi\/index.php?rest_route=%2Fwp%2Fv2%2Fmedia&parent=83806"}],"wp:term":[{"taxonomy":"pwb-brand","embeddable":true,"href":"https:\/\/www.autonvaraosahaku.fi\/index.php?rest_route=%2Fwp%2Fv2%2Fpwb-brand&post=83806"},{"taxonomy":"product_cat","embeddable":true,"href":"https:\/\/www.autonvaraosahaku.fi\/index.php?rest_route=%2Fwp%2Fv2%2Fproduct_cat&post=83806"},{"taxonomy":"product_tag","embeddable":true,"href":"https:\/\/www.autonvaraosahaku.fi\/index.php?rest_route=%2Fwp%2Fv2%2Fproduct_tag&post=83806"}],"curies":[{"name":"wp","href":"https:\/\/api.w.org\/{rel}","templated":true}]}}