{"id":83808,"date":"2021-02-21T20:31:32","date_gmt":"2021-02-21T20:31:32","guid":{"rendered":"https:\/\/www.autonvaraosahaku.fi\/?product=mahle-original-lx-1775-ilmansuodatin"},"modified":"2021-02-21T20:31:39","modified_gmt":"2021-02-21T20:31:39","slug":"mahle-original-lx-1775-ilmansuodatin","status":"publish","type":"product","link":"https:\/\/www.autonvaraosahaku.fi\/?product=mahle-original-lx-1775-ilmansuodatin","title":{"rendered":"MAHLE ORIGINAL LX 1775 Ilmansuodatin"},"content":{"rendered":"<p>Suodatintyyppi: Suodatinpanos; Korkeus (mm): 420,8; Ulkol\u00e4pimitta [mm]: 207,6; Sis\u00e4l\u00e4pimitta 1 [mm]: 105,9; Sis\u00e4l\u00e4pimitta [mm]: 106,29; L\u00e4pimitta 4 [mm]: 162,0; NEW HOLLAND: TM,TS-A; FENDT: Farmer,Favorit; 1144786, 89002350, 0000008041322, 8041322, 82028977, 82034620, 82034621, 82034630, 820346301, 11110215<\/p>\n","protected":false},"excerpt":{"rendered":"<p>MAHLE ORIGINAL Ilmansuodatin LX 1775  NEW HOLLAND,FENDT,TM,TS-A,Farmer,Favorit<\/p>\n","protected":false},"featured_media":0,"template":"","meta":{"site-sidebar-layout":"default","site-content-layout":"default","ast-global-header-display":"","ast-main-header-display":"","ast-hfb-above-header-display":"","ast-hfb-below-header-display":"","ast-hfb-mobile-header-display":"","site-post-title":"","ast-breadcrumbs-content":"","ast-featured-img":"","footer-sml-layout":"","theme-transparent-header-meta":"","adv-header-id-meta":"","stick-header-meta":"","header-above-stick-meta":"","header-main-stick-meta":"","header-below-stick-meta":""},"pwb-brand":[153],"product_cat":[31],"product_tag":[],"class_list":{"0":"post-83808","1":"product","2":"type-product","3":"status-publish","5":"pwb-brand-mahle-original","6":"product_cat-ilmansuodatin","7":"desktop-align-left","8":"tablet-align-left","9":"mobile-align-left","11":"first","12":"instock","13":"product-type-external"},"brands":[{"id":153,"name":"MAHLE ORIGINAL","slug":"mahle-original"}],"_links":{"self":[{"href":"https:\/\/www.autonvaraosahaku.fi\/index.php?rest_route=\/wp\/v2\/product\/83808","targetHints":{"allow":["GET"]}}],"collection":[{"href":"https:\/\/www.autonvaraosahaku.fi\/index.php?rest_route=\/wp\/v2\/product"}],"about":[{"href":"https:\/\/www.autonvaraosahaku.fi\/index.php?rest_route=\/wp\/v2\/types\/product"}],"wp:attachment":[{"href":"https:\/\/www.autonvaraosahaku.fi\/index.php?rest_route=%2Fwp%2Fv2%2Fmedia&parent=83808"}],"wp:term":[{"taxonomy":"pwb-brand","embeddable":true,"href":"https:\/\/www.autonvaraosahaku.fi\/index.php?rest_route=%2Fwp%2Fv2%2Fpwb-brand&post=83808"},{"taxonomy":"product_cat","embeddable":true,"href":"https:\/\/www.autonvaraosahaku.fi\/index.php?rest_route=%2Fwp%2Fv2%2Fproduct_cat&post=83808"},{"taxonomy":"product_tag","embeddable":true,"href":"https:\/\/www.autonvaraosahaku.fi\/index.php?rest_route=%2Fwp%2Fv2%2Fproduct_tag&post=83808"}],"curies":[{"name":"wp","href":"https:\/\/api.w.org\/{rel}","templated":true}]}}