{"id":83812,"date":"2021-02-21T20:31:40","date_gmt":"2021-02-21T20:31:40","guid":{"rendered":"https:\/\/www.autonvaraosahaku.fi\/?product=hella-8ea-011-610-181-starttimoottori"},"modified":"2021-02-21T20:31:41","modified_gmt":"2021-02-21T20:31:41","slug":"hella-8ea-011-610-181-starttimoottori","status":"publish","type":"product","link":"https:\/\/www.autonvaraosahaku.fi\/?product=hella-8ea-011-610-181-starttimoottori","title":{"rendered":"HELLA 8EA 011 610-181 Starttimoottori"},"content":{"rendered":"<p>Pantiton uusi osa: ; J\u00e4nnite (V): 12; K\u00e4ynnistinmoottori teho (kW): 1,4; Hammasluku: 11; Hammaspy\u00f6r\u00e4n perusasento [mm]: 14; Py\u00f6rimissuunta: Py\u00f6rimissuunta my\u00f6t\u00e4p\u00e4iv\u00e4\u00e4n; Laippa \u00d8(mm): 66, 66; Kiinnitysreikien lukum\u00e4\u00e4r\u00e4: 4; Rungonpalautus vapaaehtoinen: ; Moottorinumero: 9HR (DV6C); FIAT: SCUDO 270_,SCUDO Kasten 270_,SCUDO Pritsche\/Fahrgestell 270_; PEUGEOT: 206 Schr\u00e4gheck 2A\/C,206 CC 2D,207 WA_, WC_,307 SW 3H,407 SW 6E_,307 3A\/C,207 SW WK_,107,308 SW,206 SW 2E\/K,308 4A_, 4C_,307 Break 3E,407 6D_,PARTNER Tepee,1007 KM_,PARTNER Combispace 5F,PARTNER Kasten 5,EXPERT Tepee VF3V_,EXPERT Kasten VF3A_, VF3U_, VF3X_,PARTNER Kasten,206 Stufenheck,BIPPER AA_,BIPPER Tepee,207 Van,EXPERT Pritsche\/Fahrgestell; TOYOTA: AYGO WNB1_, KGB1_; CITRO\u00cbN: C1 PM_, PN_,BERLINGO MF,XSARA PICASSO N68,C2 JM_,C3 I FC_,C4 I LC_,C5 II Break RE_,C3 Picasso,C3 II,XSARA N1,C4 Coupe LA_,C3 Pluriel HB_,C4 II B7,C5 II RC_,XSARA Break N2,JUMPY,JUMPY Kasten,XSARA Coupe N0,NEMO Kasten AA_,C4 Stufenheck L,NEMO Kombi,C2 ENTERPRISE; 5802AZ, 5802Y4, 5802Y5, 5802Y6, 9637813680, 9640825280, 9646679980, 9664016980, 9688268480, 9637813680, 9637813680, M0T22472, 5802AZ, 5802Y4, 5802Y5, 5802Y6, 9637813680, 9640825280, 9646679980, 9664016980, 9688268480, 28100YV010; Startti,K\u00e4ynnistinmoottori<\/p>\n","protected":false},"excerpt":{"rendered":"<p>HELLA Starttimoottori 8EA 011 610-181 Startti,K\u00e4ynnistinmoottori FIAT,PEUGEOT,TOYOTA,SCUDO 270_,SCUDO Kasten 270_,SCUDO Pritsche\/Fahrgestell 270_<\/p>\n","protected":false},"featured_media":0,"template":"","meta":{"site-sidebar-layout":"default","site-content-layout":"default","ast-global-header-display":"","ast-main-header-display":"","ast-hfb-above-header-display":"","ast-hfb-below-header-display":"","ast-hfb-mobile-header-display":"","site-post-title":"","ast-breadcrumbs-content":"","ast-featured-img":"","footer-sml-layout":"","theme-transparent-header-meta":"","adv-header-id-meta":"","stick-header-meta":"","header-above-stick-meta":"","header-main-stick-meta":"","header-below-stick-meta":""},"pwb-brand":[24],"product_cat":[295],"product_tag":[],"class_list":{"0":"post-83812","1":"product","2":"type-product","3":"status-publish","5":"pwb-brand-hella","6":"product_cat-starttimoottori","7":"desktop-align-left","8":"tablet-align-left","9":"mobile-align-left","11":"first","12":"instock","13":"product-type-external"},"brands":[{"id":24,"name":"HELLA","slug":"hella"}],"_links":{"self":[{"href":"https:\/\/www.autonvaraosahaku.fi\/index.php?rest_route=\/wp\/v2\/product\/83812","targetHints":{"allow":["GET"]}}],"collection":[{"href":"https:\/\/www.autonvaraosahaku.fi\/index.php?rest_route=\/wp\/v2\/product"}],"about":[{"href":"https:\/\/www.autonvaraosahaku.fi\/index.php?rest_route=\/wp\/v2\/types\/product"}],"wp:attachment":[{"href":"https:\/\/www.autonvaraosahaku.fi\/index.php?rest_route=%2Fwp%2Fv2%2Fmedia&parent=83812"}],"wp:term":[{"taxonomy":"pwb-brand","embeddable":true,"href":"https:\/\/www.autonvaraosahaku.fi\/index.php?rest_route=%2Fwp%2Fv2%2Fpwb-brand&post=83812"},{"taxonomy":"product_cat","embeddable":true,"href":"https:\/\/www.autonvaraosahaku.fi\/index.php?rest_route=%2Fwp%2Fv2%2Fproduct_cat&post=83812"},{"taxonomy":"product_tag","embeddable":true,"href":"https:\/\/www.autonvaraosahaku.fi\/index.php?rest_route=%2Fwp%2Fv2%2Fproduct_tag&post=83812"}],"curies":[{"name":"wp","href":"https:\/\/api.w.org\/{rel}","templated":true}]}}